{"id":4110,"date":"2025-03-14T16:55:37","date_gmt":"2025-03-14T15:55:37","guid":{"rendered":"https:\/\/ofertacular.com\/index.php\/producto\/power-bank-2\/"},"modified":"2025-03-14T16:55:37","modified_gmt":"2025-03-14T15:55:37","slug":"power-bank-2","status":"publish","type":"product","link":"https:\/\/ofertacular.com\/index.php\/producto\/power-bank-2\/","title":{"rendered":"Power Bank"},"content":{"rendered":"<div class=\"oferta-container\">\n<p>\ud83d\udfe5 <b>\u00a1NO TE LA PIERDAS!<\/b> \ud83d\udfe5 #Publicidad #Amazon #Inal\u00e1mbrico<\/p>\n<p>\ud83d\udd34 <b>Power Bank <\/b><\/p>\n<p>\u2705 <b>AHORA 8.99 \u20ac<\/b> \u2714\ufe0f\ud83d\udfe1<\/p>\n<p>\u274c Antes 16.99 \u20ac<\/p>\n<p>\ud83d\uded2: <a href=\"https:\/\/btz.es\/4F1bfHb\" target=\"_blank\" rel=\"nofollow noopener\">https:\/\/btz.es\/4F1bfHb<\/a><\/p>\n<p>&#8211; \u3010Confianza de MOXNICE\u3011: MOXNICE es un fabricante profesional de bater\u00edas externas con 12 a\u00f1os de experiencia. Ofrecemos Powerbanks de mejor calidad a precios inmejorables. Nuestros productos est\u00e1n fabricados con materiales de alta calidad y ofrecemos una garant\u00eda l\u00edder en el mercado de 2 a\u00f1os para una mayor confianza en nuestra fiabilidad. Elige MOXNICE para todas tus necesidades energ\u00e9ticas<br \/>\n&#8211; \u3010Bater\u00eda Externa Ultradelgada de 10000 mAh\u3011: el banco de energ\u00eda de 10000 mAh m\u00e1s delgado del mercado con solo 0,5 pulgadas\/14 mm de grosor cabe f\u00e1cilmente en cualquier bolsillo o bolsa para cargar sobre la marcha. Carga tu iPhone 15 1,8 veces, tu Samsung S24 1,5 veces o tus AirPods Pro 13,2 veces \u2013 Energ\u00eda por un d\u00eda en un paquete delgado.<br \/>\n&#8211; \u3010Compatible con USB-C IN&amp;OUT\u3011: MOXNICE es uno de los 10% Powerbanks con puerto USB-C IN&amp;OUT, por lo que puedes cargar el banco de energ\u00eda y alimentar dispositivos directamente a trav\u00e9s del puerto USB-C.<br \/>\n&#8211; \u30103 Salidas y 2 Entradas\u3011: equipado con 2 salidas USB-A y 1 salida USB-C 5 V-3 A m\u00e1x. este banco de energ\u00eda puede cargar tres dispositivos al mismo tiempo. Cuenta con entradas USB-C y micro USB y se carga completamente en solo 5 horas, por lo que siempre estar\u00e1 listo para usar.<br \/>\n&#8211; \u3010Garant\u00eda de Seguridad Integral\u3011: el sistema de seguridad multicapa de MOXNICE proporciona una excelente protecci\u00f3n con funciones como protecci\u00f3n contra sobrecarga, protecci\u00f3n contra cortocircuitos, control de temperatura y m\u00e1s. Disfruta de la seguridad de que tus dispositivos estar\u00e1n siempre seguros mientras se carga.<br \/>\n&#8211; \u3010Lo que Obtienes\u3011: 1 bater\u00eda externa port\u00e1til MOXNICE de 10000 mAh, 1 cable USB-A-C, 1 manual de usuario idioma espa\u00f1ol no garantizado, garant\u00eda de devoluci\u00f3n de dinero de 30 d\u00edas, garant\u00eda de 2 a\u00f1os l\u00edder en el mercado y servicio al cliente amigable de por vida.<\/p>\n<\/p><\/div>\n","protected":false},"excerpt":{"rendered":"<p>\ud83d\udfe5 \u00a1NO TE LA PIERDAS! \ud83d\udfe5 #Publicidad #Amazon #Inal\u00e1mbrico \ud83d\udd34 Power Bank \u2705 AHORA 8.99 \u20ac \u2714\ufe0f\ud83d\udfe1 \u274c Antes 16.99 \u20ac \ud83d\uded2: https:\/\/btz.es\/4F1bfHb &#8211; \u3010Confianza de MOXNICE\u3011: MOXNICE es un fabricante profesional de bater\u00edas externas con 12 a\u00f1os de experiencia. Ofrecemos Powerbanks de mejor calidad a precios inmejorables. Nuestros productos est\u00e1n fabricados con materiales de [&hellip;]<\/p>\n","protected":false},"featured_media":4109,"template":"","meta":{"_gspb_post_css":""},"store":[],"product_brand":[],"product_cat":[16],"product_tag":[],"class_list":{"0":"post-4110","1":"product","2":"type-product","3":"status-publish","4":"has-post-thumbnail","6":"product_cat-sin-categorizar","8":"first","9":"instock","10":"sale","11":"shipping-taxable","12":"product-type-external"},"jetpack_sharing_enabled":true,"_links":{"self":[{"href":"https:\/\/ofertacular.com\/index.php\/wp-json\/wp\/v2\/product\/4110","targetHints":{"allow":["GET"]}}],"collection":[{"href":"https:\/\/ofertacular.com\/index.php\/wp-json\/wp\/v2\/product"}],"about":[{"href":"https:\/\/ofertacular.com\/index.php\/wp-json\/wp\/v2\/types\/product"}],"wp:featuredmedia":[{"embeddable":true,"href":"https:\/\/ofertacular.com\/index.php\/wp-json\/wp\/v2\/media\/4109"}],"wp:attachment":[{"href":"https:\/\/ofertacular.com\/index.php\/wp-json\/wp\/v2\/media?parent=4110"}],"wp:term":[{"taxonomy":"store","embeddable":true,"href":"https:\/\/ofertacular.com\/index.php\/wp-json\/wp\/v2\/store?post=4110"},{"taxonomy":"product_brand","embeddable":true,"href":"https:\/\/ofertacular.com\/index.php\/wp-json\/wp\/v2\/product_brand?post=4110"},{"taxonomy":"product_cat","embeddable":true,"href":"https:\/\/ofertacular.com\/index.php\/wp-json\/wp\/v2\/product_cat?post=4110"},{"taxonomy":"product_tag","embeddable":true,"href":"https:\/\/ofertacular.com\/index.php\/wp-json\/wp\/v2\/product_tag?post=4110"}],"curies":[{"name":"wp","href":"https:\/\/api.w.org\/{rel}","templated":true}]}}