{"id":4126,"date":"2025-03-17T12:20:57","date_gmt":"2025-03-17T11:20:57","guid":{"rendered":"https:\/\/ofertacular.com\/index.php\/producto\/estrella-galicia\/"},"modified":"2025-03-17T12:20:57","modified_gmt":"2025-03-17T11:20:57","slug":"estrella-galicia","status":"publish","type":"product","link":"https:\/\/ofertacular.com\/index.php\/producto\/estrella-galicia\/","title":{"rendered":"Estrella Galicia"},"content":{"rendered":"<div class=\"oferta-container\">\n<p>\ud83d\udfe5 <b>\u00a1S\u00d3LO HOY!<\/b> \ud83d\udfe5 #Publicidad #Amazon #Vino<\/p>\n<p>\ud83d\udd34 <b>Cerveza <\/b><\/p>\n<p>\u2705 <b>AHORA 17.2 \u20ac<\/b> \u2714\ufe0f\ud83d\udfe1<\/p>\n<p>\u274c Antes 23.96 \u20ac<\/p>\n<p>\ud83d\uded2: <a href=\"https:\/\/btz.es\/4FH16pb\" target=\"_blank\" rel=\"nofollow noopener\">https:\/\/btz.es\/4FH16pb<\/a><\/p>\n<p>&#8211; Pack de cervezas lager con un sabor dulce y amargo por igual. Maltosa, ligeramente lupulada y floral, con sutiles notas frescas y un agradable postgusto dulce. Se recomienda su consumo entre 4 y 5\u00ba<br \/>\n&#8211; De color dorado claro muy transparente y un aroma balanceado por el aporte de las maltas y de los l\u00fapulos. Dominan estos \u00faltimos, aportando matices frescos, florales, y sutiles notas herbales y afrutadas<br \/>\n&#8211; Elaborada con agua de la ciudad de A Coru\u00f1a, MALTAS Pilsen y tostada de CEBADA, L\u00daPULO Sladek y LEVADURA seleccionada. Alc 4.7% vol<br \/>\n&#8211; Es una cerveza lager premium de sabor dulce y amargo, que marida bien con quesos grasos, pescados, especias y frutas desecadas<br \/>\n&#8211; Forma parte de Estrella Galicia, que ha recibido premios internacionales como el World Beer Award, el International Beer Challenge y el Brussels Beer Challenge, que reconocen la calidad y sabor de las cervezas, adem\u00e1s de la dedicaci\u00f3n a la innovaci\u00f3n y excelencia en la elaboraci\u00f3n<\/p>\n<\/p><\/div>\n","protected":false},"excerpt":{"rendered":"<p>\ud83d\udfe5 \u00a1S\u00d3LO HOY! \ud83d\udfe5 #Publicidad #Amazon #Vino \ud83d\udd34 Cerveza \u2705 AHORA 17.2 \u20ac \u2714\ufe0f\ud83d\udfe1 \u274c Antes 23.96 \u20ac \ud83d\uded2: https:\/\/btz.es\/4FH16pb &#8211; Pack de cervezas lager con un sabor dulce y amargo por igual. Maltosa, ligeramente lupulada y floral, con sutiles notas frescas y un agradable postgusto dulce. Se recomienda su consumo entre 4 y 5\u00ba [&hellip;]<\/p>\n","protected":false},"featured_media":4125,"template":"","meta":{"_gspb_post_css":""},"store":[],"product_brand":[],"product_cat":[16],"product_tag":[],"class_list":{"0":"post-4126","1":"product","2":"type-product","3":"status-publish","4":"has-post-thumbnail","6":"product_cat-sin-categorizar","8":"first","9":"instock","10":"sale","11":"shipping-taxable","12":"product-type-external"},"jetpack_sharing_enabled":true,"_links":{"self":[{"href":"https:\/\/ofertacular.com\/index.php\/wp-json\/wp\/v2\/product\/4126","targetHints":{"allow":["GET"]}}],"collection":[{"href":"https:\/\/ofertacular.com\/index.php\/wp-json\/wp\/v2\/product"}],"about":[{"href":"https:\/\/ofertacular.com\/index.php\/wp-json\/wp\/v2\/types\/product"}],"wp:featuredmedia":[{"embeddable":true,"href":"https:\/\/ofertacular.com\/index.php\/wp-json\/wp\/v2\/media\/4125"}],"wp:attachment":[{"href":"https:\/\/ofertacular.com\/index.php\/wp-json\/wp\/v2\/media?parent=4126"}],"wp:term":[{"taxonomy":"store","embeddable":true,"href":"https:\/\/ofertacular.com\/index.php\/wp-json\/wp\/v2\/store?post=4126"},{"taxonomy":"product_brand","embeddable":true,"href":"https:\/\/ofertacular.com\/index.php\/wp-json\/wp\/v2\/product_brand?post=4126"},{"taxonomy":"product_cat","embeddable":true,"href":"https:\/\/ofertacular.com\/index.php\/wp-json\/wp\/v2\/product_cat?post=4126"},{"taxonomy":"product_tag","embeddable":true,"href":"https:\/\/ofertacular.com\/index.php\/wp-json\/wp\/v2\/product_tag?post=4126"}],"curies":[{"name":"wp","href":"https:\/\/api.w.org\/{rel}","templated":true}]}}