{"id":4140,"date":"2025-03-18T11:12:38","date_gmt":"2025-03-18T10:12:38","guid":{"rendered":"https:\/\/ofertacular.com\/index.php\/producto\/oscal-smartphone\/"},"modified":"2025-03-18T11:12:38","modified_gmt":"2025-03-18T10:12:38","slug":"oscal-smartphone","status":"publish","type":"product","link":"https:\/\/ofertacular.com\/index.php\/producto\/oscal-smartphone\/","title":{"rendered":"OSCAL Smartphone"},"content":{"rendered":"<div class=\"oferta-container\">\n<p>\ud83d\udfe5 <b>AHORRA AQU\u00cd<\/b> \ud83d\udfe5 #Publicidad #Amazon #Electr\u00f3nica<\/p>\n<p>\ud83d\udd34 <b>Smartphone OSCAL <\/b><\/p>\n<p>\u2705 <b>AHORA 75.99 \u20ac<\/b> \u2714\ufe0f\ud83d\udfe1<\/p>\n<p>\u274c Antes 99.99 \u20ac<\/p>\n<p>\ud83d\uded2: <a href=\"https:\/\/btz.es\/4FNaQzq\" target=\"_blank\" rel=\"nofollow noopener\">https:\/\/btz.es\/4FNaQzq<\/a><\/p>\n<p>&#8211; [Doke OS 4.0 basado en Android 14]\u2699\ufe0f OSCAL Flat 2C telefonos moviles libres funciona con Doke OS 4.0, un sistema de desarrollo propio basado en Android 14, que es m\u00e1s personalizable que nunca, adem\u00e1s de mejorar dr\u00e1sticamente el rendimiento del sistema, reducir el consumo de energ\u00eda y proteger la privacidad de los compradores. Flat 2C ofrece una nueva experiencia a trav\u00e9s de una interfaz de usuario personalizable e interacciones m\u00e1s \u00e1giles<br \/>\n&#8211; [6,56 pulgadas HD+ Aspecto \u00fanico y carcasa ligera]\ud83d\udcf1 OSCAL Flat 2C cuenta con una enorme pantalla HD de 6,56 pulgadas con un 89% de ocupaci\u00f3n de pantalla para una experiencia envolvente, una resoluci\u00f3n de hasta 720*1612 y un brillo de hasta 450 nits para garantizar la claridad incluso a plena luz del d\u00eda. OSCAL Flat 2C es un smartphone asequible con un dise\u00f1o llamativo. Con un grosor de 8,75 mm y un peso de s\u00f3lo 193 g<br \/>\n&#8211; [Octa core &amp; 6GB RAM + 64GB ROM\/TF 2TF]\ud83d\udca5 OSCAL Flat 2C movil barato con una excelente relaci\u00f3n calidad-precio, est\u00e1 equipado con el excelente chip Octa core T603, que mejora dr\u00e1sticamente el rendimiento del sistema. Con 6 GB 2 GB + 4 GB de memoria virtual ampliable de RAM + 64 GB de ROM, podr\u00e1s realizar varias tareas al mismo tiempo y almacenar archivos y fotos importantes. Pulsa RAM en la secci\u00f3n &#8216;Acerca del tel\u00e9fono&#8217; de los ajustes del tel\u00e9fono y selecciona 4GB para actualizar a 6GB RAM.Tendr\u00e1s que reiniciar el tel\u00e9fono para que esto surta efecto.OSCAL Flat 2C Phone 64GB ROM, ampliable hasta 2TB mediante tarjeta TF<br \/>\n&#8211; [Bater\u00eda 5000mAh &amp; OTG]\ud83d\udd0b OSCAL Flat 2C est\u00e1 equipado con una bater\u00eda de 5000mAh, que es energ\u00e9ticamente eficiente y est\u00e1 dise\u00f1ada para hasta 7 horas de reproducci\u00f3n ininterrumpida de pel\u00edculas, 22 horas de reproducci\u00f3n de m\u00fasica y un tiempo m\u00e1ximo de espera de hasta 624 horas con una carga completa, lo que permite un uso sin problemas durante todo el d\u00eda.OSCAL El tel\u00e9fono con bater\u00eda Flat2 es compatible con Android 14 y ofrece protecci\u00f3n contra sobrecarga para prolongar la vida \u00fatil de la bater\u00eda. El tel\u00e9fono es compatible con la funcionalidad OTG<br \/>\n&#8211; [AI 13MP + 8MP C\u00e1mara y Face ID]\ud83d\udcf8 OSCAL Flat 2C tel\u00e9fono movil viene con una c\u00e1mara trasera de 13 megap\u00edxeles y una c\u00e1mara frontal de 8 megap\u00edxeles. Captura f\u00e1cilmente retratos y paisajes con textura en cualquier momento y lugar. Y tambi\u00e9n es compatible con el desbloqueo facial r\u00e1pido.OSCAL Flat 2C smartphone barato tiene m\u00faltiples modos de disparo como Retrato, Noche, Panorama y Pro para satisfacer las necesidades de diferentes escenarios de disparo.La funci\u00f3n de grabaci\u00f3n de v\u00eddeo 1080P convierte los momentos cotidianos en maravillosos v\u00eddeos<br \/>\n&#8211; [4G Dual SIM, conector de 3,5 mm, GPS] \ud83c\udf86 OSCAL Flat 2C tel\u00e9fono movil est\u00e1 dise\u00f1ado con ranuras para tarjetas triples, que pueden soportar dos tarjetas SIM 4G y una tarjeta TF al mismo tiempo, compatible con todos los operadores europeos sin contrato. El conector de 3,5 mm le permite conectar unos auriculares con cable. Admite GPS+Glonass+Galileo, lo que garantiza que encuentres tu camino f\u00e1cilmente y llegues a tu destino con confianza<br \/>\n&#8211; [Servicio postventa y 2 a\u00f1os de garant\u00eda]\ud83c\udf89 OSCAL Flat 2C telefonos moviles libres tiene 2 a\u00f1os de garant\u00eda, por lo que puede comprar con confianza. Tenemos un equipo t\u00e9cnico profesional y un servicio al cliente perfecto para satisfacer cualquiera de sus necesidades. Si tiene alguna pregunta o problema con el producto, p\u00f3ngase en contacto con nosotros a trav\u00e9s del correo electr\u00f3nico de Amazon o del servicio de atenci\u00f3n al cliente. Le responderemos r\u00e1pidamente y le proporcionaremos soporte t\u00e9cnico<\/p>\n<\/p><\/div>\n","protected":false},"excerpt":{"rendered":"<p>\ud83d\udfe5 AHORRA AQU\u00cd \ud83d\udfe5 #Publicidad #Amazon #Electr\u00f3nica \ud83d\udd34 Smartphone OSCAL \u2705 AHORA 75.99 \u20ac \u2714\ufe0f\ud83d\udfe1 \u274c Antes 99.99 \u20ac \ud83d\uded2: https:\/\/btz.es\/4FNaQzq &#8211; [Doke OS 4.0 basado en Android 14]\u2699\ufe0f OSCAL Flat 2C telefonos moviles libres funciona con Doke OS 4.0, un sistema de desarrollo propio basado en Android 14, que es m\u00e1s personalizable que nunca, [&hellip;]<\/p>\n","protected":false},"featured_media":4139,"template":"","meta":{"_gspb_post_css":""},"store":[],"product_brand":[],"product_cat":[16],"product_tag":[],"class_list":{"0":"post-4140","1":"product","2":"type-product","3":"status-publish","4":"has-post-thumbnail","6":"product_cat-sin-categorizar","8":"first","9":"instock","10":"sale","11":"shipping-taxable","12":"product-type-external"},"jetpack_sharing_enabled":true,"_links":{"self":[{"href":"https:\/\/ofertacular.com\/index.php\/wp-json\/wp\/v2\/product\/4140","targetHints":{"allow":["GET"]}}],"collection":[{"href":"https:\/\/ofertacular.com\/index.php\/wp-json\/wp\/v2\/product"}],"about":[{"href":"https:\/\/ofertacular.com\/index.php\/wp-json\/wp\/v2\/types\/product"}],"wp:featuredmedia":[{"embeddable":true,"href":"https:\/\/ofertacular.com\/index.php\/wp-json\/wp\/v2\/media\/4139"}],"wp:attachment":[{"href":"https:\/\/ofertacular.com\/index.php\/wp-json\/wp\/v2\/media?parent=4140"}],"wp:term":[{"taxonomy":"store","embeddable":true,"href":"https:\/\/ofertacular.com\/index.php\/wp-json\/wp\/v2\/store?post=4140"},{"taxonomy":"product_brand","embeddable":true,"href":"https:\/\/ofertacular.com\/index.php\/wp-json\/wp\/v2\/product_brand?post=4140"},{"taxonomy":"product_cat","embeddable":true,"href":"https:\/\/ofertacular.com\/index.php\/wp-json\/wp\/v2\/product_cat?post=4140"},{"taxonomy":"product_tag","embeddable":true,"href":"https:\/\/ofertacular.com\/index.php\/wp-json\/wp\/v2\/product_tag?post=4140"}],"curies":[{"name":"wp","href":"https:\/\/api.w.org\/{rel}","templated":true}]}}