{"id":4148,"date":"2025-03-18T17:10:27","date_gmt":"2025-03-18T16:10:27","guid":{"rendered":"https:\/\/ofertacular.com\/index.php\/producto\/cuchillos-precision\/"},"modified":"2025-03-18T17:10:27","modified_gmt":"2025-03-18T16:10:27","slug":"cuchillos-precision","status":"publish","type":"product","link":"https:\/\/ofertacular.com\/index.php\/producto\/cuchillos-precision\/","title":{"rendered":"Cuchillos Precisi\u00f3n"},"content":{"rendered":"<div class=\"oferta-container\">\n<p>\ud83d\udfe5 <b>REBAJA<\/b> \ud83d\udfe5 #Publicidad #Amazon #Mejora del hogar<\/p>\n<p>\ud83d\udd34 <b>Cuchillos Precision <\/b><\/p>\n<p>\u2705 <b>AHORA 7.83 \u20ac<\/b> \u2714\ufe0f\ud83d\udfe1<\/p>\n<p>\u274c Antes 11.39 \u20ac<\/p>\n<p>\ud83d\uded2: <a href=\"https:\/\/btz.es\/4FO2Vu4\" target=\"_blank\" rel=\"nofollow noopener\">https:\/\/btz.es\/4FO2Vu4<\/a><\/p>\n<p>&#8211; El juego de cuchillos de precisi\u00f3n de 29 piezas incluye un cuchillo de modelar, 26 cuchillas afiladas 6 del #1,4 del #3,4 del #4,2 del #10,6 del #11,4 del #12, una muela para afilar y un par de pinzas<br \/>\n&#8211; Hecho de acero aleado duradero y de alta calidad; los estilos de la hoja incluyen: estarcido, punta fina, estriado y cincelado<br \/>\n&#8211; \u00datil para cortar, tallar, recortar, cincelar, desbarbar y m\u00e1s; corta sin esfuerzo la madera, el cart\u00f3n grueso, el material de tela, el papel de artesan\u00eda, el pl\u00e1stico y el metal fino<br \/>\n&#8211; Su mango de aluminio ligero viene envuelto en goma antideslizante para mayor comodidad y control; se incluye un estuche de almacenamiento de pl\u00e1stico para un almacenaje seguro, y una organizaci\u00f3n y transporte pr\u00e1cticos<br \/>\n&#8211; Medidas: 14,9 x 9,65 x 4,1 cm<\/p>\n<\/p><\/div>\n","protected":false},"excerpt":{"rendered":"<p>\ud83d\udfe5 REBAJA \ud83d\udfe5 #Publicidad #Amazon #Mejora del hogar \ud83d\udd34 Cuchillos Precision \u2705 AHORA 7.83 \u20ac \u2714\ufe0f\ud83d\udfe1 \u274c Antes 11.39 \u20ac \ud83d\uded2: https:\/\/btz.es\/4FO2Vu4 &#8211; El juego de cuchillos de precisi\u00f3n de 29 piezas incluye un cuchillo de modelar, 26 cuchillas afiladas 6 del #1,4 del #3,4 del #4,2 del #10,6 del #11,4 del #12, una muela [&hellip;]<\/p>\n","protected":false},"featured_media":4147,"template":"","meta":{"_gspb_post_css":""},"store":[],"product_brand":[],"product_cat":[16],"product_tag":[],"class_list":{"0":"post-4148","1":"product","2":"type-product","3":"status-publish","4":"has-post-thumbnail","6":"product_cat-sin-categorizar","8":"first","9":"instock","10":"sale","11":"shipping-taxable","12":"product-type-external"},"jetpack_sharing_enabled":true,"_links":{"self":[{"href":"https:\/\/ofertacular.com\/index.php\/wp-json\/wp\/v2\/product\/4148","targetHints":{"allow":["GET"]}}],"collection":[{"href":"https:\/\/ofertacular.com\/index.php\/wp-json\/wp\/v2\/product"}],"about":[{"href":"https:\/\/ofertacular.com\/index.php\/wp-json\/wp\/v2\/types\/product"}],"wp:featuredmedia":[{"embeddable":true,"href":"https:\/\/ofertacular.com\/index.php\/wp-json\/wp\/v2\/media\/4147"}],"wp:attachment":[{"href":"https:\/\/ofertacular.com\/index.php\/wp-json\/wp\/v2\/media?parent=4148"}],"wp:term":[{"taxonomy":"store","embeddable":true,"href":"https:\/\/ofertacular.com\/index.php\/wp-json\/wp\/v2\/store?post=4148"},{"taxonomy":"product_brand","embeddable":true,"href":"https:\/\/ofertacular.com\/index.php\/wp-json\/wp\/v2\/product_brand?post=4148"},{"taxonomy":"product_cat","embeddable":true,"href":"https:\/\/ofertacular.com\/index.php\/wp-json\/wp\/v2\/product_cat?post=4148"},{"taxonomy":"product_tag","embeddable":true,"href":"https:\/\/ofertacular.com\/index.php\/wp-json\/wp\/v2\/product_tag?post=4148"}],"curies":[{"name":"wp","href":"https:\/\/api.w.org\/{rel}","templated":true}]}}