{"id":4170,"date":"2025-03-20T08:43:34","date_gmt":"2025-03-20T07:43:34","guid":{"rendered":"https:\/\/ofertacular.com\/index.php\/producto\/1005007161635584\/"},"modified":"2025-03-20T08:43:34","modified_gmt":"2025-03-20T07:43:34","slug":"1005007161635584","status":"publish","type":"product","link":"https:\/\/ofertacular.com\/index.php\/producto\/1005007161635584\/","title":{"rendered":"Calentador El\u00e9ctrico"},"content":{"rendered":"<div class=\"oferta-container\">\n<p>\ud83d\udfe5 <b>\u00a1NO TE LA PIERDAS!<\/b> \ud83d\udfe5 #Publicidad #Amazon #<\/p>\n<p>\ud83d\udd34 <b>Calentador El\u00e9ctrico <\/b><\/p>\n<p>\u2705 <b>AHORA 8.99\u20ac \u20ac<\/b> \u2714\ufe0f\ud83d\udfe1<\/p>\n<p>\u274c Antes 23.64 \u20ac<\/p>\n<p>\ud83d\uded2: <a href=\"https:\/\/btz.es\/4FYgwoo\" target=\"_blank\" rel=\"nofollow noopener\">https:\/\/btz.es\/4FYgwoo<\/a><\/p>\n<p>El calentador el\u00e9ctrico que est\u00e1s buscando. Perfecto para mantener tu hogar c\u00e1lido y acogedor durante los meses fr\u00edos. Con un dise\u00f1o moderno y eficiente, este calentador es capaz de calentar r\u00e1pidamente cualquier habitaci\u00f3n, proporcionando un confort inmediato. Ideal para apartamentos, casas y oficinas, su portabilidad te permitir\u00e1 moverlo de una habitaci\u00f3n a otra con facilidad. Est\u00e1 equipado con m\u00faltiples configuraciones de temperatura y un termostato ajustable que te permitir\u00e1 personalizar el ambiente a tu gusto. Su tecnolog\u00eda de bajo consumo no solo asegura que mantengas tu espacio caliente, sino que tambi\u00e9n te ayuda a ahorrar en tu factura de electricidad. Adem\u00e1s, cuenta con sistemas de seguridad avanzados para evitar sobrecalentamientos, lo que te brinda tranquilidad al usarlo. No tendr\u00e1s que preocuparte por ca\u00eddas o accidentes gracias a su dise\u00f1o seguro y robusto. Este calentador el\u00e9ctrico es ideal para aquellos que buscan una soluci\u00f3n r\u00e1pida y eficiente para el fr\u00edo, sin sacrificar la seguridad y el ahorro energ\u00e9tico. Disponible en distintos tama\u00f1os y potencias, puedes encontrar el modelo perfecto que se adapte a tus necesidades. Si deseas un ambiente c\u00e1lido y confortable sin complicaciones, este calentador el\u00e9ctrico es la opci\u00f3n perfecta. \u00a1No dejes que el fr\u00edo te detenga!<\/p>\n<\/p><\/div>\n","protected":false},"excerpt":{"rendered":"<p>\ud83d\udfe5 \u00a1NO TE LA PIERDAS! \ud83d\udfe5 #Publicidad #Amazon # \ud83d\udd34 Calentador El\u00e9ctrico \u2705 AHORA 8.99\u20ac \u20ac \u2714\ufe0f\ud83d\udfe1 \u274c Antes 23.64 \u20ac \ud83d\uded2: https:\/\/btz.es\/4FYgwoo El calentador el\u00e9ctrico que est\u00e1s buscando. Perfecto para mantener tu hogar c\u00e1lido y acogedor durante los meses fr\u00edos. Con un dise\u00f1o moderno y eficiente, este calentador es capaz de calentar r\u00e1pidamente cualquier [&hellip;]<\/p>\n","protected":false},"featured_media":4169,"template":"","meta":{"_gspb_post_css":""},"store":[],"product_brand":[],"product_cat":[16],"product_tag":[],"class_list":{"0":"post-4170","1":"product","2":"type-product","3":"status-publish","4":"has-post-thumbnail","6":"product_cat-sin-categorizar","8":"first","9":"instock","10":"shipping-taxable","11":"product-type-external"},"jetpack_sharing_enabled":true,"_links":{"self":[{"href":"https:\/\/ofertacular.com\/index.php\/wp-json\/wp\/v2\/product\/4170","targetHints":{"allow":["GET"]}}],"collection":[{"href":"https:\/\/ofertacular.com\/index.php\/wp-json\/wp\/v2\/product"}],"about":[{"href":"https:\/\/ofertacular.com\/index.php\/wp-json\/wp\/v2\/types\/product"}],"wp:featuredmedia":[{"embeddable":true,"href":"https:\/\/ofertacular.com\/index.php\/wp-json\/wp\/v2\/media\/4169"}],"wp:attachment":[{"href":"https:\/\/ofertacular.com\/index.php\/wp-json\/wp\/v2\/media?parent=4170"}],"wp:term":[{"taxonomy":"store","embeddable":true,"href":"https:\/\/ofertacular.com\/index.php\/wp-json\/wp\/v2\/store?post=4170"},{"taxonomy":"product_brand","embeddable":true,"href":"https:\/\/ofertacular.com\/index.php\/wp-json\/wp\/v2\/product_brand?post=4170"},{"taxonomy":"product_cat","embeddable":true,"href":"https:\/\/ofertacular.com\/index.php\/wp-json\/wp\/v2\/product_cat?post=4170"},{"taxonomy":"product_tag","embeddable":true,"href":"https:\/\/ofertacular.com\/index.php\/wp-json\/wp\/v2\/product_tag?post=4170"}],"curies":[{"name":"wp","href":"https:\/\/api.w.org\/{rel}","templated":true}]}}