{"id":4176,"date":"2025-03-20T10:38:43","date_gmt":"2025-03-20T09:38:43","guid":{"rendered":"https:\/\/ofertacular.com\/index.php\/producto\/dubliner-jacket\/"},"modified":"2025-03-20T10:38:43","modified_gmt":"2025-03-20T09:38:43","slug":"dubliner-jacket","status":"publish","type":"product","link":"https:\/\/ofertacular.com\/index.php\/producto\/dubliner-jacket\/","title":{"rendered":"Dubliner Jacket"},"content":{"rendered":"<div class=\"oferta-container\">\n<p>\ud83d\udfe5 <b>GRAN OFERTA<\/b> \ud83d\udfe5 #Publicidad #Amazon #1<\/p>\n<p>\ud83d\udd34 <b>Chaqueta Dubliner <\/b><\/p>\n<p>\u2705 <b>AHORA 74.99 \u20ac<\/b> \u2714\ufe0f\ud83d\udfe1<\/p>\n<p>\u274c Antes 170.00 \u20ac<\/p>\n<p>\ud83d\uded2: <a href=\"https:\/\/btz.es\/4FY9vFO\" target=\"_blank\" rel=\"nofollow noopener\">https:\/\/btz.es\/4FY9vFO<\/a><\/p>\n<p>&#8211; Protecci\u00f3n Helly Tech: totalmente impermeable, a prueba de viento y transpirable<br \/>\n&#8211; Protecci\u00f3n total de los elementos a la vez que c\u00f3moda en el interior.<br \/>\n&#8211; La capucha puede guardarse en el collar para cuando no llueva.<br \/>\n&#8211; El aislamiento sint\u00e9tico Primaloft Black 100 g ofrece propiedades t\u00e9rmicas y repelencia al agua, una excelente alternativa al uso del plum\u00f3n<br \/>\n&#8211; Forrado para la comodidad<\/p>\n<\/p><\/div>\n","protected":false},"excerpt":{"rendered":"<p>\ud83d\udfe5 GRAN OFERTA \ud83d\udfe5 #Publicidad #Amazon #1 \ud83d\udd34 Chaqueta Dubliner \u2705 AHORA 74.99 \u20ac \u2714\ufe0f\ud83d\udfe1 \u274c Antes 170.00 \u20ac \ud83d\uded2: https:\/\/btz.es\/4FY9vFO &#8211; Protecci\u00f3n Helly Tech: totalmente impermeable, a prueba de viento y transpirable &#8211; Protecci\u00f3n total de los elementos a la vez que c\u00f3moda en el interior. &#8211; La capucha puede guardarse en el collar [&hellip;]<\/p>\n","protected":false},"featured_media":4175,"template":"","meta":{"_gspb_post_css":""},"store":[],"product_brand":[],"product_cat":[16],"product_tag":[],"class_list":{"0":"post-4176","1":"product","2":"type-product","3":"status-publish","4":"has-post-thumbnail","6":"product_cat-sin-categorizar","8":"first","9":"instock","10":"sale","11":"shipping-taxable","12":"product-type-external"},"jetpack_sharing_enabled":true,"_links":{"self":[{"href":"https:\/\/ofertacular.com\/index.php\/wp-json\/wp\/v2\/product\/4176","targetHints":{"allow":["GET"]}}],"collection":[{"href":"https:\/\/ofertacular.com\/index.php\/wp-json\/wp\/v2\/product"}],"about":[{"href":"https:\/\/ofertacular.com\/index.php\/wp-json\/wp\/v2\/types\/product"}],"wp:featuredmedia":[{"embeddable":true,"href":"https:\/\/ofertacular.com\/index.php\/wp-json\/wp\/v2\/media\/4175"}],"wp:attachment":[{"href":"https:\/\/ofertacular.com\/index.php\/wp-json\/wp\/v2\/media?parent=4176"}],"wp:term":[{"taxonomy":"store","embeddable":true,"href":"https:\/\/ofertacular.com\/index.php\/wp-json\/wp\/v2\/store?post=4176"},{"taxonomy":"product_brand","embeddable":true,"href":"https:\/\/ofertacular.com\/index.php\/wp-json\/wp\/v2\/product_brand?post=4176"},{"taxonomy":"product_cat","embeddable":true,"href":"https:\/\/ofertacular.com\/index.php\/wp-json\/wp\/v2\/product_cat?post=4176"},{"taxonomy":"product_tag","embeddable":true,"href":"https:\/\/ofertacular.com\/index.php\/wp-json\/wp\/v2\/product_tag?post=4176"}],"curies":[{"name":"wp","href":"https:\/\/api.w.org\/{rel}","templated":true}]}}