{"id":4187,"date":"2025-03-21T08:18:17","date_gmt":"2025-03-21T07:18:17","guid":{"rendered":"https:\/\/ofertacular.com\/index.php\/producto\/mahou-mixta\/"},"modified":"2025-03-21T08:18:17","modified_gmt":"2025-03-21T07:18:17","slug":"mahou-mixta","status":"publish","type":"product","link":"https:\/\/ofertacular.com\/index.php\/producto\/mahou-mixta\/","title":{"rendered":"Mahou Mixta"},"content":{"rendered":"<div class=\"oferta-container\">\n<p>\ud83d\udfe5 <b>EXCLUSIVO<\/b> \ud83d\udfe5 #Publicidad #Amazon #16<\/p>\n<p>\ud83d\udd34 <b>Cerveza Mahou <\/b><\/p>\n<p>\u2705 <b>AHORA 10 \u20ac<\/b> \u2714\ufe0f\ud83d\udfe1<\/p>\n<p>\u274c Antes 19.44 \u20ac<\/p>\n<p>\ud83d\uded2: <a href=\"https:\/\/btz.es\/4GdQ664\" target=\"_blank\" rel=\"nofollow noopener\">https:\/\/btz.es\/4GdQ664<\/a><\/p>\n<p>&#8211; Pack de cerveza Mahou Mixta de 24 latas de 33 cl, con 0,9% de alcohol. Mixta es la cerveza combinaci\u00f3n de 16% de cerveza Mahou 5 Estrellas, en la que destaca el cuidado en la selecci\u00f3n de las cebadas y su malteo, as\u00ed como la combinaci\u00f3n de variedades de l\u00fapulo amargas y semiarom\u00e1ticas de origen europeo; y 84% de refresco de lim\u00f3n, que le aporta los aromas c\u00edtricos y el dulzor. Para un mayor disfrute se recomienda consumir entre 4\u00ba y 6\u00ba C<br \/>\n&#8211; Apariencia: Cerveza lata Mahou mixta de color dorado p\u00e1lido, brillante y de espuma ligera<br \/>\n&#8211; Aroma: cerveza Mixta tiene esencia frutal con predominio c\u00edtrico de lim\u00f3n<br \/>\n&#8211; Sabor: cerveza sabor lim\u00f3n. En boca destaca un gusto dulce ligero que deja paso a un amargor muy sutil con un toque \u00e1cido. El cuerpo es tenue y la sensaci\u00f3n final de una bebida refrescante<br \/>\n&#8211; Mahou Mixta, la cerveza lim\u00f3n, es una cerveza espa\u00f1ola refrescante que combina cerveza con lim\u00f3n, la alternativa de la cerveza, la radler sin Alcohol de Mahou: la Mixta de siempre<\/p>\n<\/p><\/div>\n","protected":false},"excerpt":{"rendered":"<p>\ud83d\udfe5 EXCLUSIVO \ud83d\udfe5 #Publicidad #Amazon #16 \ud83d\udd34 Cerveza Mahou \u2705 AHORA 10 \u20ac \u2714\ufe0f\ud83d\udfe1 \u274c Antes 19.44 \u20ac \ud83d\uded2: https:\/\/btz.es\/4GdQ664 &#8211; Pack de cerveza Mahou Mixta de 24 latas de 33 cl, con 0,9% de alcohol. Mixta es la cerveza combinaci\u00f3n de 16% de cerveza Mahou 5 Estrellas, en la que destaca el cuidado en [&hellip;]<\/p>\n","protected":false},"featured_media":4186,"template":"","meta":{"_gspb_post_css":""},"store":[],"product_brand":[],"product_cat":[16],"product_tag":[],"class_list":{"0":"post-4187","1":"product","2":"type-product","3":"status-publish","4":"has-post-thumbnail","6":"product_cat-sin-categorizar","8":"first","9":"instock","10":"sale","11":"shipping-taxable","12":"product-type-external"},"jetpack_sharing_enabled":true,"_links":{"self":[{"href":"https:\/\/ofertacular.com\/index.php\/wp-json\/wp\/v2\/product\/4187","targetHints":{"allow":["GET"]}}],"collection":[{"href":"https:\/\/ofertacular.com\/index.php\/wp-json\/wp\/v2\/product"}],"about":[{"href":"https:\/\/ofertacular.com\/index.php\/wp-json\/wp\/v2\/types\/product"}],"wp:featuredmedia":[{"embeddable":true,"href":"https:\/\/ofertacular.com\/index.php\/wp-json\/wp\/v2\/media\/4186"}],"wp:attachment":[{"href":"https:\/\/ofertacular.com\/index.php\/wp-json\/wp\/v2\/media?parent=4187"}],"wp:term":[{"taxonomy":"store","embeddable":true,"href":"https:\/\/ofertacular.com\/index.php\/wp-json\/wp\/v2\/store?post=4187"},{"taxonomy":"product_brand","embeddable":true,"href":"https:\/\/ofertacular.com\/index.php\/wp-json\/wp\/v2\/product_brand?post=4187"},{"taxonomy":"product_cat","embeddable":true,"href":"https:\/\/ofertacular.com\/index.php\/wp-json\/wp\/v2\/product_cat?post=4187"},{"taxonomy":"product_tag","embeddable":true,"href":"https:\/\/ofertacular.com\/index.php\/wp-json\/wp\/v2\/product_tag?post=4187"}],"curies":[{"name":"wp","href":"https:\/\/api.w.org\/{rel}","templated":true}]}}