{"id":4189,"date":"2025-03-21T08:33:13","date_gmt":"2025-03-21T07:33:13","guid":{"rendered":"https:\/\/ofertacular.com\/index.php\/producto\/amazon-basics-towels\/"},"modified":"2025-03-21T08:33:13","modified_gmt":"2025-03-21T07:33:13","slug":"amazon-basics-towels","status":"publish","type":"product","link":"https:\/\/ofertacular.com\/index.php\/producto\/amazon-basics-towels\/","title":{"rendered":"Amazon Basics Towels"},"content":{"rendered":"<div class=\"oferta-container\">\n<p>\ud83d\udfe5 <b>DESCUENTO<\/b> \ud83d\udfe5 #Publicidad #Amazon #16<\/p>\n<p>\ud83d\udd34 <b>Toallas Basics <\/b><\/p>\n<p>\u2705 <b>AHORA 19.4 \u20ac<\/b> \u2714\ufe0f\ud83d\udfe1<\/p>\n<p>\u274c Antes 27.72 \u20ac<\/p>\n<p>\ud83d\uded2: <a href=\"https:\/\/btz.es\/4GdUr6V\" target=\"_blank\" rel=\"nofollow noopener\">https:\/\/btz.es\/4GdUr6V<\/a><\/p>\n<p>&#8211; Incluye 2 toallas de ba\u00f1o y 4 toallas de manos.<br \/>\n&#8211; Tama\u00f1o: 140 x 70 cm toalla de ba\u00f1o, 50 x 100 cm toalla de manos.<br \/>\n&#8211; Fabricada en 100% algod\u00f3n.<br \/>\n&#8211; Lavables en lavadora a 60 \u00b0C; se puede secar en secadora a baja temperatura.<br \/>\n&#8211; Colores resistentes al uso, toallas ligeras y absorbentes.<br \/>\n&#8211; \u00a1Nota! Estas toallas no tienen Hanger Loop<\/p>\n<\/p><\/div>\n","protected":false},"excerpt":{"rendered":"<p>\ud83d\udfe5 DESCUENTO \ud83d\udfe5 #Publicidad #Amazon #16 \ud83d\udd34 Toallas Basics \u2705 AHORA 19.4 \u20ac \u2714\ufe0f\ud83d\udfe1 \u274c Antes 27.72 \u20ac \ud83d\uded2: https:\/\/btz.es\/4GdUr6V &#8211; Incluye 2 toallas de ba\u00f1o y 4 toallas de manos. &#8211; Tama\u00f1o: 140 x 70 cm toalla de ba\u00f1o, 50 x 100 cm toalla de manos. &#8211; Fabricada en 100% algod\u00f3n. &#8211; Lavables en [&hellip;]<\/p>\n","protected":false},"featured_media":4188,"template":"","meta":{"_gspb_post_css":""},"store":[],"product_brand":[],"product_cat":[16],"product_tag":[],"class_list":{"0":"post-4189","1":"product","2":"type-product","3":"status-publish","4":"has-post-thumbnail","6":"product_cat-sin-categorizar","8":"first","9":"instock","10":"sale","11":"shipping-taxable","12":"product-type-external"},"jetpack_sharing_enabled":true,"_links":{"self":[{"href":"https:\/\/ofertacular.com\/index.php\/wp-json\/wp\/v2\/product\/4189","targetHints":{"allow":["GET"]}}],"collection":[{"href":"https:\/\/ofertacular.com\/index.php\/wp-json\/wp\/v2\/product"}],"about":[{"href":"https:\/\/ofertacular.com\/index.php\/wp-json\/wp\/v2\/types\/product"}],"wp:featuredmedia":[{"embeddable":true,"href":"https:\/\/ofertacular.com\/index.php\/wp-json\/wp\/v2\/media\/4188"}],"wp:attachment":[{"href":"https:\/\/ofertacular.com\/index.php\/wp-json\/wp\/v2\/media?parent=4189"}],"wp:term":[{"taxonomy":"store","embeddable":true,"href":"https:\/\/ofertacular.com\/index.php\/wp-json\/wp\/v2\/store?post=4189"},{"taxonomy":"product_brand","embeddable":true,"href":"https:\/\/ofertacular.com\/index.php\/wp-json\/wp\/v2\/product_brand?post=4189"},{"taxonomy":"product_cat","embeddable":true,"href":"https:\/\/ofertacular.com\/index.php\/wp-json\/wp\/v2\/product_cat?post=4189"},{"taxonomy":"product_tag","embeddable":true,"href":"https:\/\/ofertacular.com\/index.php\/wp-json\/wp\/v2\/product_tag?post=4189"}],"curies":[{"name":"wp","href":"https:\/\/api.w.org\/{rel}","templated":true}]}}