{"id":4201,"date":"2025-03-23T08:47:11","date_gmt":"2025-03-23T07:47:11","guid":{"rendered":"https:\/\/ofertacular.com\/index.php\/producto\/phoenix-suns-hoop\/"},"modified":"2025-03-23T08:47:11","modified_gmt":"2025-03-23T07:47:11","slug":"phoenix-suns-hoop","status":"publish","type":"product","link":"https:\/\/ofertacular.com\/index.php\/producto\/phoenix-suns-hoop\/","title":{"rendered":"Phoenix Suns Hoop"},"content":{"rendered":"<div class=\"oferta-container\">\n<p>\ud83d\udfe5 <b>\u00a1GANGAZO!<\/b> \ud83d\udfe5 #Publicidad #Amazon #16<\/p>\n<p>\ud83d\udd34 <b>Bal\u00f3n Phoenix <\/b><\/p>\n<p>\u2705 <b>AHORA 9.49 \u20ac<\/b> \u2714\ufe0f\ud83d\udfe1<\/p>\n<p>\u274c Antes 24.95 \u20ac<\/p>\n<p>\ud83d\uded2: <a href=\"https:\/\/btz.es\/4GpEQQM\" target=\"_blank\" rel=\"nofollow noopener\">https:\/\/btz.es\/4GpEQQM<\/a><\/p>\n<p>&#8211; Pr\u00e1ctica canasta de baloncesto de tama\u00f1o compacto para jugar en cualquier lugar<br \/>\n&#8211; Construcci\u00f3n robusta con tablero y anilla duraderos para una mayor durabilidad<br \/>\n&#8211; Lista para su uso inmediato gracias a su sencillo montaje y a su f\u00e1cil fijaci\u00f3n sobre la puerta<br \/>\n&#8211; Producto oficial de la NBA con un dise\u00f1o de salpicaduras de pintura y una pegatina con el logotipo de los Phoenix Suns<br \/>\n&#8211; Contenido: 1x Wilson Mini canasta de baloncesto NBA TEAM MINI HOOP, PHOENIX SUNS, Material: Pl\u00e1stico, WTBA1302PHO<\/p>\n<\/p><\/div>\n","protected":false},"excerpt":{"rendered":"<p>\ud83d\udfe5 \u00a1GANGAZO! \ud83d\udfe5 #Publicidad #Amazon #16 \ud83d\udd34 Bal\u00f3n Phoenix \u2705 AHORA 9.49 \u20ac \u2714\ufe0f\ud83d\udfe1 \u274c Antes 24.95 \u20ac \ud83d\uded2: https:\/\/btz.es\/4GpEQQM &#8211; Pr\u00e1ctica canasta de baloncesto de tama\u00f1o compacto para jugar en cualquier lugar &#8211; Construcci\u00f3n robusta con tablero y anilla duraderos para una mayor durabilidad &#8211; Lista para su uso inmediato gracias a su sencillo [&hellip;]<\/p>\n","protected":false},"featured_media":4200,"template":"","meta":{"_gspb_post_css":""},"store":[],"product_brand":[],"product_cat":[16],"product_tag":[],"class_list":{"0":"post-4201","1":"product","2":"type-product","3":"status-publish","4":"has-post-thumbnail","6":"product_cat-sin-categorizar","8":"first","9":"instock","10":"sale","11":"shipping-taxable","12":"product-type-external"},"jetpack_sharing_enabled":true,"_links":{"self":[{"href":"https:\/\/ofertacular.com\/index.php\/wp-json\/wp\/v2\/product\/4201","targetHints":{"allow":["GET"]}}],"collection":[{"href":"https:\/\/ofertacular.com\/index.php\/wp-json\/wp\/v2\/product"}],"about":[{"href":"https:\/\/ofertacular.com\/index.php\/wp-json\/wp\/v2\/types\/product"}],"wp:featuredmedia":[{"embeddable":true,"href":"https:\/\/ofertacular.com\/index.php\/wp-json\/wp\/v2\/media\/4200"}],"wp:attachment":[{"href":"https:\/\/ofertacular.com\/index.php\/wp-json\/wp\/v2\/media?parent=4201"}],"wp:term":[{"taxonomy":"store","embeddable":true,"href":"https:\/\/ofertacular.com\/index.php\/wp-json\/wp\/v2\/store?post=4201"},{"taxonomy":"product_brand","embeddable":true,"href":"https:\/\/ofertacular.com\/index.php\/wp-json\/wp\/v2\/product_brand?post=4201"},{"taxonomy":"product_cat","embeddable":true,"href":"https:\/\/ofertacular.com\/index.php\/wp-json\/wp\/v2\/product_cat?post=4201"},{"taxonomy":"product_tag","embeddable":true,"href":"https:\/\/ofertacular.com\/index.php\/wp-json\/wp\/v2\/product_tag?post=4201"}],"curies":[{"name":"wp","href":"https:\/\/api.w.org\/{rel}","templated":true}]}}