{"id":4223,"date":"2025-03-24T13:35:10","date_gmt":"2025-03-24T12:35:10","guid":{"rendered":"https:\/\/ofertacular.com\/index.php\/producto\/1005005640207438\/"},"modified":"2025-03-24T13:35:10","modified_gmt":"2025-03-24T12:35:10","slug":"1005005640207438","status":"publish","type":"product","link":"https:\/\/ofertacular.com\/index.php\/producto\/1005005640207438\/","title":{"rendered":"COLMI Reloj"},"content":{"rendered":"<div class=\"oferta-container\">\n<p>\ud83d\udfe5 <b>UNA GANGA<\/b> \ud83d\udfe5 #Publicidad #Amazon #<\/p>\n<p>\ud83d\udd34 <b>Reloj Inteligente <\/b><\/p>\n<p>\u2705 <b>AHORA 22.19\u20ac \u20ac<\/b> \u2714\ufe0f\ud83d\udfe1<\/p>\n<p>\u274c Antes 63.92 \u20ac<\/p>\n<p>\ud83d\uded2: <a href=\"https:\/\/btz.es\/4GwFSiZ\" target=\"_blank\" rel=\"nofollow noopener\">https:\/\/btz.es\/4GwFSiZ<\/a><\/p>\n<p>Descubre el elegante y multifuncional Reloj Inteligente COLMI, dise\u00f1ado para los amantes de la tecnolog\u00eda y el estilo. Este reloj combina a la perfecci\u00f3n un dise\u00f1o contempor\u00e1neo con caracter\u00edsticas avanzadas que mejoran tu experiencia diaria. Con una pantalla t\u00e1ctil de alta definici\u00f3n, el Reloj COLMI no solo te muestra la hora, sino que tambi\u00e9n te mantiene conectado. Recibe notificaciones de llamadas, mensajes y aplicaciones directamente en tu mu\u00f1eca, permiti\u00e9ndote mantenerte al tanto de lo que m\u00e1s importa sin tener que sacar tu tel\u00e9fono.Pero eso no es todo. Este reloj inteligente est\u00e1 equipado con m\u00faltiples funciones de seguimiento de actividad, incluido un monitor de frecuencia card\u00edaca, un contador de pasos y un registro de sue\u00f1o, que te ayudar\u00e1n a llevar un estilo de vida m\u00e1s saludable. Almacena toda la informaci\u00f3n directamente en tu dispositivo, as\u00ed puedes analizar y mejorar tu rendimiento f\u00edsico con total facilidad. Su bater\u00eda de larga duraci\u00f3n asegura que puedes utilizarlo durante d\u00edas sin preocuparte por recargarlo constantemente. El Reloj COLMI es compatible con iOS y Android, lo que significa que puedes sincronizarlo f\u00e1cilmente con tu smartphone. Adem\u00e1s, su dise\u00f1o elegante lo convierte en el complemento perfecto para cualquier atuendo, ya sea para hacer ejercicio, trabajar o salir. Mejora tu d\u00eda a d\u00eda con el Reloj Inteligente COLMI y experimenta la revoluci\u00f3n de la tecnolog\u00eda en tu mu\u00f1eca. No esperes m\u00e1s para dar el siguiente paso hacia un estilo de vida m\u00e1s conectado y saludable. \u00a1Hazte con el tuyo hoy!<\/p>\n<\/p><\/div>\n","protected":false},"excerpt":{"rendered":"<p>\ud83d\udfe5 UNA GANGA \ud83d\udfe5 #Publicidad #Amazon # \ud83d\udd34 Reloj Inteligente \u2705 AHORA 22.19\u20ac \u20ac \u2714\ufe0f\ud83d\udfe1 \u274c Antes 63.92 \u20ac \ud83d\uded2: https:\/\/btz.es\/4GwFSiZ Descubre el elegante y multifuncional Reloj Inteligente COLMI, dise\u00f1ado para los amantes de la tecnolog\u00eda y el estilo. Este reloj combina a la perfecci\u00f3n un dise\u00f1o contempor\u00e1neo con caracter\u00edsticas avanzadas que mejoran tu experiencia [&hellip;]<\/p>\n","protected":false},"featured_media":4222,"template":"","meta":{"_gspb_post_css":""},"store":[],"product_brand":[],"product_cat":[16],"product_tag":[],"class_list":{"0":"post-4223","1":"product","2":"type-product","3":"status-publish","4":"has-post-thumbnail","6":"product_cat-sin-categorizar","8":"first","9":"instock","10":"shipping-taxable","11":"product-type-external"},"jetpack_sharing_enabled":true,"_links":{"self":[{"href":"https:\/\/ofertacular.com\/index.php\/wp-json\/wp\/v2\/product\/4223","targetHints":{"allow":["GET"]}}],"collection":[{"href":"https:\/\/ofertacular.com\/index.php\/wp-json\/wp\/v2\/product"}],"about":[{"href":"https:\/\/ofertacular.com\/index.php\/wp-json\/wp\/v2\/types\/product"}],"wp:featuredmedia":[{"embeddable":true,"href":"https:\/\/ofertacular.com\/index.php\/wp-json\/wp\/v2\/media\/4222"}],"wp:attachment":[{"href":"https:\/\/ofertacular.com\/index.php\/wp-json\/wp\/v2\/media?parent=4223"}],"wp:term":[{"taxonomy":"store","embeddable":true,"href":"https:\/\/ofertacular.com\/index.php\/wp-json\/wp\/v2\/store?post=4223"},{"taxonomy":"product_brand","embeddable":true,"href":"https:\/\/ofertacular.com\/index.php\/wp-json\/wp\/v2\/product_brand?post=4223"},{"taxonomy":"product_cat","embeddable":true,"href":"https:\/\/ofertacular.com\/index.php\/wp-json\/wp\/v2\/product_cat?post=4223"},{"taxonomy":"product_tag","embeddable":true,"href":"https:\/\/ofertacular.com\/index.php\/wp-json\/wp\/v2\/product_tag?post=4223"}],"curies":[{"name":"wp","href":"https:\/\/api.w.org\/{rel}","templated":true}]}}