{"id":4225,"date":"2025-03-24T13:40:49","date_gmt":"2025-03-24T12:40:49","guid":{"rendered":"https:\/\/ofertacular.com\/index.php\/producto\/nicky-nature\/"},"modified":"2025-03-24T13:40:49","modified_gmt":"2025-03-24T12:40:49","slug":"nicky-nature","status":"publish","type":"product","link":"https:\/\/ofertacular.com\/index.php\/producto\/nicky-nature\/","title":{"rendered":"Nicky Nature"},"content":{"rendered":"<div class=\"oferta-container\">\n<p>\ud83d\udfe5 <b>GRAN OFERTA<\/b> \ud83d\udfe5 #Publicidad #Amazon #16<\/p>\n<p>\ud83d\udd34 <b>Nicky Nature <\/b><\/p>\n<p>\u2705 <b>AHORA 2.85 \u20ac<\/b> \u2714\ufe0f\ud83d\udfe1<\/p>\n<p>\u274c Antes 3.99 \u20ac<\/p>\n<p>\ud83d\uded2: <a href=\"https:\/\/btz.es\/4GwHs4B\" target=\"_blank\" rel=\"nofollow noopener\">https:\/\/btz.es\/4GwHs4B<\/a><\/p>\n<p>&#8211; El papel higi\u00e9nico Nicky Nature es incre\u00edblemente c\u00f3modo y perfumado. Enriquecido con loci\u00f3n de Aloe Vera, planta conocida por sus cualidades calmantes y emolientes<br \/>\n&#8211; El paquete contiene 6 rollos de papel higi\u00e9nico de 3 capas, cada rollo tiene 170 servicios, con una longitud total de 22 metros tolerancia 5\u00b1% .<br \/>\n&#8211; Gracias a la loci\u00f3n de Aloe Vera, se garantiza una agradable higiene para toda la familia, ideal para ni\u00f1os y adultos. Cart\u00f3n con suave aroma, que deja en el ba\u00f1o una agradable sensaci\u00f3n de frescor<br \/>\n&#8211; El papel que m\u00e1s cuida tu piel y la de los tuyos, protege y es extra suave, c\u00f3modo y perfumado<br \/>\n&#8211; La certificaci\u00f3n Forestal FSC garantiza que los rollos Nicky Nature son producidos con materias primas de bosques gestionados en modo responsable; eligiendo Nicky est\u00e1s respetando el medio ambiente<br \/>\n&#8211; Nicky Nature es un producto de Sofidel, la primera empresa del sector tissue, miembro desde 2008 en WWF Climate Savers, un programa que busca reducir las emisiones de CO2<\/p>\n<\/p><\/div>\n","protected":false},"excerpt":{"rendered":"<p>\ud83d\udfe5 GRAN OFERTA \ud83d\udfe5 #Publicidad #Amazon #16 \ud83d\udd34 Nicky Nature \u2705 AHORA 2.85 \u20ac \u2714\ufe0f\ud83d\udfe1 \u274c Antes 3.99 \u20ac \ud83d\uded2: https:\/\/btz.es\/4GwHs4B &#8211; El papel higi\u00e9nico Nicky Nature es incre\u00edblemente c\u00f3modo y perfumado. Enriquecido con loci\u00f3n de Aloe Vera, planta conocida por sus cualidades calmantes y emolientes &#8211; El paquete contiene 6 rollos de papel higi\u00e9nico [&hellip;]<\/p>\n","protected":false},"featured_media":4224,"template":"","meta":{"_gspb_post_css":""},"store":[],"product_brand":[],"product_cat":[16],"product_tag":[],"class_list":{"0":"post-4225","1":"product","2":"type-product","3":"status-publish","4":"has-post-thumbnail","6":"product_cat-sin-categorizar","8":"first","9":"instock","10":"sale","11":"shipping-taxable","12":"product-type-external"},"jetpack_sharing_enabled":true,"_links":{"self":[{"href":"https:\/\/ofertacular.com\/index.php\/wp-json\/wp\/v2\/product\/4225","targetHints":{"allow":["GET"]}}],"collection":[{"href":"https:\/\/ofertacular.com\/index.php\/wp-json\/wp\/v2\/product"}],"about":[{"href":"https:\/\/ofertacular.com\/index.php\/wp-json\/wp\/v2\/types\/product"}],"wp:featuredmedia":[{"embeddable":true,"href":"https:\/\/ofertacular.com\/index.php\/wp-json\/wp\/v2\/media\/4224"}],"wp:attachment":[{"href":"https:\/\/ofertacular.com\/index.php\/wp-json\/wp\/v2\/media?parent=4225"}],"wp:term":[{"taxonomy":"store","embeddable":true,"href":"https:\/\/ofertacular.com\/index.php\/wp-json\/wp\/v2\/store?post=4225"},{"taxonomy":"product_brand","embeddable":true,"href":"https:\/\/ofertacular.com\/index.php\/wp-json\/wp\/v2\/product_brand?post=4225"},{"taxonomy":"product_cat","embeddable":true,"href":"https:\/\/ofertacular.com\/index.php\/wp-json\/wp\/v2\/product_cat?post=4225"},{"taxonomy":"product_tag","embeddable":true,"href":"https:\/\/ofertacular.com\/index.php\/wp-json\/wp\/v2\/product_tag?post=4225"}],"curies":[{"name":"wp","href":"https:\/\/api.w.org\/{rel}","templated":true}]}}