{"id":4233,"date":"2025-03-25T00:05:21","date_gmt":"2025-03-24T23:05:21","guid":{"rendered":"https:\/\/ofertacular.com\/index.php\/producto\/nuevo-kindle\/"},"modified":"2025-03-25T00:05:21","modified_gmt":"2025-03-24T23:05:21","slug":"nuevo-kindle","status":"publish","type":"product","link":"https:\/\/ofertacular.com\/index.php\/producto\/nuevo-kindle\/","title":{"rendered":"Nuevo Kindle"},"content":{"rendered":"<div class=\"oferta-container\">\n<p>\ud83d\udfe5 <b>\u00a1S\u00d3LO HOY!<\/b> \ud83d\udfe5 #Publicidad #Amazon #16<\/p>\n<p>\ud83d\udd34 <b>E-reader <\/b><\/p>\n<p>\u2705 <b>AHORA 119 \u20ac<\/b> \u2714\ufe0f\ud83d\udfe1<\/p>\n<p>\u274c Antes <\/p>\n<p>\ud83d\uded2: <a href=\"https:\/\/btz.es\/4Gzo6MO\" target=\"_blank\" rel=\"nofollow noopener\">https:\/\/btz.es\/4Gzo6MO<\/a><\/p>\n<p>&#8211; El Kindle m\u00e1s ligero y compacto: ahora con una luz frontal m\u00e1s potente en el nivel de m\u00e1xima intensidad, mayor contraste y pasos de p\u00e1gina m\u00e1s fluidos, para que disfrutes a\u00fan m\u00e1s de la lectura.<br \/>\n&#8211; Lee c\u00f3modamente bajo cualquier luz: lee con total comodidad gracias a su pantalla sin reflejos de 6&#8243; con modo oscuro y luz frontal ajustable, ahora un 25 % m\u00e1s potente en el nivel de m\u00e1xima intensidad.<br \/>\n&#8211; Ref\u00fagiate en la lectura: no dejes que te distraigan mensajes, e-mails o notificaciones de redes sociales y disfruta de una experiencia de lectura sin distracciones.<br \/>\n&#8211; Lee tanto como quieras: disfruta de una bater\u00eda con autonom\u00eda de hasta 6 semanas en una \u00fanica carga.<br \/>\n&#8211; Tu biblioteca, siempre contigo: gracias a sus 16 GB de almacenamiento, tendr\u00e1s espacio para miles de libros, revistas y c\u00f3mics.<br \/>\n&#8211; Descubre nuevas historias: con la suscripci\u00f3n a Kindle Unlimited, puedes contar con acceso ilimitado a millones de libros, miles de audiolibros y suscripciones a revistas seleccionadas.<br \/>\n&#8211; Dise\u00f1ado con la sostenibilidad en mente: este Kindle est\u00e1 fabricado con un 75 % de pl\u00e1sticos reciclados y un 90 % de magnesio reciclado. El 99 % del embalaje del dispositivo est\u00e1 hecho a base de fibra de madera y procede de bosques gestionados responsablemente o materiales reciclados.<\/p>\n<\/p><\/div>\n","protected":false},"excerpt":{"rendered":"<p>\ud83d\udfe5 \u00a1S\u00d3LO HOY! \ud83d\udfe5 #Publicidad #Amazon #16 \ud83d\udd34 E-reader \u2705 AHORA 119 \u20ac \u2714\ufe0f\ud83d\udfe1 \u274c Antes \ud83d\uded2: https:\/\/btz.es\/4Gzo6MO &#8211; El Kindle m\u00e1s ligero y compacto: ahora con una luz frontal m\u00e1s potente en el nivel de m\u00e1xima intensidad, mayor contraste y pasos de p\u00e1gina m\u00e1s fluidos, para que disfrutes a\u00fan m\u00e1s de la lectura. &#8211; [&hellip;]<\/p>\n","protected":false},"featured_media":4232,"template":"","meta":{"_gspb_post_css":""},"store":[],"product_brand":[],"product_cat":[16],"product_tag":[],"class_list":{"0":"post-4233","1":"product","2":"type-product","3":"status-publish","4":"has-post-thumbnail","6":"product_cat-sin-categorizar","8":"first","9":"instock","10":"shipping-taxable","11":"product-type-external"},"jetpack_sharing_enabled":true,"_links":{"self":[{"href":"https:\/\/ofertacular.com\/index.php\/wp-json\/wp\/v2\/product\/4233","targetHints":{"allow":["GET"]}}],"collection":[{"href":"https:\/\/ofertacular.com\/index.php\/wp-json\/wp\/v2\/product"}],"about":[{"href":"https:\/\/ofertacular.com\/index.php\/wp-json\/wp\/v2\/types\/product"}],"wp:featuredmedia":[{"embeddable":true,"href":"https:\/\/ofertacular.com\/index.php\/wp-json\/wp\/v2\/media\/4232"}],"wp:attachment":[{"href":"https:\/\/ofertacular.com\/index.php\/wp-json\/wp\/v2\/media?parent=4233"}],"wp:term":[{"taxonomy":"store","embeddable":true,"href":"https:\/\/ofertacular.com\/index.php\/wp-json\/wp\/v2\/store?post=4233"},{"taxonomy":"product_brand","embeddable":true,"href":"https:\/\/ofertacular.com\/index.php\/wp-json\/wp\/v2\/product_brand?post=4233"},{"taxonomy":"product_cat","embeddable":true,"href":"https:\/\/ofertacular.com\/index.php\/wp-json\/wp\/v2\/product_cat?post=4233"},{"taxonomy":"product_tag","embeddable":true,"href":"https:\/\/ofertacular.com\/index.php\/wp-json\/wp\/v2\/product_tag?post=4233"}],"curies":[{"name":"wp","href":"https:\/\/api.w.org\/{rel}","templated":true}]}}