{"id":4235,"date":"2025-03-25T00:06:32","date_gmt":"2025-03-24T23:06:32","guid":{"rendered":"https:\/\/ofertacular.com\/index.php\/producto\/fire-tv\/"},"modified":"2025-03-25T00:06:32","modified_gmt":"2025-03-24T23:06:32","slug":"fire-tv","status":"publish","type":"product","link":"https:\/\/ofertacular.com\/index.php\/producto\/fire-tv\/","title":{"rendered":"Fire TV"},"content":{"rendered":"<div class=\"oferta-container\">\n<p>\ud83d\udfe5 <b>ES UN CHOLL\u00d3N<\/b> \ud83d\udfe5 #Publicidad #Amazon #16<\/p>\n<p>\ud83d\udd34 <b>Fire TV <\/b><\/p>\n<p>\u2705 <b>AHORA 44.99 \u20ac<\/b> \u2714\ufe0f\ud83d\udfe1<\/p>\n<p>\u274c Antes <\/p>\n<p>\ud83d\uded2: <a href=\"https:\/\/btz.es\/4GzoPeu\" target=\"_blank\" rel=\"nofollow noopener\">https:\/\/btz.es\/4GzoPeu<\/a><\/p>\n<p>&#8211; Reproducci\u00f3n en streaming HD: disfruta de contenido en streaming en Full HD y usa el mando por voz Alexa para controlar la reproducci\u00f3n.<br \/>\n&#8211; Ideal para iniciarse en el mundo de Fire TV: acceder a contenido en streaming nunca hab\u00eda sido tan f\u00e1cil, con miles de horas de pel\u00edculas y cap\u00edtulos de series gratis gracias a las apps de streaming con anuncios, como Pluto TV y m\u00e1s.<br \/>\n&#8211; Pulsa el bot\u00f3n de voz y p\u00eddeselo a Alexa: usa la voz para buscar contenido e iniciar la reproducci\u00f3n en m\u00faltiples apps.<br \/>\n&#8211; Entretenimiento sin l\u00edmites: ve miles de pel\u00edculas y series con Netflix, Prime Video, Disney+, Apple TV+ y m\u00e1s, y escucha millones de canciones. Pueden aplicarse cargos de suscripci\u00f3n. Los botones de app podr\u00edan variar.<br \/>\n&#8211; Ll\u00e9valo contigo: con\u00e9ctalo al puerto HDMI de cualquier televisor para acceder a tus apps de entretenimiento y disfruta de tu contenido favorito all\u00e1 donde vayas.<br \/>\n&#8211; Televisi\u00f3n en directo: ve TV en directo, noticias y deportes con suscripciones a DAZN, Movistar Plus+ y m\u00e1s.<br \/>\n&#8211; Pon tus canciones favoritas: escucha m\u00fasica en streaming con Amazon Music, Spotify y m\u00e1s. Pueden aplicarse cargos de suscripci\u00f3n.<br \/>\n&#8211; Controla tus dispositivos de Hogar digital compatibles: p\u00eddele a Alexa que consulte la informaci\u00f3n del tiempo, aten\u00fae las luces, te muestre el v\u00eddeo en directo de tus c\u00e1maras, reproduzca m\u00fasica en streaming y m\u00e1s.<\/p>\n<\/p><\/div>\n","protected":false},"excerpt":{"rendered":"<p>\ud83d\udfe5 ES UN CHOLL\u00d3N \ud83d\udfe5 #Publicidad #Amazon #16 \ud83d\udd34 Fire TV \u2705 AHORA 44.99 \u20ac \u2714\ufe0f\ud83d\udfe1 \u274c Antes \ud83d\uded2: https:\/\/btz.es\/4GzoPeu &#8211; Reproducci\u00f3n en streaming HD: disfruta de contenido en streaming en Full HD y usa el mando por voz Alexa para controlar la reproducci\u00f3n. &#8211; Ideal para iniciarse en el mundo de Fire TV: acceder [&hellip;]<\/p>\n","protected":false},"featured_media":4234,"template":"","meta":{"_gspb_post_css":""},"store":[],"product_brand":[],"product_cat":[16],"product_tag":[],"class_list":{"0":"post-4235","1":"product","2":"type-product","3":"status-publish","4":"has-post-thumbnail","6":"product_cat-sin-categorizar","8":"first","9":"instock","10":"shipping-taxable","11":"product-type-external"},"jetpack_sharing_enabled":true,"_links":{"self":[{"href":"https:\/\/ofertacular.com\/index.php\/wp-json\/wp\/v2\/product\/4235","targetHints":{"allow":["GET"]}}],"collection":[{"href":"https:\/\/ofertacular.com\/index.php\/wp-json\/wp\/v2\/product"}],"about":[{"href":"https:\/\/ofertacular.com\/index.php\/wp-json\/wp\/v2\/types\/product"}],"wp:featuredmedia":[{"embeddable":true,"href":"https:\/\/ofertacular.com\/index.php\/wp-json\/wp\/v2\/media\/4234"}],"wp:attachment":[{"href":"https:\/\/ofertacular.com\/index.php\/wp-json\/wp\/v2\/media?parent=4235"}],"wp:term":[{"taxonomy":"store","embeddable":true,"href":"https:\/\/ofertacular.com\/index.php\/wp-json\/wp\/v2\/store?post=4235"},{"taxonomy":"product_brand","embeddable":true,"href":"https:\/\/ofertacular.com\/index.php\/wp-json\/wp\/v2\/product_brand?post=4235"},{"taxonomy":"product_cat","embeddable":true,"href":"https:\/\/ofertacular.com\/index.php\/wp-json\/wp\/v2\/product_cat?post=4235"},{"taxonomy":"product_tag","embeddable":true,"href":"https:\/\/ofertacular.com\/index.php\/wp-json\/wp\/v2\/product_tag?post=4235"}],"curies":[{"name":"wp","href":"https:\/\/api.w.org\/{rel}","templated":true}]}}