{"id":4247,"date":"2025-03-25T07:27:09","date_gmt":"2025-03-25T06:27:09","guid":{"rendered":"https:\/\/ofertacular.com\/index.php\/producto\/nothing-buds\/"},"modified":"2025-03-25T07:27:09","modified_gmt":"2025-03-25T06:27:09","slug":"nothing-buds","status":"publish","type":"product","link":"https:\/\/ofertacular.com\/index.php\/producto\/nothing-buds\/","title":{"rendered":"Nothing Buds"},"content":{"rendered":"<div class=\"oferta-container\">\n<p>\ud83d\udfe5 <b>SUPER OFERTA<\/b> \ud83d\udfe5 #Publicidad #Amazon #16<\/p>\n<p>\ud83d\udd34 <b>Auriculares <\/b><\/p>\n<p>\u2705 <b>AHORA 24.99 \u20ac<\/b> \u2714\ufe0f\ud83d\udfe1<\/p>\n<p>\u274c Antes 39.00 \u20ac<\/p>\n<p>\ud83d\uded2: <a href=\"https:\/\/btz.es\/4G1bKHx\" target=\"_blank\" rel=\"nofollow noopener\">https:\/\/btz.es\/4G1bKHx<\/a><\/p>\n<p>&#8211; SINTONIZA Y DESCONECTA: Con una profundidad de 42 dB y un ancho de banda de hasta 2900 Hz, los CMF Buds bloquean el ruido no deseado. El micr\u00f3fono HD externo detecta el ruido ambiental, luego el procesador interno genera ondas sonoras inversas que se emiten a trav\u00e9s de los altavoces para silenciarlo. Tambi\u00e9n soporta el modo Transparencia para que puedas volver a sintonizar cuando la vida te llama<br \/>\n&#8211; CADA LATIDO, COBRANDO VIDA: Fabricados con componentes ac\u00fasticos mejorados y con Tecnolog\u00eda Ultra Bass 2.0, los CMF Buds entregan un sonido real ajustado profesionalmente por Dirac Opteo. Experimenta un paisaje sonoro expansivo con bajos profundos, medios equilibrados y agudos et\u00e9reos, todo en un par de auriculares.<br \/>\n&#8211; M\u00c1S ESCUCHA, MENOS CARGA: M\u00e1s de lo que amas, en menos tiempo. Una bater\u00eda grande de 45 mAh en cada auricular. 8 horas de m\u00fasica sin parar con una sola carga. 35.5 horas de reproducci\u00f3n con el estuche. Una carga r\u00e1pida para adelantarte.<br \/>\n&#8211; CLARIDAD TOTAL: Con 4 micr\u00f3fonos HD y Tecnolog\u00eda de Voz Clara, los CMF Buds pueden aislar el ruido de fondo en tiempo real, haciendo que las llamadas telef\u00f3nicas sean tan claras como conversaciones cara a cara. Entrenados en m\u00e1s de 30 millones de modelos de ruido, incluyendo escenas callejeras y transporte concurrido, para asegurar que el foco siempre est\u00e9 en tu voz.<br \/>\n&#8211; APP NOTHING X: Con\u00e9ctate a la app Nothing X para sacar el m\u00e1ximo partido a los CMF Buds. Ajusta el nivel de Ultra Bass, personaliza los controles t\u00e1ctiles y cambia entre niveles de ANC. Activa el modo de Baja Latencia para reducir la latencia cuando juegas en tu smartphone. Se activa autom\u00e1ticamente al entrar en el Modo Juego en los smartphones Nothing.<\/p>\n<\/p><\/div>\n","protected":false},"excerpt":{"rendered":"<p>\ud83d\udfe5 SUPER OFERTA \ud83d\udfe5 #Publicidad #Amazon #16 \ud83d\udd34 Auriculares \u2705 AHORA 24.99 \u20ac \u2714\ufe0f\ud83d\udfe1 \u274c Antes 39.00 \u20ac \ud83d\uded2: https:\/\/btz.es\/4G1bKHx &#8211; SINTONIZA Y DESCONECTA: Con una profundidad de 42 dB y un ancho de banda de hasta 2900 Hz, los CMF Buds bloquean el ruido no deseado. El micr\u00f3fono HD externo detecta el ruido ambiental, [&hellip;]<\/p>\n","protected":false},"featured_media":4246,"template":"","meta":{"_gspb_post_css":""},"store":[],"product_brand":[],"product_cat":[16],"product_tag":[],"class_list":{"0":"post-4247","1":"product","2":"type-product","3":"status-publish","4":"has-post-thumbnail","6":"product_cat-sin-categorizar","8":"first","9":"instock","10":"sale","11":"shipping-taxable","12":"product-type-external"},"jetpack_sharing_enabled":true,"_links":{"self":[{"href":"https:\/\/ofertacular.com\/index.php\/wp-json\/wp\/v2\/product\/4247","targetHints":{"allow":["GET"]}}],"collection":[{"href":"https:\/\/ofertacular.com\/index.php\/wp-json\/wp\/v2\/product"}],"about":[{"href":"https:\/\/ofertacular.com\/index.php\/wp-json\/wp\/v2\/types\/product"}],"wp:featuredmedia":[{"embeddable":true,"href":"https:\/\/ofertacular.com\/index.php\/wp-json\/wp\/v2\/media\/4246"}],"wp:attachment":[{"href":"https:\/\/ofertacular.com\/index.php\/wp-json\/wp\/v2\/media?parent=4247"}],"wp:term":[{"taxonomy":"store","embeddable":true,"href":"https:\/\/ofertacular.com\/index.php\/wp-json\/wp\/v2\/store?post=4247"},{"taxonomy":"product_brand","embeddable":true,"href":"https:\/\/ofertacular.com\/index.php\/wp-json\/wp\/v2\/product_brand?post=4247"},{"taxonomy":"product_cat","embeddable":true,"href":"https:\/\/ofertacular.com\/index.php\/wp-json\/wp\/v2\/product_cat?post=4247"},{"taxonomy":"product_tag","embeddable":true,"href":"https:\/\/ofertacular.com\/index.php\/wp-json\/wp\/v2\/product_tag?post=4247"}],"curies":[{"name":"wp","href":"https:\/\/api.w.org\/{rel}","templated":true}]}}