{"id":4253,"date":"2025-03-25T08:38:04","date_gmt":"2025-03-25T07:38:04","guid":{"rendered":"https:\/\/ofertacular.com\/index.php\/producto\/oneplus-nord\/"},"modified":"2025-03-25T08:38:04","modified_gmt":"2025-03-25T07:38:04","slug":"oneplus-nord","status":"publish","type":"product","link":"https:\/\/ofertacular.com\/index.php\/producto\/oneplus-nord\/","title":{"rendered":"OnePlus Nord"},"content":{"rendered":"<div class=\"oferta-container\">\n<p>\ud83d\udfe5 <b>CHOLLAZO<\/b> \ud83d\udfe5 #Publicidad #Amazon #16<\/p>\n<p>\ud83d\udd34 <b>Smartphone OnePlus <\/b><\/p>\n<p>\u2705 <b>AHORA 199 \u20ac<\/b> \u2714\ufe0f\ud83d\udfe1<\/p>\n<p>\u274c Antes 329.00 \u20ac<\/p>\n<p>\ud83d\uded2: <a href=\"https:\/\/btz.es\/4G1tAq1\" target=\"_blank\" rel=\"nofollow noopener\">https:\/\/btz.es\/4G1tAq1<\/a><\/p>\n<p>&#8211; {C\u00e1mara} &#8211; La c\u00e1mara principal de 50 MP Sony LYT-600 te da el poder de tomar fotos y videos de calidad Sony directamente en la palma de tu mano. Captura los detalles de tus detalles para tomas en primer plano suaves y realistas con zoom en el sensor 2X. C\u00e1mara Frontal de 16 MP<br \/>\n&#8211; {Procesador} &#8211; El chipset Snapdragon 695 maneja cualquier tarea con facilidad. La tecnolog\u00eda RAM-Vita de vanguardia de OnePlus optimiza el rendimiento, ofreciendo lanzamientos y cambios de aplicaciones ultrarr\u00e1pidos, una gesti\u00f3n eficiente en segundo plano y una experiencia de entretenimiento suave como la seda. 8 GB de RAM + 8 GB de RAM Virtual y la posibilidad de agregar una memoria expandible de hasta 2 TB.<br \/>\n&#8211; {Bater\u00eda} &#8211; Bater\u00eda de 5.110 mAh con carga r\u00e1pida de 80W SUPERVOOC, carga del 1% al 100% en solo 50 minutos. Pr\u00e1ctica carga inversa de 5W, ideal para cargar tus auriculares, accesorios o el tel\u00e9fono de un amigo en caso de emergencia.<br \/>\n&#8211; {Pantalla} &#8211; Sum\u00e9rgete en un mundo de colores vibrantes y visuales n\u00edtidos con la pantalla AMOLED de 6,67 pulgadas y 120 Hz. Fabricada con el mismo material Samsung E4 que el modelo insignia OnePlus 11, ofrece im\u00e1genes impresionantes ya sea que est\u00e9s viendo pel\u00edculas, jugando o viendo tus fotos favoritas.<br \/>\n&#8211; {Software} &#8211; OxygenOS 14 preinstalado. Inspirado en la naturaleza y con herramientas extra \u00fatiles para ayudarte a sacar el m\u00e1ximo provecho de tu dispositivo.<br \/>\n&#8211; La compatibilidad con 5G puede variar seg\u00fan el operador; consulta con tu proveedor de servicios para obtener m\u00e1s informaci\u00f3n<\/p>\n<\/p><\/div>\n","protected":false},"excerpt":{"rendered":"<p>\ud83d\udfe5 CHOLLAZO \ud83d\udfe5 #Publicidad #Amazon #16 \ud83d\udd34 Smartphone OnePlus \u2705 AHORA 199 \u20ac \u2714\ufe0f\ud83d\udfe1 \u274c Antes 329.00 \u20ac \ud83d\uded2: https:\/\/btz.es\/4G1tAq1 &#8211; {C\u00e1mara} &#8211; La c\u00e1mara principal de 50 MP Sony LYT-600 te da el poder de tomar fotos y videos de calidad Sony directamente en la palma de tu mano. Captura los detalles de tus [&hellip;]<\/p>\n","protected":false},"featured_media":4252,"template":"","meta":{"_gspb_post_css":""},"store":[],"product_brand":[],"product_cat":[16],"product_tag":[],"class_list":{"0":"post-4253","1":"product","2":"type-product","3":"status-publish","4":"has-post-thumbnail","6":"product_cat-sin-categorizar","8":"first","9":"instock","10":"sale","11":"shipping-taxable","12":"product-type-external"},"jetpack_sharing_enabled":true,"_links":{"self":[{"href":"https:\/\/ofertacular.com\/index.php\/wp-json\/wp\/v2\/product\/4253","targetHints":{"allow":["GET"]}}],"collection":[{"href":"https:\/\/ofertacular.com\/index.php\/wp-json\/wp\/v2\/product"}],"about":[{"href":"https:\/\/ofertacular.com\/index.php\/wp-json\/wp\/v2\/types\/product"}],"wp:featuredmedia":[{"embeddable":true,"href":"https:\/\/ofertacular.com\/index.php\/wp-json\/wp\/v2\/media\/4252"}],"wp:attachment":[{"href":"https:\/\/ofertacular.com\/index.php\/wp-json\/wp\/v2\/media?parent=4253"}],"wp:term":[{"taxonomy":"store","embeddable":true,"href":"https:\/\/ofertacular.com\/index.php\/wp-json\/wp\/v2\/store?post=4253"},{"taxonomy":"product_brand","embeddable":true,"href":"https:\/\/ofertacular.com\/index.php\/wp-json\/wp\/v2\/product_brand?post=4253"},{"taxonomy":"product_cat","embeddable":true,"href":"https:\/\/ofertacular.com\/index.php\/wp-json\/wp\/v2\/product_cat?post=4253"},{"taxonomy":"product_tag","embeddable":true,"href":"https:\/\/ofertacular.com\/index.php\/wp-json\/wp\/v2\/product_tag?post=4253"}],"curies":[{"name":"wp","href":"https:\/\/api.w.org\/{rel}","templated":true}]}}