{"id":4265,"date":"2025-03-25T10:27:17","date_gmt":"2025-03-25T09:27:17","guid":{"rendered":"https:\/\/ofertacular.com\/index.php\/producto\/cmf-phone\/"},"modified":"2025-03-25T10:27:17","modified_gmt":"2025-03-25T09:27:17","slug":"cmf-phone","status":"publish","type":"product","link":"https:\/\/ofertacular.com\/index.php\/producto\/cmf-phone\/","title":{"rendered":"CMF Phone"},"content":{"rendered":"<div class=\"oferta-container\">\n<p>\ud83d\udfe5 <b>EXCLUSIVO<\/b> \ud83d\udfe5 #Publicidad #Amazon #16<\/p>\n<p>\ud83d\udd34 <b>CMF Tel\u00e9fono <\/b><\/p>\n<p>\u2705 <b>AHORA 179 \u20ac<\/b> \u2714\ufe0f\ud83d\udfe1<\/p>\n<p>\u274c Antes 239.00 \u20ac<\/p>\n<p>\ud83d\uded2: <a href=\"https:\/\/btz.es\/4G1LgkM\" target=\"_blank\" rel=\"nofollow noopener\">https:\/\/btz.es\/4G1LgkM<\/a><\/p>\n<p>&#8211; UNA MARAVILLA CARGADA DE POTENCIA &#8211; El nuevo procesador MediaTek Dimensity 7300 5G ofrece una inmejorable eficiencia energ\u00e9tica. Con hasta 16 GB de RAM, todas tus aplicaciones estar\u00e1n siempre disponibles. Utiliza hasta 8 GB del almacenamiento con RAM Booster para mantener m\u00e1s aplicaciones activas en segundo plano cuando la RAM nativa est\u00e9 llena. NOTA: NFC\/Google Pay no son compatibles<br \/>\n&#8211; BATER\u00cdA DE 5000 mAh &#8211; Combinado con su excepcional eficiencia energ\u00e9tica, que se consigue gracias a su procesador, CMF Phone 1 puede durar hasta dos d\u00edas con una sola carga. Tambi\u00e9n permite realizar cargas r\u00e1pidas a 33W, que consigue cargar la bateria el 50% en tan solo 20 minutos. Adem\u00e1s, hemos desarrollado la tecnolog\u00eda Battery Health para prolongar la vida \u00fatil de la bater\u00eda mediante modos de carga inteligentes y personalizados.<br \/>\n&#8211; SIEMPRE TODOS LOS DETALLES &#8211; CMF Phone 1 cuenta con una excepcional c\u00e1mara trasera Sony de 50 MP y con un sensor especial para retratos que te permite dar vida a los protagonistas. Con un apertura equivalente a f\/1.8 y un campo de visi\u00f3n de 79\u00ba. 16 MP c\u00e1mara delantera que aprovecha al m\u00e1ximo todos nuestros m\u00e1s recientes y mejores algoritmos de fotograf\u00eda.<br \/>\n&#8211; TRUELENS ENGINE 2.0 &#8211; Algoritmos fotogr\u00e1ficos computacionales avanzados que dan vida a los detalles m\u00e1s minuciosos en todas y cada una de las fotos. ULTRA XDR &#8211; Combina el software Advanced HDR de Nothing con la \u00faltima tecnolog\u00eda Ultra HDR de Android para que tus im\u00e1genes sean lo m\u00e1s reales posible. MODO V\u00cdVIDO CON IA &#8211; Con la ayuda de la IA, las im\u00e1genes son m\u00e1s n\u00edtidas, con tonos m\u00e1s intensos y mayores contrastes.<br \/>\n&#8211; DESLUMBRANTE DESDE EL PRINCIPIO &#8211; Pantalla Super AMOLED de 6,67&#8243; con Frecuencia de Refresco Adaptativa de 120 Hz, 2000 nits de brillo m\u00e1ximo Y HDR 10+.<br \/>\n&#8211; NOTHING OS 2.6 &#8211; Disfruta de una experiencia Android 14 totalmente \u00fanica con Nothing OS 2.6. Nothing OS ofrece lo mejor de las innovaciones de Android, sin bloatware. Mantente al d\u00eda con 2 a\u00f1os de actualizaciones de Android y 3 a\u00f1os de actualizaciones de seguridad.<br \/>\n&#8211; CHATGPT &#8211; Pregunta, escucha y aprende de ChatGPT sobre la marcha. Una integraci\u00f3n \u00fanica, dise\u00f1ada para tu ecosistema Nothing. Solo con auriculares de CMF by Nothing y de Nothing cuando se conectan a un smartphone de CMF o de Nothing. Compatible con CMF Phone 1, Phone 1, Phone 2 y Phone 2a.<br \/>\n&#8211; WIDGETS PERSONALIZADOS POR NOTHING &#8211; Obt\u00e9n las respuestas que necesitas m\u00e1s r\u00e1pido y tenlas al alcance de tu mano. Busca por texto, voz o imagen directamente desde tu pantalla de inicio.<br \/>\n&#8211; DESCARGO DE RESPONSABILIDAD &#8211; El usuario solo puede desmontar las siguientes partes: los cuatro tornillos de ranura externos de la carcasa, el tornillo decorativo en la esquina inferior derecha de la carcasa, la bandeja SIM y la carcasa. El usuario no debe desmontar ningun otro componente, ya que esto invalidar\u00eda la garant\u00eda. NFC\/Google Pay no son compatibles.<\/p>\n<\/p><\/div>\n","protected":false},"excerpt":{"rendered":"<p>\ud83d\udfe5 EXCLUSIVO \ud83d\udfe5 #Publicidad #Amazon #16 \ud83d\udd34 CMF Tel\u00e9fono \u2705 AHORA 179 \u20ac \u2714\ufe0f\ud83d\udfe1 \u274c Antes 239.00 \u20ac \ud83d\uded2: https:\/\/btz.es\/4G1LgkM &#8211; UNA MARAVILLA CARGADA DE POTENCIA &#8211; El nuevo procesador MediaTek Dimensity 7300 5G ofrece una inmejorable eficiencia energ\u00e9tica. Con hasta 16 GB de RAM, todas tus aplicaciones estar\u00e1n siempre disponibles. Utiliza hasta 8 GB [&hellip;]<\/p>\n","protected":false},"featured_media":4264,"template":"","meta":{"_gspb_post_css":""},"store":[],"product_brand":[],"product_cat":[16],"product_tag":[],"class_list":{"0":"post-4265","1":"product","2":"type-product","3":"status-publish","4":"has-post-thumbnail","6":"product_cat-sin-categorizar","8":"first","9":"instock","10":"sale","11":"shipping-taxable","12":"product-type-external"},"jetpack_sharing_enabled":true,"_links":{"self":[{"href":"https:\/\/ofertacular.com\/index.php\/wp-json\/wp\/v2\/product\/4265","targetHints":{"allow":["GET"]}}],"collection":[{"href":"https:\/\/ofertacular.com\/index.php\/wp-json\/wp\/v2\/product"}],"about":[{"href":"https:\/\/ofertacular.com\/index.php\/wp-json\/wp\/v2\/types\/product"}],"wp:featuredmedia":[{"embeddable":true,"href":"https:\/\/ofertacular.com\/index.php\/wp-json\/wp\/v2\/media\/4264"}],"wp:attachment":[{"href":"https:\/\/ofertacular.com\/index.php\/wp-json\/wp\/v2\/media?parent=4265"}],"wp:term":[{"taxonomy":"store","embeddable":true,"href":"https:\/\/ofertacular.com\/index.php\/wp-json\/wp\/v2\/store?post=4265"},{"taxonomy":"product_brand","embeddable":true,"href":"https:\/\/ofertacular.com\/index.php\/wp-json\/wp\/v2\/product_brand?post=4265"},{"taxonomy":"product_cat","embeddable":true,"href":"https:\/\/ofertacular.com\/index.php\/wp-json\/wp\/v2\/product_cat?post=4265"},{"taxonomy":"product_tag","embeddable":true,"href":"https:\/\/ofertacular.com\/index.php\/wp-json\/wp\/v2\/product_tag?post=4265"}],"curies":[{"name":"wp","href":"https:\/\/api.w.org\/{rel}","templated":true}]}}