{"id":4267,"date":"2025-03-25T10:27:49","date_gmt":"2025-03-25T09:27:49","guid":{"rendered":"https:\/\/ofertacular.com\/index.php\/producto\/corsair-void\/"},"modified":"2025-03-25T10:27:49","modified_gmt":"2025-03-25T09:27:49","slug":"corsair-void","status":"publish","type":"product","link":"https:\/\/ofertacular.com\/index.php\/producto\/corsair-void\/","title":{"rendered":"Corsair VOID"},"content":{"rendered":"<div class=\"oferta-container\">\n<p>\ud83d\udfe5 <b>\u00a1S\u00d3LO HOY!<\/b> \ud83d\udfe5 #Publicidad #Amazon #16<\/p>\n<p>\ud83d\udd34 <b>Auriculares Corsair <\/b><\/p>\n<p>\u2705 <b>AHORA 79.99 \u20ac<\/b> \u2714\ufe0f\ud83d\udfe1<\/p>\n<p>\u274c Antes 109.99 \u20ac<\/p>\n<p>\ud83d\uded2: <a href=\"https:\/\/btz.es\/4G1Lo2h\" target=\"_blank\" rel=\"nofollow noopener\">https:\/\/btz.es\/4G1Lo2h<\/a><\/p>\n<p>&#8211; Sonido impresionante: para personalizar controladores de audio premium de neodimio de 50 mm con un amplio rango de frecuencia de 20 Hz a 30 000 Hz<br \/>\n&#8211; Comodidad duradera: la malla de microfibra transpirable y las almohadillas de espuma viscoel\u00e1stica garantizan una comodidad duradera, incluso durante largas sesiones de juego<br \/>\n&#8211; Inal\u00e1mbrico de baja latencia de 2,4 GHz: con\u00e9ctese de forma inal\u00e1mbrica a su PC o PS4 mediante el adaptador USB incluido; el sonido envolvente 7.1 solo est\u00e1 disponible en el PC<br \/>\n&#8211; Micr\u00f3fono omnidireccional optimizado: capta tu voz con gran claridad; incluye funci\u00f3n de silencio abatible y luz LED de silencio integrada<br \/>\n&#8211; Dise\u00f1o robusto con marco de aluminio: permite soportar a\u00f1os de juego. Sensibilidad del micr\u00f3fono: -42 dB +\/- 3 dB<br \/>\n&#8211; Sonido envolvente 7.1 envolvente: crea una experiencia de audio multicanal en el ordenador que te sit\u00faa en el centro de la acci\u00f3n<br \/>\n&#8211; Libertad inal\u00e1mbrica: alcance de hasta 12 metros y hasta 16 horas de duraci\u00f3n de la bater\u00eda; no interrumpa nunca su juego gracias a la posibilidad de conectarlo<\/p>\n<\/p><\/div>\n","protected":false},"excerpt":{"rendered":"<p>\ud83d\udfe5 \u00a1S\u00d3LO HOY! \ud83d\udfe5 #Publicidad #Amazon #16 \ud83d\udd34 Auriculares Corsair \u2705 AHORA 79.99 \u20ac \u2714\ufe0f\ud83d\udfe1 \u274c Antes 109.99 \u20ac \ud83d\uded2: https:\/\/btz.es\/4G1Lo2h &#8211; Sonido impresionante: para personalizar controladores de audio premium de neodimio de 50 mm con un amplio rango de frecuencia de 20 Hz a 30 000 Hz &#8211; Comodidad duradera: la malla de microfibra [&hellip;]<\/p>\n","protected":false},"featured_media":4266,"template":"","meta":{"_gspb_post_css":""},"store":[],"product_brand":[],"product_cat":[16],"product_tag":[],"class_list":{"0":"post-4267","1":"product","2":"type-product","3":"status-publish","4":"has-post-thumbnail","6":"product_cat-sin-categorizar","8":"first","9":"instock","10":"sale","11":"shipping-taxable","12":"product-type-external"},"jetpack_sharing_enabled":true,"_links":{"self":[{"href":"https:\/\/ofertacular.com\/index.php\/wp-json\/wp\/v2\/product\/4267","targetHints":{"allow":["GET"]}}],"collection":[{"href":"https:\/\/ofertacular.com\/index.php\/wp-json\/wp\/v2\/product"}],"about":[{"href":"https:\/\/ofertacular.com\/index.php\/wp-json\/wp\/v2\/types\/product"}],"wp:featuredmedia":[{"embeddable":true,"href":"https:\/\/ofertacular.com\/index.php\/wp-json\/wp\/v2\/media\/4266"}],"wp:attachment":[{"href":"https:\/\/ofertacular.com\/index.php\/wp-json\/wp\/v2\/media?parent=4267"}],"wp:term":[{"taxonomy":"store","embeddable":true,"href":"https:\/\/ofertacular.com\/index.php\/wp-json\/wp\/v2\/store?post=4267"},{"taxonomy":"product_brand","embeddable":true,"href":"https:\/\/ofertacular.com\/index.php\/wp-json\/wp\/v2\/product_brand?post=4267"},{"taxonomy":"product_cat","embeddable":true,"href":"https:\/\/ofertacular.com\/index.php\/wp-json\/wp\/v2\/product_cat?post=4267"},{"taxonomy":"product_tag","embeddable":true,"href":"https:\/\/ofertacular.com\/index.php\/wp-json\/wp\/v2\/product_tag?post=4267"}],"curies":[{"name":"wp","href":"https:\/\/api.w.org\/{rel}","templated":true}]}}