{"id":4269,"date":"2025-03-25T10:33:16","date_gmt":"2025-03-25T09:33:16","guid":{"rendered":"https:\/\/ofertacular.com\/index.php\/producto\/bic-boligrafos-large\/"},"modified":"2025-03-25T10:33:16","modified_gmt":"2025-03-25T09:33:16","slug":"bic-boligrafos-large","status":"publish","type":"product","link":"https:\/\/ofertacular.com\/index.php\/producto\/bic-boligrafos-large\/","title":{"rendered":"BIC Boligrafos Large"},"content":{"rendered":"<div class=\"oferta-container\">\n<p>\ud83d\udfe5 <b>DATE PRISA<\/b> \ud83d\udfe5 #Publicidad #Amazon #1<\/p>\n<p>\ud83d\udd34 <b>Bol\u00edgrafos BIC <\/b><\/p>\n<p>\u2705 <b>AHORA 5.04 \u20ac<\/b> \u2714\ufe0f\ud83d\udfe1<\/p>\n<p>\u274c Antes 12.61 \u20ac<\/p>\n<p>\ud83d\uded2: <a href=\"https:\/\/btz.es\/4G1MBwJ\" target=\"_blank\" rel=\"nofollow noopener\">https:\/\/btz.es\/4G1MBwJ<\/a><\/p>\n<p>&#8211; El m\u00edtico boli BIC Cristal, ahora tambi\u00e9n disponible con una amplia punta de 1,6 mm que facilita la legibilidad<br \/>\n&#8211; El cuidado dise\u00f1o de la bola ofrece la uniformidad y fluidez del flujo de tinta, para que escribir sea un aut\u00e9ntico placer<br \/>\n&#8211; Para diferenciarlo de su tocayo, el boli BIC Cristal Original, el cuerpo hexagonal de esta versi\u00f3n tiene un color ligeramente ahumado<br \/>\n&#8211; El capuch\u00f3n y el tap\u00f3n son del mismo color que la tinta, para que localices a la primera el boli que buscas<br \/>\n&#8211; Esta caja contiene 50 bol\u00edgrafos con tinta azul: color imprescindible para tomar notas limpias y legibles<\/p>\n<\/p><\/div>\n","protected":false},"excerpt":{"rendered":"<p>\ud83d\udfe5 DATE PRISA \ud83d\udfe5 #Publicidad #Amazon #1 \ud83d\udd34 Bol\u00edgrafos BIC \u2705 AHORA 5.04 \u20ac \u2714\ufe0f\ud83d\udfe1 \u274c Antes 12.61 \u20ac \ud83d\uded2: https:\/\/btz.es\/4G1MBwJ &#8211; El m\u00edtico boli BIC Cristal, ahora tambi\u00e9n disponible con una amplia punta de 1,6 mm que facilita la legibilidad &#8211; El cuidado dise\u00f1o de la bola ofrece la uniformidad y fluidez del flujo [&hellip;]<\/p>\n","protected":false},"featured_media":4268,"template":"","meta":{"_gspb_post_css":""},"store":[],"product_brand":[],"product_cat":[16],"product_tag":[],"class_list":{"0":"post-4269","1":"product","2":"type-product","3":"status-publish","4":"has-post-thumbnail","6":"product_cat-sin-categorizar","8":"first","9":"instock","10":"sale","11":"shipping-taxable","12":"product-type-external"},"jetpack_sharing_enabled":true,"_links":{"self":[{"href":"https:\/\/ofertacular.com\/index.php\/wp-json\/wp\/v2\/product\/4269","targetHints":{"allow":["GET"]}}],"collection":[{"href":"https:\/\/ofertacular.com\/index.php\/wp-json\/wp\/v2\/product"}],"about":[{"href":"https:\/\/ofertacular.com\/index.php\/wp-json\/wp\/v2\/types\/product"}],"wp:featuredmedia":[{"embeddable":true,"href":"https:\/\/ofertacular.com\/index.php\/wp-json\/wp\/v2\/media\/4268"}],"wp:attachment":[{"href":"https:\/\/ofertacular.com\/index.php\/wp-json\/wp\/v2\/media?parent=4269"}],"wp:term":[{"taxonomy":"store","embeddable":true,"href":"https:\/\/ofertacular.com\/index.php\/wp-json\/wp\/v2\/store?post=4269"},{"taxonomy":"product_brand","embeddable":true,"href":"https:\/\/ofertacular.com\/index.php\/wp-json\/wp\/v2\/product_brand?post=4269"},{"taxonomy":"product_cat","embeddable":true,"href":"https:\/\/ofertacular.com\/index.php\/wp-json\/wp\/v2\/product_cat?post=4269"},{"taxonomy":"product_tag","embeddable":true,"href":"https:\/\/ofertacular.com\/index.php\/wp-json\/wp\/v2\/product_tag?post=4269"}],"curies":[{"name":"wp","href":"https:\/\/api.w.org\/{rel}","templated":true}]}}