{"id":4279,"date":"2025-03-25T11:24:08","date_gmt":"2025-03-25T10:24:08","guid":{"rendered":"https:\/\/ofertacular.com\/index.php\/producto\/dubliner-jacket-2\/"},"modified":"2025-03-25T11:24:08","modified_gmt":"2025-03-25T10:24:08","slug":"dubliner-jacket-2","status":"publish","type":"product","link":"https:\/\/ofertacular.com\/index.php\/producto\/dubliner-jacket-2\/","title":{"rendered":"Dubliner Jacket"},"content":{"rendered":"<div class=\"oferta-container\">\n<p>\ud83d\udfe5 <b>\u00a1OFERTA ESPECIAL!<\/b> \ud83d\udfe5 #Publicidad #Amazon #16<\/p>\n<p>\ud83d\udd34 <b>Chaqueta Dubliner <\/b><\/p>\n<p>\u2705 <b>AHORA 63.06 \u20ac<\/b> \u2714\ufe0f\ud83d\udfe1<\/p>\n<p>\u274c Antes 135.00 \u20ac<\/p>\n<p>\ud83d\uded2: <a href=\"https:\/\/btz.es\/4G1Zz6A\" target=\"_blank\" rel=\"nofollow noopener\">https:\/\/btz.es\/4G1Zz6A<\/a><\/p>\n<p>&#8211; Chubasquero para hombre elegante, vers\u00e1til y totalmente impermeable<br \/>\n&#8211; El Dubliner tiene un corte afilado y nuestro fiable sistema de protecci\u00f3n impermeable o transpirable HELLY TECH: todo lo que necesitas para verte y sentirte bien en un d\u00eda lluvioso en la ciudad; el exterior tiene un tratamiento repelente al agua sin PFC; su forro ligero de secado r\u00e1pido a\u00f1ade comodidad tanto en climas c\u00e1lidos como fr\u00edos; pensando en el planeta, esta chaqueta est\u00e1 fabricada de forma responsable seg\u00fan el proceso de fabricaci\u00f3n textil certificado bluesign<br \/>\n&#8211; Exterior: 100% poli\u00e9ster &#8211; Forro: 100% poli\u00e9ster &#8211; Forro 2: 100% poli\u00e9ster<br \/>\n&#8211; Art\u00edculos entregados: 1x Helly Hansen Hombre Chubasquero Dubliner,XL,Azul marino<\/p>\n<\/p><\/div>\n","protected":false},"excerpt":{"rendered":"<p>\ud83d\udfe5 \u00a1OFERTA ESPECIAL! \ud83d\udfe5 #Publicidad #Amazon #16 \ud83d\udd34 Chaqueta Dubliner \u2705 AHORA 63.06 \u20ac \u2714\ufe0f\ud83d\udfe1 \u274c Antes 135.00 \u20ac \ud83d\uded2: https:\/\/btz.es\/4G1Zz6A &#8211; Chubasquero para hombre elegante, vers\u00e1til y totalmente impermeable &#8211; El Dubliner tiene un corte afilado y nuestro fiable sistema de protecci\u00f3n impermeable o transpirable HELLY TECH: todo lo que necesitas para verte y [&hellip;]<\/p>\n","protected":false},"featured_media":4278,"template":"","meta":{"_gspb_post_css":""},"store":[],"product_brand":[],"product_cat":[16],"product_tag":[],"class_list":{"0":"post-4279","1":"product","2":"type-product","3":"status-publish","4":"has-post-thumbnail","6":"product_cat-sin-categorizar","8":"first","9":"instock","10":"sale","11":"shipping-taxable","12":"product-type-external"},"jetpack_sharing_enabled":true,"_links":{"self":[{"href":"https:\/\/ofertacular.com\/index.php\/wp-json\/wp\/v2\/product\/4279","targetHints":{"allow":["GET"]}}],"collection":[{"href":"https:\/\/ofertacular.com\/index.php\/wp-json\/wp\/v2\/product"}],"about":[{"href":"https:\/\/ofertacular.com\/index.php\/wp-json\/wp\/v2\/types\/product"}],"wp:featuredmedia":[{"embeddable":true,"href":"https:\/\/ofertacular.com\/index.php\/wp-json\/wp\/v2\/media\/4278"}],"wp:attachment":[{"href":"https:\/\/ofertacular.com\/index.php\/wp-json\/wp\/v2\/media?parent=4279"}],"wp:term":[{"taxonomy":"store","embeddable":true,"href":"https:\/\/ofertacular.com\/index.php\/wp-json\/wp\/v2\/store?post=4279"},{"taxonomy":"product_brand","embeddable":true,"href":"https:\/\/ofertacular.com\/index.php\/wp-json\/wp\/v2\/product_brand?post=4279"},{"taxonomy":"product_cat","embeddable":true,"href":"https:\/\/ofertacular.com\/index.php\/wp-json\/wp\/v2\/product_cat?post=4279"},{"taxonomy":"product_tag","embeddable":true,"href":"https:\/\/ofertacular.com\/index.php\/wp-json\/wp\/v2\/product_tag?post=4279"}],"curies":[{"name":"wp","href":"https:\/\/api.w.org\/{rel}","templated":true}]}}