{"id":4281,"date":"2025-03-25T11:29:26","date_gmt":"2025-03-25T10:29:26","guid":{"rendered":"https:\/\/ofertacular.com\/index.php\/producto\/masaje-muscular\/"},"modified":"2025-03-25T11:29:26","modified_gmt":"2025-03-25T10:29:26","slug":"masaje-muscular","status":"publish","type":"product","link":"https:\/\/ofertacular.com\/index.php\/producto\/masaje-muscular\/","title":{"rendered":"Masaje Muscular"},"content":{"rendered":"<div class=\"oferta-container\">\n<p>\ud83d\udfe5 <b>AHORRA AQU\u00cd<\/b> \ud83d\udfe5 #Publicidad #Amazon #16<\/p>\n<p>\ud83d\udd34 <b>Masaje MUSCULAR <\/b><\/p>\n<p>\u2705 <b>AHORA 25.49 \u20ac<\/b> \u2714\ufe0f\ud83d\udfe1<\/p>\n<p>\u274c Antes 29.99 \u20ac<\/p>\n<p>\ud83d\uded2: <a href=\"https:\/\/btz.es\/4G2aKkE\" target=\"_blank\" rel=\"nofollow noopener\">https:\/\/btz.es\/4G2aKkE<\/a><\/p>\n<p>&#8211; \u2705Debido al consumo de energ\u00eda durante el transporte, se recomienda cargar el masajeador durante 8 horas para activar completamente la bater\u00eda despu\u00e9s de recibirlo. La carga a 99 fuente de alimentaci\u00f3n no parpadea para indicar carga completa. Si tiene alg\u00fan problema de calidad , \u00a1no dude en contactarnos en 24 horas!<br \/>\n&#8211; \u2705\u3010Protecci\u00f3n inteligente de 10 minutos\u3011Se detendr\u00e1 autom\u00e1ticamente despu\u00e9s de 10 minutos de uso continuo para evitar da\u00f1os excesivos por masaje. se puede apagar manualmente<br \/>\n&#8211; \u2705Por ejemplo, despu\u00e9s de hacer flexiones, los entusiastas del fitness utilizan la pistola de masaje muscular durante un par de minutos en los m\u00fasculos del pecho. Tambi\u00e9n se puede utilizar para calentar antes del ejercicio. Disfrute de un masaje relajante en cualquier lugar y en cualquier momento: en un gimnasio ruidoso, una oficina ocupada, una casa tranquila o en medio del tr\u00e1fico.<br \/>\n&#8211; \u27056 CABEZALES DE MASAJE Y 20 NIVELES DE VELOCIDAD: Viene con seis cabezales diferentes para atender a cada grupo de m\u00fasculos. Diferentes cabezales de masaje y niveles de velocidad, un masaje relajante para las necesidades de cada m\u00fasculo.<br \/>\n&#8211; \u2705LIGERO Y ESTUCHE DE TRANSPORTE INCLUIDOS: Ergon\u00f3mico y f\u00e1cil de usar. Su tama\u00f1o compacto y su estuche hacen que sea f\u00e1cil de transportar para usar en el trabajo, el gimnasio y otros lugares dondequiera que vaya. \u00a1Esta pistola de masaje es el regalo perfecto para sus seres queridos!<\/p>\n<\/p><\/div>\n","protected":false},"excerpt":{"rendered":"<p>\ud83d\udfe5 AHORRA AQU\u00cd \ud83d\udfe5 #Publicidad #Amazon #16 \ud83d\udd34 Masaje MUSCULAR \u2705 AHORA 25.49 \u20ac \u2714\ufe0f\ud83d\udfe1 \u274c Antes 29.99 \u20ac \ud83d\uded2: https:\/\/btz.es\/4G2aKkE &#8211; \u2705Debido al consumo de energ\u00eda durante el transporte, se recomienda cargar el masajeador durante 8 horas para activar completamente la bater\u00eda despu\u00e9s de recibirlo. La carga a 99 fuente de alimentaci\u00f3n no parpadea [&hellip;]<\/p>\n","protected":false},"featured_media":4280,"template":"","meta":{"_gspb_post_css":""},"store":[],"product_brand":[],"product_cat":[16],"product_tag":[],"class_list":{"0":"post-4281","1":"product","2":"type-product","3":"status-publish","4":"has-post-thumbnail","6":"product_cat-sin-categorizar","8":"first","9":"instock","10":"sale","11":"shipping-taxable","12":"product-type-external"},"jetpack_sharing_enabled":true,"_links":{"self":[{"href":"https:\/\/ofertacular.com\/index.php\/wp-json\/wp\/v2\/product\/4281","targetHints":{"allow":["GET"]}}],"collection":[{"href":"https:\/\/ofertacular.com\/index.php\/wp-json\/wp\/v2\/product"}],"about":[{"href":"https:\/\/ofertacular.com\/index.php\/wp-json\/wp\/v2\/types\/product"}],"wp:featuredmedia":[{"embeddable":true,"href":"https:\/\/ofertacular.com\/index.php\/wp-json\/wp\/v2\/media\/4280"}],"wp:attachment":[{"href":"https:\/\/ofertacular.com\/index.php\/wp-json\/wp\/v2\/media?parent=4281"}],"wp:term":[{"taxonomy":"store","embeddable":true,"href":"https:\/\/ofertacular.com\/index.php\/wp-json\/wp\/v2\/store?post=4281"},{"taxonomy":"product_brand","embeddable":true,"href":"https:\/\/ofertacular.com\/index.php\/wp-json\/wp\/v2\/product_brand?post=4281"},{"taxonomy":"product_cat","embeddable":true,"href":"https:\/\/ofertacular.com\/index.php\/wp-json\/wp\/v2\/product_cat?post=4281"},{"taxonomy":"product_tag","embeddable":true,"href":"https:\/\/ofertacular.com\/index.php\/wp-json\/wp\/v2\/product_tag?post=4281"}],"curies":[{"name":"wp","href":"https:\/\/api.w.org\/{rel}","templated":true}]}}