{"id":4285,"date":"2025-03-25T12:40:34","date_gmt":"2025-03-25T11:40:34","guid":{"rendered":"https:\/\/ofertacular.com\/index.php\/producto\/candy-secadora\/"},"modified":"2025-03-25T12:40:34","modified_gmt":"2025-03-25T11:40:34","slug":"candy-secadora","status":"publish","type":"product","link":"https:\/\/ofertacular.com\/index.php\/producto\/candy-secadora\/","title":{"rendered":"Candy Secadora"},"content":{"rendered":"<div class=\"oferta-container\">\n<p>\ud83d\udfe5 <b>ES UN CHOLL\u00d3N<\/b> \ud83d\udfe5 #Publicidad #Amazon #16<\/p>\n<p>\ud83d\udd34 <b>Secadora Candy <\/b><\/p>\n<p>\u2705 <b>AHORA 286.99 \u20ac<\/b> \u2714\ufe0f\ud83d\udfe1<\/p>\n<p>\u274c Antes 389.00 \u20ac<\/p>\n<p>\ud83d\uded2: <a href=\"https:\/\/btz.es\/4G2sEse\" target=\"_blank\" rel=\"nofollow noopener\">https:\/\/btz.es\/4G2sEse<\/a><\/p>\n<p>&#8211; Un nuevo asistente en el hogar adaptado a tus necesidades: secadora con capacidad de 8kg, sensor de humedad y funciones pr\u00e1cticas, como el inicio retrasado o el detector de kg<br \/>\n&#8211; Garantiza el m\u00e1ximo confort con el m\u00ednimo con la puerta XXL: desp\u00eddete de los dolores de espalda gracias a una escotilla 3,5cm m\u00e1s grande, que facilita la carga y descarga de la colada<br \/>\n&#8211; Ahorra tiempo en el planchado, con menos arrugas en la colada: con sensores que detectan la humedad de la ropa y utilizan solo el calor necesario para su secado<br \/>\n&#8211; Cuidado especial de todas tus prendas, con tecnolog\u00eda de condensaci\u00f3n: sin necesidad de salida de aire, ofrece un secado delicado incluso para los tejidos m\u00e1s sensibles como la lana o los sint\u00e9ticos<br \/>\n&#8211; Tama\u00f1o alto x ancho x fondo: 85 x 59,6 x 58,5 cm<\/p>\n<\/p><\/div>\n","protected":false},"excerpt":{"rendered":"<p>\ud83d\udfe5 ES UN CHOLL\u00d3N \ud83d\udfe5 #Publicidad #Amazon #16 \ud83d\udd34 Secadora Candy \u2705 AHORA 286.99 \u20ac \u2714\ufe0f\ud83d\udfe1 \u274c Antes 389.00 \u20ac \ud83d\uded2: https:\/\/btz.es\/4G2sEse &#8211; Un nuevo asistente en el hogar adaptado a tus necesidades: secadora con capacidad de 8kg, sensor de humedad y funciones pr\u00e1cticas, como el inicio retrasado o el detector de kg &#8211; Garantiza [&hellip;]<\/p>\n","protected":false},"featured_media":4284,"template":"","meta":{"_gspb_post_css":""},"store":[],"product_brand":[],"product_cat":[16],"product_tag":[],"class_list":{"0":"post-4285","1":"product","2":"type-product","3":"status-publish","4":"has-post-thumbnail","6":"product_cat-sin-categorizar","8":"first","9":"instock","10":"sale","11":"shipping-taxable","12":"product-type-external"},"jetpack_sharing_enabled":true,"_links":{"self":[{"href":"https:\/\/ofertacular.com\/index.php\/wp-json\/wp\/v2\/product\/4285","targetHints":{"allow":["GET"]}}],"collection":[{"href":"https:\/\/ofertacular.com\/index.php\/wp-json\/wp\/v2\/product"}],"about":[{"href":"https:\/\/ofertacular.com\/index.php\/wp-json\/wp\/v2\/types\/product"}],"wp:featuredmedia":[{"embeddable":true,"href":"https:\/\/ofertacular.com\/index.php\/wp-json\/wp\/v2\/media\/4284"}],"wp:attachment":[{"href":"https:\/\/ofertacular.com\/index.php\/wp-json\/wp\/v2\/media?parent=4285"}],"wp:term":[{"taxonomy":"store","embeddable":true,"href":"https:\/\/ofertacular.com\/index.php\/wp-json\/wp\/v2\/store?post=4285"},{"taxonomy":"product_brand","embeddable":true,"href":"https:\/\/ofertacular.com\/index.php\/wp-json\/wp\/v2\/product_brand?post=4285"},{"taxonomy":"product_cat","embeddable":true,"href":"https:\/\/ofertacular.com\/index.php\/wp-json\/wp\/v2\/product_cat?post=4285"},{"taxonomy":"product_tag","embeddable":true,"href":"https:\/\/ofertacular.com\/index.php\/wp-json\/wp\/v2\/product_tag?post=4285"}],"curies":[{"name":"wp","href":"https:\/\/api.w.org\/{rel}","templated":true}]}}