{"id":4289,"date":"2025-03-26T08:29:48","date_gmt":"2025-03-26T07:29:48","guid":{"rendered":"https:\/\/ofertacular.com\/index.php\/producto\/robot-aspirador-2\/"},"modified":"2025-03-26T08:29:48","modified_gmt":"2025-03-26T07:29:48","slug":"robot-aspirador-2","status":"publish","type":"product","link":"https:\/\/ofertacular.com\/index.php\/producto\/robot-aspirador-2\/","title":{"rendered":"Robot Aspirador"},"content":{"rendered":"<div class=\"oferta-container\">\n<p>\ud83d\udfe5 <b>\u00a1APROVECHA!<\/b> \ud83d\udfe5 #Publicidad #Amazon #16<\/p>\n<p>\ud83d\udd34 <b>Robot Aspirador <\/b><\/p>\n<p>\u2705 <b>AHORA 54.7 \u20ac<\/b> \u2714\ufe0f\ud83d\udfe1<\/p>\n<p>\u274c Antes 66.91 \u20ac<\/p>\n<p>\ud83d\uded2: <a href=\"https:\/\/btz.es\/4G7icPm\" target=\"_blank\" rel=\"nofollow noopener\">https:\/\/btz.es\/4G7icPm<\/a><\/p>\n<p>&#8211; ASPIRADOR ROBOT 3 EN 1: Funci\u00f3n de barrido con 2 cepillos laterales y un cepillo central grande. Funci\u00f3n de aspiraci\u00f3n con una potencia de aspiraci\u00f3n de hasta 1600 Pa. Funci\u00f3n de fregado de suelo con un gran dep\u00f3sito de 300 ml. Potente bater\u00eda de 2600 mhA para hasta 120 min de autonom\u00eda y 60 min a m\u00e1xima potencia de succi\u00f3n<br \/>\n&#8211; F\u00c1CIL DE USAR con un modo de operaci\u00f3n \u00abOne Touch\u00bb. Simplemente presione el bot\u00f3n una vez para iniciar un ciclo de limpieza autom\u00e1tico completo con un n\u00famero preprogramado de modos hasta que regrese a la base de carga. Mando a distancia suministrado para controlar las funciones del robot aspirador. Equipado con sensores anticolisi\u00f3n y de desnivel, retorno autom\u00e1tico a la base de carga para funcionamiento aut\u00f3nomo<br \/>\n&#8211; 6 MODOS DE LIMPIEZA: Autom\u00e1tico, limpieza localizada para un \u00e1rea particularmente sucia, limpieza perimetral para operar alrededor de las paredes, limpieza de la habitaci\u00f3n para ejecutar todos los programas en una habitaci\u00f3n dedicada, funci\u00f3n de limpieza con trapeador y succi\u00f3n m\u00e1xima para 2 veces m\u00e1s potencia. Con funci\u00f3n de programa de limpieza diaria. Apto para todo tipo de suelos: parqu\u00e9, baldosas de gres, moquetas con alturas de hasta 1,8 cm<br \/>\n&#8211; CONTIENE: 1 Venga! VG RVC 3000 WH, 1 aspirador con filtro HEPA, 1 dep\u00f3sito de agua, 4 cepillos laterales, 1 cepillo central, 2 pa\u00f1os de limpieza, 1 herramienta de limpieza, 1 mando a distancia pilas incluidas, 1 estaci\u00f3n de carga con adaptador de CA, 1 manual de usuario en 6 idiomas ingl\u00e9s, franc\u00e9s, alem\u00e1n, espa\u00f1ol, italiano y holand\u00e9s<\/p>\n<\/p><\/div>\n","protected":false},"excerpt":{"rendered":"<p>\ud83d\udfe5 \u00a1APROVECHA! \ud83d\udfe5 #Publicidad #Amazon #16 \ud83d\udd34 Robot Aspirador \u2705 AHORA 54.7 \u20ac \u2714\ufe0f\ud83d\udfe1 \u274c Antes 66.91 \u20ac \ud83d\uded2: https:\/\/btz.es\/4G7icPm &#8211; ASPIRADOR ROBOT 3 EN 1: Funci\u00f3n de barrido con 2 cepillos laterales y un cepillo central grande. Funci\u00f3n de aspiraci\u00f3n con una potencia de aspiraci\u00f3n de hasta 1600 Pa. Funci\u00f3n de fregado de suelo [&hellip;]<\/p>\n","protected":false},"featured_media":4288,"template":"","meta":{"_gspb_post_css":""},"store":[],"product_brand":[],"product_cat":[16],"product_tag":[],"class_list":{"0":"post-4289","1":"product","2":"type-product","3":"status-publish","4":"has-post-thumbnail","6":"product_cat-sin-categorizar","8":"first","9":"instock","10":"sale","11":"shipping-taxable","12":"product-type-external"},"jetpack_sharing_enabled":true,"_links":{"self":[{"href":"https:\/\/ofertacular.com\/index.php\/wp-json\/wp\/v2\/product\/4289","targetHints":{"allow":["GET"]}}],"collection":[{"href":"https:\/\/ofertacular.com\/index.php\/wp-json\/wp\/v2\/product"}],"about":[{"href":"https:\/\/ofertacular.com\/index.php\/wp-json\/wp\/v2\/types\/product"}],"wp:featuredmedia":[{"embeddable":true,"href":"https:\/\/ofertacular.com\/index.php\/wp-json\/wp\/v2\/media\/4288"}],"wp:attachment":[{"href":"https:\/\/ofertacular.com\/index.php\/wp-json\/wp\/v2\/media?parent=4289"}],"wp:term":[{"taxonomy":"store","embeddable":true,"href":"https:\/\/ofertacular.com\/index.php\/wp-json\/wp\/v2\/store?post=4289"},{"taxonomy":"product_brand","embeddable":true,"href":"https:\/\/ofertacular.com\/index.php\/wp-json\/wp\/v2\/product_brand?post=4289"},{"taxonomy":"product_cat","embeddable":true,"href":"https:\/\/ofertacular.com\/index.php\/wp-json\/wp\/v2\/product_cat?post=4289"},{"taxonomy":"product_tag","embeddable":true,"href":"https:\/\/ofertacular.com\/index.php\/wp-json\/wp\/v2\/product_tag?post=4289"}],"curies":[{"name":"wp","href":"https:\/\/api.w.org\/{rel}","templated":true}]}}