{"id":4291,"date":"2025-03-26T10:29:56","date_gmt":"2025-03-26T09:29:56","guid":{"rendered":"https:\/\/ofertacular.com\/index.php\/producto\/fairy-limon-spray\/"},"modified":"2025-03-26T10:29:56","modified_gmt":"2025-03-26T09:29:56","slug":"fairy-limon-spray","status":"publish","type":"product","link":"https:\/\/ofertacular.com\/index.php\/producto\/fairy-limon-spray\/","title":{"rendered":"Fairy Lim\u00f3n Spray"},"content":{"rendered":"<div class=\"oferta-container\">\n<p>\ud83d\udfe5 <b>\u00a1OFERT\u00d3N!<\/b> \ud83d\udfe5 #Publicidad #Amazon #16<\/p>\n<p>\ud83d\udd34 <b>Limpiador Fairy <\/b><\/p>\n<p>\u2705 <b>AHORA 12.99 \u20ac<\/b> \u2714\ufe0f\ud83d\udfe1<\/p>\n<p>\u274c Antes 19.99 \u20ac<\/p>\n<p>\ud83d\uded2: <a href=\"https:\/\/btz.es\/4G7CsmI\" target=\"_blank\" rel=\"nofollow noopener\">https:\/\/btz.es\/4G7CsmI<\/a><\/p>\n<p>&#8211; EVITA DEJAR EN REMOJO con el nuevo spray Poder Sin Remojo de Fairy, una forma m\u00e1s r\u00e1pida y sencilla de pretratar tus platos para conseguir una limpieza impecable<br \/>\n&#8211; EL PODER DE UNA NOCHE DE REMOJO EN MINUTOS. Su f\u00f3rmula exclusiva facilita y agiliza el tratamiento previo de los platos, para que disfrutes del poder de una noche en remojo en cuesti\u00f3n de minutos<br \/>\n&#8211; SOLUCI\u00d3N \u00daNICA PARA VAJILLA Y COCINA. Solo tienes que retirar los restos de comida y rociar el spray directamente en los platos antes de colocarlos en el lavavajillas, o directamente en el lavavajillas, y a\u00f1adir tu c\u00e1psula lavavajillas de siempre<br \/>\n&#8211; Pulveriza los platos sucios y lava a mano. Para restos de suciedad pulveriza el spray y limpia sin necesidad de agua hasta el aclarado. Para manchas m\u00e1s dif\u00edciles, deja que el spray act\u00fae durante unos minutos antes de limpiar. Usalo en toda la cocina<br \/>\n&#8211; PULVERIZADOR REUTILIZABLE: el spray Fairy Poder Sin Remojo viene con un pulverizador reutilizable que puedes retirar y sustituir en la botella de recambio<\/p>\n<\/p><\/div>\n","protected":false},"excerpt":{"rendered":"<p>\ud83d\udfe5 \u00a1OFERT\u00d3N! \ud83d\udfe5 #Publicidad #Amazon #16 \ud83d\udd34 Limpiador Fairy \u2705 AHORA 12.99 \u20ac \u2714\ufe0f\ud83d\udfe1 \u274c Antes 19.99 \u20ac \ud83d\uded2: https:\/\/btz.es\/4G7CsmI &#8211; EVITA DEJAR EN REMOJO con el nuevo spray Poder Sin Remojo de Fairy, una forma m\u00e1s r\u00e1pida y sencilla de pretratar tus platos para conseguir una limpieza impecable &#8211; EL PODER DE UNA NOCHE [&hellip;]<\/p>\n","protected":false},"featured_media":4290,"template":"","meta":{"_gspb_post_css":""},"store":[],"product_brand":[],"product_cat":[16],"product_tag":[],"class_list":{"0":"post-4291","1":"product","2":"type-product","3":"status-publish","4":"has-post-thumbnail","6":"product_cat-sin-categorizar","8":"first","9":"instock","10":"sale","11":"shipping-taxable","12":"product-type-external"},"jetpack_sharing_enabled":true,"_links":{"self":[{"href":"https:\/\/ofertacular.com\/index.php\/wp-json\/wp\/v2\/product\/4291","targetHints":{"allow":["GET"]}}],"collection":[{"href":"https:\/\/ofertacular.com\/index.php\/wp-json\/wp\/v2\/product"}],"about":[{"href":"https:\/\/ofertacular.com\/index.php\/wp-json\/wp\/v2\/types\/product"}],"wp:featuredmedia":[{"embeddable":true,"href":"https:\/\/ofertacular.com\/index.php\/wp-json\/wp\/v2\/media\/4290"}],"wp:attachment":[{"href":"https:\/\/ofertacular.com\/index.php\/wp-json\/wp\/v2\/media?parent=4291"}],"wp:term":[{"taxonomy":"store","embeddable":true,"href":"https:\/\/ofertacular.com\/index.php\/wp-json\/wp\/v2\/store?post=4291"},{"taxonomy":"product_brand","embeddable":true,"href":"https:\/\/ofertacular.com\/index.php\/wp-json\/wp\/v2\/product_brand?post=4291"},{"taxonomy":"product_cat","embeddable":true,"href":"https:\/\/ofertacular.com\/index.php\/wp-json\/wp\/v2\/product_cat?post=4291"},{"taxonomy":"product_tag","embeddable":true,"href":"https:\/\/ofertacular.com\/index.php\/wp-json\/wp\/v2\/product_tag?post=4291"}],"curies":[{"name":"wp","href":"https:\/\/api.w.org\/{rel}","templated":true}]}}