{"id":4293,"date":"2025-03-26T10:33:03","date_gmt":"2025-03-26T09:33:03","guid":{"rendered":"https:\/\/ofertacular.com\/index.php\/producto\/mercusys-halo\/"},"modified":"2025-03-26T10:33:03","modified_gmt":"2025-03-26T09:33:03","slug":"mercusys-halo","status":"publish","type":"product","link":"https:\/\/ofertacular.com\/index.php\/producto\/mercusys-halo\/","title":{"rendered":"MERCUSYS Halo"},"content":{"rendered":"<div class=\"oferta-container\">\n<p>\ud83d\udfe5 <b>REBAJA<\/b> \ud83d\udfe5 #Publicidad #Amazon #16<\/p>\n<p>\ud83d\udd34 <b>Redes Mesh <\/b><\/p>\n<p>\u2705 <b>AHORA 84.99 \u20ac<\/b> \u2714\ufe0f\ud83d\udfe1<\/p>\n<p>\u274c Antes 149.99 \u20ac<\/p>\n<p>\ud83d\uded2: <a href=\"https:\/\/btz.es\/4G7De6V\" target=\"_blank\" rel=\"nofollow noopener\">https:\/\/btz.es\/4G7De6V<\/a><\/p>\n<p>&#8211; WiFi de doble banda 6 velocidades de hasta 1500 Mbps: 1201 Mbps en 5 GHz y 300 Mbps en 2,4 GHz.<br \/>\n&#8211; Roaming continuo con una red unificada: las unidades Halo funcionan juntas para cambiar autom\u00e1ticamente entre Halos mientras te mueves por tu casa con un \u00fanico nombre y contrase\u00f1a de WiFi unificados.<br \/>\n&#8211; Cobertura para todo el hogar: cubra hasta 4000 pies\u00b2 350 m\u00b2 con WiFi de alta velocidad, eliminando las zonas muertas de WiFi en su hogar.<br \/>\n&#8211; Conecte m\u00e1s de 100 dispositivos: proporcione conexiones r\u00e1pidas y estables a m\u00e1s de 100 dispositivos.<br \/>\n&#8211; Administre f\u00e1cilmente su red dom\u00e9stica: use la aplicaci\u00f3n MERCUSYS para configurar y administrar r\u00e1pidamente su WiFi. Tambi\u00e9n puede administrar el tiempo y los contenidos en l\u00ednea de sus hijos.Puertos Gigabit completos: puertos Gigabit para conexiones por cable ultrarr\u00e1pidas.<\/p>\n<\/p><\/div>\n","protected":false},"excerpt":{"rendered":"<p>\ud83d\udfe5 REBAJA \ud83d\udfe5 #Publicidad #Amazon #16 \ud83d\udd34 Redes Mesh \u2705 AHORA 84.99 \u20ac \u2714\ufe0f\ud83d\udfe1 \u274c Antes 149.99 \u20ac \ud83d\uded2: https:\/\/btz.es\/4G7De6V &#8211; WiFi de doble banda 6 velocidades de hasta 1500 Mbps: 1201 Mbps en 5 GHz y 300 Mbps en 2,4 GHz. &#8211; Roaming continuo con una red unificada: las unidades Halo funcionan juntas para [&hellip;]<\/p>\n","protected":false},"featured_media":4292,"template":"","meta":{"_gspb_post_css":""},"store":[],"product_brand":[],"product_cat":[16],"product_tag":[],"class_list":{"0":"post-4293","1":"product","2":"type-product","3":"status-publish","4":"has-post-thumbnail","6":"product_cat-sin-categorizar","8":"first","9":"instock","10":"sale","11":"shipping-taxable","12":"product-type-external"},"jetpack_sharing_enabled":true,"_links":{"self":[{"href":"https:\/\/ofertacular.com\/index.php\/wp-json\/wp\/v2\/product\/4293","targetHints":{"allow":["GET"]}}],"collection":[{"href":"https:\/\/ofertacular.com\/index.php\/wp-json\/wp\/v2\/product"}],"about":[{"href":"https:\/\/ofertacular.com\/index.php\/wp-json\/wp\/v2\/types\/product"}],"wp:featuredmedia":[{"embeddable":true,"href":"https:\/\/ofertacular.com\/index.php\/wp-json\/wp\/v2\/media\/4292"}],"wp:attachment":[{"href":"https:\/\/ofertacular.com\/index.php\/wp-json\/wp\/v2\/media?parent=4293"}],"wp:term":[{"taxonomy":"store","embeddable":true,"href":"https:\/\/ofertacular.com\/index.php\/wp-json\/wp\/v2\/store?post=4293"},{"taxonomy":"product_brand","embeddable":true,"href":"https:\/\/ofertacular.com\/index.php\/wp-json\/wp\/v2\/product_brand?post=4293"},{"taxonomy":"product_cat","embeddable":true,"href":"https:\/\/ofertacular.com\/index.php\/wp-json\/wp\/v2\/product_cat?post=4293"},{"taxonomy":"product_tag","embeddable":true,"href":"https:\/\/ofertacular.com\/index.php\/wp-json\/wp\/v2\/product_tag?post=4293"}],"curies":[{"name":"wp","href":"https:\/\/api.w.org\/{rel}","templated":true}]}}