{"id":4301,"date":"2025-03-26T11:20:53","date_gmt":"2025-03-26T10:20:53","guid":{"rendered":"https:\/\/ofertacular.com\/index.php\/producto\/moto-g24-smartphone\/"},"modified":"2025-03-26T11:20:53","modified_gmt":"2025-03-26T10:20:53","slug":"moto-g24-smartphone","status":"publish","type":"product","link":"https:\/\/ofertacular.com\/index.php\/producto\/moto-g24-smartphone\/","title":{"rendered":"Moto G24 Smartphone"},"content":{"rendered":"<div class=\"oferta-container\">\n<p>\ud83d\udfe5 <b>GRAN OFERTA<\/b> \ud83d\udfe5 #Publicidad #Amazon #16<\/p>\n<p>\ud83d\udd34 <b>Smartphone Moto <\/b><\/p>\n<p>\u2705 <b>AHORA 89 \u20ac<\/b> \u2714\ufe0f\ud83d\udfe1<\/p>\n<p>\u274c Antes 129.00 \u20ac<\/p>\n<p>\ud83d\uded2: <a href=\"https:\/\/btz.es\/4G7Phxl\" target=\"_blank\" rel=\"nofollow noopener\">https:\/\/btz.es\/4G7Phxl<\/a><\/p>\n<p>&#8211; Dise\u00f1o a un precio asequible; se ha fabricado con materiales de calidad y tiene un dise\u00f1o optimizado que resulta agradable de coger<br \/>\n&#8211; Hasta 8\u202fGB de RAM con la funci\u00f3n Expansi\u00f3n de memoria. Abre las aplicaciones m\u00e1s r\u00e1pido, ten m\u00e1s abiertas al mismo tiempo y realiza varias tareas a la vez de forma fluida.<br \/>\n&#8211; Sistema de c\u00e1mara de 50 MP con Macro Vision; captura fotos impresionantes con todo lujo de detalle, de d\u00eda o de noche, y explora de cerca con el objetivo Macro Vision especializado<br \/>\n&#8211; Pantalla brillante de 6,56&#8243; y 90 Hz; disfruta de tu entretenimiento favorito en una pantalla que se actualiza r\u00e1pidamente y presenta un dise\u00f1o impecable, y olv\u00eddate de forzar la vista con la luz del sol gracias al modo Alto brillo<br \/>\n&#8211; Dolby Atmos y altavoces est\u00e9reo; sum\u00e9rgete en un sonido multidimensional con mejores graves, voces m\u00e1s limpias y optima claridad<\/p>\n<\/p><\/div>\n","protected":false},"excerpt":{"rendered":"<p>\ud83d\udfe5 GRAN OFERTA \ud83d\udfe5 #Publicidad #Amazon #16 \ud83d\udd34 Smartphone Moto \u2705 AHORA 89 \u20ac \u2714\ufe0f\ud83d\udfe1 \u274c Antes 129.00 \u20ac \ud83d\uded2: https:\/\/btz.es\/4G7Phxl &#8211; Dise\u00f1o a un precio asequible; se ha fabricado con materiales de calidad y tiene un dise\u00f1o optimizado que resulta agradable de coger &#8211; Hasta 8\u202fGB de RAM con la funci\u00f3n Expansi\u00f3n de memoria. [&hellip;]<\/p>\n","protected":false},"featured_media":4300,"template":"","meta":{"_gspb_post_css":""},"store":[],"product_brand":[],"product_cat":[16],"product_tag":[],"class_list":{"0":"post-4301","1":"product","2":"type-product","3":"status-publish","4":"has-post-thumbnail","6":"product_cat-sin-categorizar","8":"first","9":"instock","10":"sale","11":"shipping-taxable","12":"product-type-external"},"jetpack_sharing_enabled":true,"_links":{"self":[{"href":"https:\/\/ofertacular.com\/index.php\/wp-json\/wp\/v2\/product\/4301","targetHints":{"allow":["GET"]}}],"collection":[{"href":"https:\/\/ofertacular.com\/index.php\/wp-json\/wp\/v2\/product"}],"about":[{"href":"https:\/\/ofertacular.com\/index.php\/wp-json\/wp\/v2\/types\/product"}],"wp:featuredmedia":[{"embeddable":true,"href":"https:\/\/ofertacular.com\/index.php\/wp-json\/wp\/v2\/media\/4300"}],"wp:attachment":[{"href":"https:\/\/ofertacular.com\/index.php\/wp-json\/wp\/v2\/media?parent=4301"}],"wp:term":[{"taxonomy":"store","embeddable":true,"href":"https:\/\/ofertacular.com\/index.php\/wp-json\/wp\/v2\/store?post=4301"},{"taxonomy":"product_brand","embeddable":true,"href":"https:\/\/ofertacular.com\/index.php\/wp-json\/wp\/v2\/product_brand?post=4301"},{"taxonomy":"product_cat","embeddable":true,"href":"https:\/\/ofertacular.com\/index.php\/wp-json\/wp\/v2\/product_cat?post=4301"},{"taxonomy":"product_tag","embeddable":true,"href":"https:\/\/ofertacular.com\/index.php\/wp-json\/wp\/v2\/product_tag?post=4301"}],"curies":[{"name":"wp","href":"https:\/\/api.w.org\/{rel}","templated":true}]}}