{"id":4307,"date":"2025-03-26T17:32:31","date_gmt":"2025-03-26T16:32:31","guid":{"rendered":"https:\/\/ofertacular.com\/index.php\/producto\/fire-tv-2\/"},"modified":"2025-03-26T17:32:31","modified_gmt":"2025-03-26T16:32:31","slug":"fire-tv-2","status":"publish","type":"product","link":"https:\/\/ofertacular.com\/index.php\/producto\/fire-tv-2\/","title":{"rendered":"Fire TV"},"content":{"rendered":"<div class=\"oferta-container\">\n<p>\ud83d\udfe5 <b>\u00a1OFERT\u00d3N!<\/b> \ud83d\udfe5 #Publicidad #Amazon #16<\/p>\n<p>\ud83d\udd34 <b>Fire TV <\/b><\/p>\n<p>\u2705 <b>AHORA 47.99 \u20ac<\/b> \u2714\ufe0f\ud83d\udfe1<\/p>\n<p>\u274c Antes 79.99 \u20ac<\/p>\n<p>\ud83d\uded2: <a href=\"https:\/\/btz.es\/4G9uGqs\" target=\"_blank\" rel=\"nofollow noopener\">https:\/\/btz.es\/4G9uGqs<\/a><\/p>\n<p>&#8211; Nuestro Fire TV Stick m\u00e1s potente: eleva tu entretenimiento gracias a su potente procesador, que te permitir\u00e1 disfrutar de inicios de apps ultrarr\u00e1pidos y una navegaci\u00f3n fluid\u00edsima.<br \/>\n&#8211; Imagen y sonido hiperrealistas: disfruta del contenido 4K Ultra HD en toda su gloria con Dolby Vision, HDR10+ y audio inmersivo Dolby Atmos.<br \/>\n&#8211; Compatible con Wi-Fi 6E: disfruta de reproducci\u00f3n en streaming de contenido 4K a\u00fan m\u00e1s fluida incluso con m\u00faltiples dispositivos conectados a tu router.<br \/>\n&#8211; Convierte tu hogar en una galer\u00eda de arte: gracias a nuestro primer Fire TV Stick con fondo ambiental para Fire TV, podr\u00e1s decorar tu espacio con m\u00e1s de 2000 obras de arte y fotograf\u00edas de calidad de museo.<br \/>\n&#8211; Tu Hogar digital, cada vez m\u00e1s \u00fatil: controla dispositivos compatibles, como c\u00e1maras, luces y m\u00e1s. Pulsa el bot\u00f3n de voz y preg\u00fantale a Alexa qu\u00e9 tiempo hace o p\u00eddele que aten\u00fae las luces.<br \/>\n&#8211; Nuestro Fire TV Stick con m\u00e1s almacenamiento: el Fire TV Stick 4K Max ahora cuenta con 16 GB de almacenamiento, el doble de espacio que el Fire TV Stick 4K y nuestros dem\u00e1s dispositivos Fire TV Stick, para que puedas disfrutar de a\u00fan m\u00e1s apps, juegos y descargas.<br \/>\n&#8211; Entretenimiento sin l\u00edmites: ve en streaming miles de pel\u00edculas y cap\u00edtulos de series. Disfruta de tu contenido favorito de Netflix, Prime Video, Disney+, Max y m\u00e1s. Pueden aplicarse cargos de suscripci\u00f3n.<br \/>\n&#8211; Mando por voz Alexa | Enhanced Edition: controla tu televisor y dispositivos conectados con un mando mejorado que incluye control por voz, un bot\u00f3n de recientes y botones predeterminados para navegar entre canales de la TV en directo.<br \/>\n&#8211; Disfruta de los juegos: sesiones de juego fluidas y renderizaci\u00f3n de gr\u00e1ficos \u00e1gil gracias a su procesador ultrarr\u00e1pido.<\/p>\n<\/p><\/div>\n","protected":false},"excerpt":{"rendered":"<p>\ud83d\udfe5 \u00a1OFERT\u00d3N! \ud83d\udfe5 #Publicidad #Amazon #16 \ud83d\udd34 Fire TV \u2705 AHORA 47.99 \u20ac \u2714\ufe0f\ud83d\udfe1 \u274c Antes 79.99 \u20ac \ud83d\uded2: https:\/\/btz.es\/4G9uGqs &#8211; Nuestro Fire TV Stick m\u00e1s potente: eleva tu entretenimiento gracias a su potente procesador, que te permitir\u00e1 disfrutar de inicios de apps ultrarr\u00e1pidos y una navegaci\u00f3n fluid\u00edsima. &#8211; Imagen y sonido hiperrealistas: disfruta del [&hellip;]<\/p>\n","protected":false},"featured_media":4306,"template":"","meta":{"_gspb_post_css":""},"store":[],"product_brand":[],"product_cat":[16],"product_tag":[],"class_list":{"0":"post-4307","1":"product","2":"type-product","3":"status-publish","4":"has-post-thumbnail","6":"product_cat-sin-categorizar","8":"first","9":"instock","10":"sale","11":"shipping-taxable","12":"product-type-external"},"jetpack_sharing_enabled":true,"_links":{"self":[{"href":"https:\/\/ofertacular.com\/index.php\/wp-json\/wp\/v2\/product\/4307","targetHints":{"allow":["GET"]}}],"collection":[{"href":"https:\/\/ofertacular.com\/index.php\/wp-json\/wp\/v2\/product"}],"about":[{"href":"https:\/\/ofertacular.com\/index.php\/wp-json\/wp\/v2\/types\/product"}],"wp:featuredmedia":[{"embeddable":true,"href":"https:\/\/ofertacular.com\/index.php\/wp-json\/wp\/v2\/media\/4306"}],"wp:attachment":[{"href":"https:\/\/ofertacular.com\/index.php\/wp-json\/wp\/v2\/media?parent=4307"}],"wp:term":[{"taxonomy":"store","embeddable":true,"href":"https:\/\/ofertacular.com\/index.php\/wp-json\/wp\/v2\/store?post=4307"},{"taxonomy":"product_brand","embeddable":true,"href":"https:\/\/ofertacular.com\/index.php\/wp-json\/wp\/v2\/product_brand?post=4307"},{"taxonomy":"product_cat","embeddable":true,"href":"https:\/\/ofertacular.com\/index.php\/wp-json\/wp\/v2\/product_cat?post=4307"},{"taxonomy":"product_tag","embeddable":true,"href":"https:\/\/ofertacular.com\/index.php\/wp-json\/wp\/v2\/product_tag?post=4307"}],"curies":[{"name":"wp","href":"https:\/\/api.w.org\/{rel}","templated":true}]}}