{"id":4309,"date":"2025-03-26T17:37:17","date_gmt":"2025-03-26T16:37:17","guid":{"rendered":"https:\/\/ofertacular.com\/index.php\/producto\/lenovo-tablet\/"},"modified":"2025-03-26T17:37:17","modified_gmt":"2025-03-26T16:37:17","slug":"lenovo-tablet","status":"publish","type":"product","link":"https:\/\/ofertacular.com\/index.php\/producto\/lenovo-tablet\/","title":{"rendered":"Lenovo Tablet"},"content":{"rendered":"<div class=\"oferta-container\">\n<p>\ud83d\udfe5 <b>SUPER OFERTA<\/b> \ud83d\udfe5 #Publicidad #Amazon #16<\/p>\n<p>\ud83d\udd34 <b>Tablet Lenovo <\/b><\/p>\n<p>\u2705 <b>AHORA 154.5 \u20ac<\/b> \u2714\ufe0f\ud83d\udfe1<\/p>\n<p>\u274c Antes 199.00 \u20ac<\/p>\n<p>\ud83d\uded2: <a href=\"https:\/\/btz.es\/4G9vSBO\" target=\"_blank\" rel=\"nofollow noopener\">https:\/\/btz.es\/4G9vSBO<\/a><\/p>\n<p>&#8211; Disfruta de su pantalla t\u00e1ctil de 11&#8243; WUXGA con resoluci\u00f3n de 1920&#215;1200 px y 90Hz de frecuencia de actualizaci\u00f3n, que te permiten un manejo intuitivo y una navegaci\u00f3n fluida a trav\u00e9s de tu contenido multimedia, juegos o documentos<br \/>\n&#8211; Lleva tu productividad y entretenimiento a otro nivel con el procesador MediaTek Helio G88 de 8 n\u00facleos, 4GB de RAM y 128GB de almacenamiento ampliable hasta 1 TB por medio de su ranura para tarjeta Micro SD<br \/>\n&#8211; Su bater\u00eda de larga de duraci\u00f3n de 7040mAh te permite utilizar la tablet todo el d\u00eda y disfrutar totalmente de su multimedia con sus 4 altavoces de 1W optimizados con Dolby Atmos, sin tener que depender constantemente de una fuente de alimentaci\u00f3n<br \/>\n&#8211; Trabaja, aprende o entretente en cualquier lugar: la Tablet Tab M11 de Lenovo es f\u00e1cil de llevar de un lugar a otro y gracias a su peso de solo 465 g te ofrece posibilidades de uso flexibles en diferentes entornos<br \/>\n&#8211; Traza, dibuja e insp\u00edrate con el bol\u00edgrafo incluido y convierte tu Tab M11 en todo un lienzo para darle vida a tu imaginaci\u00f3n<\/p>\n<\/p><\/div>\n","protected":false},"excerpt":{"rendered":"<p>\ud83d\udfe5 SUPER OFERTA \ud83d\udfe5 #Publicidad #Amazon #16 \ud83d\udd34 Tablet Lenovo \u2705 AHORA 154.5 \u20ac \u2714\ufe0f\ud83d\udfe1 \u274c Antes 199.00 \u20ac \ud83d\uded2: https:\/\/btz.es\/4G9vSBO &#8211; Disfruta de su pantalla t\u00e1ctil de 11&#8243; WUXGA con resoluci\u00f3n de 1920&#215;1200 px y 90Hz de frecuencia de actualizaci\u00f3n, que te permiten un manejo intuitivo y una navegaci\u00f3n fluida a trav\u00e9s de tu [&hellip;]<\/p>\n","protected":false},"featured_media":4308,"template":"","meta":{"_gspb_post_css":""},"store":[],"product_brand":[],"product_cat":[16],"product_tag":[],"class_list":{"0":"post-4309","1":"product","2":"type-product","3":"status-publish","4":"has-post-thumbnail","6":"product_cat-sin-categorizar","8":"first","9":"instock","10":"sale","11":"shipping-taxable","12":"product-type-external"},"jetpack_sharing_enabled":true,"_links":{"self":[{"href":"https:\/\/ofertacular.com\/index.php\/wp-json\/wp\/v2\/product\/4309","targetHints":{"allow":["GET"]}}],"collection":[{"href":"https:\/\/ofertacular.com\/index.php\/wp-json\/wp\/v2\/product"}],"about":[{"href":"https:\/\/ofertacular.com\/index.php\/wp-json\/wp\/v2\/types\/product"}],"wp:featuredmedia":[{"embeddable":true,"href":"https:\/\/ofertacular.com\/index.php\/wp-json\/wp\/v2\/media\/4308"}],"wp:attachment":[{"href":"https:\/\/ofertacular.com\/index.php\/wp-json\/wp\/v2\/media?parent=4309"}],"wp:term":[{"taxonomy":"store","embeddable":true,"href":"https:\/\/ofertacular.com\/index.php\/wp-json\/wp\/v2\/store?post=4309"},{"taxonomy":"product_brand","embeddable":true,"href":"https:\/\/ofertacular.com\/index.php\/wp-json\/wp\/v2\/product_brand?post=4309"},{"taxonomy":"product_cat","embeddable":true,"href":"https:\/\/ofertacular.com\/index.php\/wp-json\/wp\/v2\/product_cat?post=4309"},{"taxonomy":"product_tag","embeddable":true,"href":"https:\/\/ofertacular.com\/index.php\/wp-json\/wp\/v2\/product_tag?post=4309"}],"curies":[{"name":"wp","href":"https:\/\/api.w.org\/{rel}","templated":true}]}}