{"id":4311,"date":"2025-03-26T17:38:37","date_gmt":"2025-03-26T16:38:37","guid":{"rendered":"https:\/\/ofertacular.com\/index.php\/producto\/bateria-externa\/"},"modified":"2025-03-26T17:38:37","modified_gmt":"2025-03-26T16:38:37","slug":"bateria-externa","status":"publish","type":"product","link":"https:\/\/ofertacular.com\/index.php\/producto\/bateria-externa\/","title":{"rendered":"Bater\u00eda Externa"},"content":{"rendered":"<div class=\"oferta-container\">\n<p>\ud83d\udfe5 <b>SUPER OFERTA<\/b> \ud83d\udfe5 #Publicidad #Amazon #16<\/p>\n<p>\ud83d\udd34 <b>Bater\u00eda Externa <\/b><\/p>\n<p>\u2705 <b>AHORA 16.99 \u20ac<\/b> \u2714\ufe0f\ud83d\udfe1<\/p>\n<p>\u274c Antes 25.00 \u20ac<\/p>\n<p>\ud83d\uded2: <a href=\"https:\/\/btz.es\/4G9wnhd\" target=\"_blank\" rel=\"nofollow noopener\">https:\/\/btz.es\/4G9wnhd<\/a><\/p>\n<p>&#8211; \u2705Carga R\u00e1pida de 22,5W: Con la \u00faltima tecnolog\u00eda de carga PD QC3.0, esta power bank puede cargar tu tel\u00e9fono hasta el 60% en 30 minutos. Aseg\u00farate de que tu tel\u00e9fono pueda obtener m\u00e1s energ\u00eda en el menor tiempo posible y nunca te preocupes por quedarte sin bater\u00eda.<br \/>\n&#8211; \u2705Gran capacidad: 27.000 mAh La bater\u00eda de gran capacidad te mantiene totalmente cargado y es el compa\u00f1ero perfecto para viajes de negocios, desplazamientos y excursiones.<br \/>\n&#8211; \u2705Entrada y Salida PD 20W USB-C: Para adaptarse mejor a los pr\u00f3ximos dispositivos USB-C, este cargador port\u00e1til se ha actualizado a 20W USB-C de entrada y salida. Puede cargar tu nuevo Phone hasta el 50% en 30 minutos y tambi\u00e9n puede ser completamente recargado en 5 horas.<br \/>\n&#8211; \u2705Pantalla LCD Inteligente y Precisa: con el dise\u00f1o de la pantalla LCD, puede saber la energ\u00eda exacta de la bater\u00eda y no m\u00e1s conjeturas. La potencia restante es clara de un vistazo, y la administraci\u00f3n de energ\u00eda es m\u00e1s conveniente. para que pueda saber el nivel de bater\u00eda restante en cualquier momento.<br \/>\n&#8211; \u2705Lo Que Obtienes: un bateria externa carga rapida PD PAIDASHU de 27.000 mAh, un cable USB-A a USB-C, una bolsa de embalaje de pl\u00e1stico CPE, un manual de usuario. respaldado por una garant\u00eda de 1 a\u00f1os l\u00edder en la industria.<\/p>\n<\/p><\/div>\n","protected":false},"excerpt":{"rendered":"<p>\ud83d\udfe5 SUPER OFERTA \ud83d\udfe5 #Publicidad #Amazon #16 \ud83d\udd34 Bater\u00eda Externa \u2705 AHORA 16.99 \u20ac \u2714\ufe0f\ud83d\udfe1 \u274c Antes 25.00 \u20ac \ud83d\uded2: https:\/\/btz.es\/4G9wnhd &#8211; \u2705Carga R\u00e1pida de 22,5W: Con la \u00faltima tecnolog\u00eda de carga PD QC3.0, esta power bank puede cargar tu tel\u00e9fono hasta el 60% en 30 minutos. Aseg\u00farate de que tu tel\u00e9fono pueda obtener m\u00e1s [&hellip;]<\/p>\n","protected":false},"featured_media":4310,"template":"","meta":{"_gspb_post_css":""},"store":[],"product_brand":[],"product_cat":[16],"product_tag":[],"class_list":{"0":"post-4311","1":"product","2":"type-product","3":"status-publish","4":"has-post-thumbnail","6":"product_cat-sin-categorizar","8":"first","9":"instock","10":"sale","11":"shipping-taxable","12":"product-type-external"},"jetpack_sharing_enabled":true,"_links":{"self":[{"href":"https:\/\/ofertacular.com\/index.php\/wp-json\/wp\/v2\/product\/4311","targetHints":{"allow":["GET"]}}],"collection":[{"href":"https:\/\/ofertacular.com\/index.php\/wp-json\/wp\/v2\/product"}],"about":[{"href":"https:\/\/ofertacular.com\/index.php\/wp-json\/wp\/v2\/types\/product"}],"wp:featuredmedia":[{"embeddable":true,"href":"https:\/\/ofertacular.com\/index.php\/wp-json\/wp\/v2\/media\/4310"}],"wp:attachment":[{"href":"https:\/\/ofertacular.com\/index.php\/wp-json\/wp\/v2\/media?parent=4311"}],"wp:term":[{"taxonomy":"store","embeddable":true,"href":"https:\/\/ofertacular.com\/index.php\/wp-json\/wp\/v2\/store?post=4311"},{"taxonomy":"product_brand","embeddable":true,"href":"https:\/\/ofertacular.com\/index.php\/wp-json\/wp\/v2\/product_brand?post=4311"},{"taxonomy":"product_cat","embeddable":true,"href":"https:\/\/ofertacular.com\/index.php\/wp-json\/wp\/v2\/product_cat?post=4311"},{"taxonomy":"product_tag","embeddable":true,"href":"https:\/\/ofertacular.com\/index.php\/wp-json\/wp\/v2\/product_tag?post=4311"}],"curies":[{"name":"wp","href":"https:\/\/api.w.org\/{rel}","templated":true}]}}