{"id":4317,"date":"2025-03-26T18:01:16","date_gmt":"2025-03-26T17:01:16","guid":{"rendered":"https:\/\/ofertacular.com\/index.php\/producto\/krafft-anticongelante\/"},"modified":"2025-03-26T18:01:16","modified_gmt":"2025-03-26T17:01:16","slug":"krafft-anticongelante","status":"publish","type":"product","link":"https:\/\/ofertacular.com\/index.php\/producto\/krafft-anticongelante\/","title":{"rendered":"Krafft Anticongelante"},"content":{"rendered":"<div class=\"oferta-container\">\n<p>\ud83d\udfe5 <b>DESCUENTAZO<\/b> \ud83d\udfe5 #Publicidad #Amazon #16<\/p>\n<p>\ud83d\udd34 <b>Anticongelante Krafft <\/b><\/p>\n<p>\u2705 <b>AHORA 7.74 \u20ac<\/b> \u2714\ufe0f\ud83d\udfe1<\/p>\n<p>\u274c Antes 16.95 \u20ac<\/p>\n<p>\ud83d\uded2: <a href=\"https:\/\/btz.es\/4G91UXY\" target=\"_blank\" rel=\"nofollow noopener\">https:\/\/btz.es\/4G91UXY<\/a><\/p>\n<p>&#8211; El refrigerante para coche Krafft est\u00e1 formulado a base de etilenglicol e inhibidores de corrosi\u00f3n org\u00e1nicos que protegen el circuito contra la corrosi\u00f3n de todos los metales, incluido el aluminio y aleaciones ligeras<br \/>\n&#8211; El anticongelante para autos contiene aditivos anticavitaci\u00f3n, anticalc\u00e1reos, antiespumantes y una reserva neutralizante que protege el motor, radiador, bomba de agua y circuito de refrigeraci\u00f3n. Contiene detector de fugas<br \/>\n&#8211; Protecci\u00f3n anticongelante: -37\u00ba. Qu\u00edmicamente estable durante largos per\u00edodos de tiempo Long\u2010Life<br \/>\n&#8211; L\u00edquido refrigerante para coche con excelente capacidad de transferencia t\u00e9rmica. Incrementa el punto de ebullici\u00f3n en funci\u00f3n de la presi\u00f3n del circuito de refrigeraci\u00f3n<br \/>\n&#8211; Este l\u00edquido anticongelante para coche protege todo tipo de juntas, pl\u00e1sticos y elast\u00f3meros del sistema. No contiene nitritos, aminas, fosfatos ni silicatos para satisfacer las especificaciones de los principales constructores de veh\u00edculos<\/p>\n<\/p><\/div>\n","protected":false},"excerpt":{"rendered":"<p>\ud83d\udfe5 DESCUENTAZO \ud83d\udfe5 #Publicidad #Amazon #16 \ud83d\udd34 Anticongelante Krafft \u2705 AHORA 7.74 \u20ac \u2714\ufe0f\ud83d\udfe1 \u274c Antes 16.95 \u20ac \ud83d\uded2: https:\/\/btz.es\/4G91UXY &#8211; El refrigerante para coche Krafft est\u00e1 formulado a base de etilenglicol e inhibidores de corrosi\u00f3n org\u00e1nicos que protegen el circuito contra la corrosi\u00f3n de todos los metales, incluido el aluminio y aleaciones ligeras &#8211; [&hellip;]<\/p>\n","protected":false},"featured_media":4316,"template":"","meta":{"_gspb_post_css":""},"store":[],"product_brand":[],"product_cat":[16],"product_tag":[],"class_list":{"0":"post-4317","1":"product","2":"type-product","3":"status-publish","4":"has-post-thumbnail","6":"product_cat-sin-categorizar","8":"first","9":"instock","10":"sale","11":"shipping-taxable","12":"product-type-external"},"jetpack_sharing_enabled":true,"_links":{"self":[{"href":"https:\/\/ofertacular.com\/index.php\/wp-json\/wp\/v2\/product\/4317","targetHints":{"allow":["GET"]}}],"collection":[{"href":"https:\/\/ofertacular.com\/index.php\/wp-json\/wp\/v2\/product"}],"about":[{"href":"https:\/\/ofertacular.com\/index.php\/wp-json\/wp\/v2\/types\/product"}],"wp:featuredmedia":[{"embeddable":true,"href":"https:\/\/ofertacular.com\/index.php\/wp-json\/wp\/v2\/media\/4316"}],"wp:attachment":[{"href":"https:\/\/ofertacular.com\/index.php\/wp-json\/wp\/v2\/media?parent=4317"}],"wp:term":[{"taxonomy":"store","embeddable":true,"href":"https:\/\/ofertacular.com\/index.php\/wp-json\/wp\/v2\/store?post=4317"},{"taxonomy":"product_brand","embeddable":true,"href":"https:\/\/ofertacular.com\/index.php\/wp-json\/wp\/v2\/product_brand?post=4317"},{"taxonomy":"product_cat","embeddable":true,"href":"https:\/\/ofertacular.com\/index.php\/wp-json\/wp\/v2\/product_cat?post=4317"},{"taxonomy":"product_tag","embeddable":true,"href":"https:\/\/ofertacular.com\/index.php\/wp-json\/wp\/v2\/product_tag?post=4317"}],"curies":[{"name":"wp","href":"https:\/\/api.w.org\/{rel}","templated":true}]}}