{"id":4323,"date":"2025-03-26T18:04:55","date_gmt":"2025-03-26T17:04:55","guid":{"rendered":"https:\/\/ofertacular.com\/index.php\/producto\/1005005391395940-2\/"},"modified":"2025-03-26T18:04:55","modified_gmt":"2025-03-26T17:04:55","slug":"1005005391395940-2","status":"publish","type":"product","link":"https:\/\/ofertacular.com\/index.php\/producto\/1005005391395940-2\/","title":{"rendered":"BROODIO Switch"},"content":{"rendered":"<div class=\"oferta-container\">\n<p>\ud83d\udfe5 <b>\u00a1S\u00d3LO HOY!<\/b> \ud83d\udfe5 #Publicidad #Amazon #<\/p>\n<p>\ud83d\udd34 <b>Switch BROODIO <\/b><\/p>\n<p>\u2705 <b>AHORA 13.26\u20ac \u20ac<\/b> \u2714\ufe0f\ud83d\udfe1<\/p>\n<p>\u274c Antes 53.49 \u20ac<\/p>\n<p>\ud83d\uded2: <a href=\"https:\/\/btz.es\/4G92PWV\" target=\"_blank\" rel=\"nofollow noopener\">https:\/\/btz.es\/4G92PWV<\/a><\/p>\n<p>Descubre la innovadora consola Switch BROODIO, una opci\u00f3n sofisticada para los amantes de los videojuegos que buscan calidad y rendimiento. Este dispositivo destaca por su dise\u00f1o ergon\u00f3mico y su amplia gama de caracter\u00edsticas t\u00e9cnicas que optimizan la experiencia de juego. Con su potente procesador, podr\u00e1s disfrutar de gr\u00e1ficos impresionantes y tiempos de carga reducidos, ideal para aquellos gamers exigentes. Adem\u00e1s, la Switch BROODIO es compatible con una amplia selecci\u00f3n de t\u00edtulos, permiti\u00e9ndote acceder a un vasto cat\u00e1logo que incluye desde juegos de acci\u00f3n hasta aventuras interactivas en familia.<\/p>\n<p>La Switch BROODIO tambi\u00e9n cuenta con conectividad avanzada, lo que facilita el juego en l\u00ednea y las interacciones con otros jugadores. Su pantalla t\u00e1ctil ofrece una interfaz intuitiva y f\u00e1cil de navegar, asegurando horas de entretenimiento sin complicaciones. Los controles joy-con son altamente receptivos, lo que a\u00f1ade un nivel adicional de inmersi\u00f3n a cada sesi\u00f3n de juego.<\/p>\n<p>Adem\u00e1s de sus impresionantes caracter\u00edsticas t\u00e9cnicas, la Switch BROODIO resulta ser un dispositivo port\u00e1til, pudiendo llevar tus juegos favoritos a cualquier lugar. La bater\u00eda de larga duraci\u00f3n te permitir\u00e1 jugar sin interrupciones, lo que la convierte en la perfecta compa\u00f1era para tus viajes o momentos de ocio.<\/p>\n<p>Si buscas una consola que combine innovaci\u00f3n, ergonom\u00eda y un amplio cat\u00e1logo de juegos, la Switch BROODIO es la elecci\u00f3n ideal. No solo se trata de jugar, sino de vivir una experiencia \u00fanica en cada partida. No te quedes sin la tuya y sum\u00e9rgete en un mundo de diversi\u00f3n y entretenimiento con la Switch BROODIO. \u00a1Haz tu compra hoy y comienza a explorar todo lo que este incre\u00edble dispositivo tiene para ofrecer!<\/p>\n<\/p><\/div>\n","protected":false},"excerpt":{"rendered":"<p>\ud83d\udfe5 \u00a1S\u00d3LO HOY! \ud83d\udfe5 #Publicidad #Amazon # \ud83d\udd34 Switch BROODIO \u2705 AHORA 13.26\u20ac \u20ac \u2714\ufe0f\ud83d\udfe1 \u274c Antes 53.49 \u20ac \ud83d\uded2: https:\/\/btz.es\/4G92PWV Descubre la innovadora consola Switch BROODIO, una opci\u00f3n sofisticada para los amantes de los videojuegos que buscan calidad y rendimiento. Este dispositivo destaca por su dise\u00f1o ergon\u00f3mico y su amplia gama de caracter\u00edsticas t\u00e9cnicas [&hellip;]<\/p>\n","protected":false},"featured_media":4322,"template":"","meta":{"_gspb_post_css":""},"store":[],"product_brand":[],"product_cat":[16],"product_tag":[],"class_list":{"0":"post-4323","1":"product","2":"type-product","3":"status-publish","4":"has-post-thumbnail","6":"product_cat-sin-categorizar","8":"first","9":"instock","10":"shipping-taxable","11":"product-type-external"},"jetpack_sharing_enabled":true,"_links":{"self":[{"href":"https:\/\/ofertacular.com\/index.php\/wp-json\/wp\/v2\/product\/4323","targetHints":{"allow":["GET"]}}],"collection":[{"href":"https:\/\/ofertacular.com\/index.php\/wp-json\/wp\/v2\/product"}],"about":[{"href":"https:\/\/ofertacular.com\/index.php\/wp-json\/wp\/v2\/types\/product"}],"wp:featuredmedia":[{"embeddable":true,"href":"https:\/\/ofertacular.com\/index.php\/wp-json\/wp\/v2\/media\/4322"}],"wp:attachment":[{"href":"https:\/\/ofertacular.com\/index.php\/wp-json\/wp\/v2\/media?parent=4323"}],"wp:term":[{"taxonomy":"store","embeddable":true,"href":"https:\/\/ofertacular.com\/index.php\/wp-json\/wp\/v2\/store?post=4323"},{"taxonomy":"product_brand","embeddable":true,"href":"https:\/\/ofertacular.com\/index.php\/wp-json\/wp\/v2\/product_brand?post=4323"},{"taxonomy":"product_cat","embeddable":true,"href":"https:\/\/ofertacular.com\/index.php\/wp-json\/wp\/v2\/product_cat?post=4323"},{"taxonomy":"product_tag","embeddable":true,"href":"https:\/\/ofertacular.com\/index.php\/wp-json\/wp\/v2\/product_tag?post=4323"}],"curies":[{"name":"wp","href":"https:\/\/api.w.org\/{rel}","templated":true}]}}