{"id":4325,"date":"2025-03-26T18:06:30","date_gmt":"2025-03-26T17:06:30","guid":{"rendered":"https:\/\/ofertacular.com\/index.php\/producto\/1005007223679861\/"},"modified":"2025-03-26T18:06:30","modified_gmt":"2025-03-26T17:06:30","slug":"1005007223679861","status":"publish","type":"product","link":"https:\/\/ofertacular.com\/index.php\/producto\/1005007223679861\/","title":{"rendered":"Lenovo GM2 Pro"},"content":{"rendered":"<div class=\"oferta-container\">\n<p>\ud83d\udfe5 <b>\u00a1GANGAZO!<\/b> \ud83d\udfe5 #Publicidad #Amazon #<\/p>\n<p>\ud83d\udd34 <b>Auriculares Lenovo <\/b><\/p>\n<p>\u2705 <b>AHORA 8.69\u20ac \u20ac<\/b> \u2714\ufe0f\ud83d\udfe1<\/p>\n<p>\u274c Antes 26.96 \u20ac<\/p>\n<p>\ud83d\uded2: <a href=\"https:\/\/btz.es\/4G93ozL\" target=\"_blank\" rel=\"nofollow noopener\">https:\/\/btz.es\/4G93ozL<\/a><\/p>\n<p>Los auriculares Lenovo GM2 Pro ofrecen una experiencia auditiva de alta calidad perfecta para los amantes de la m\u00fasica y los gamers. Con un dise\u00f1o ergon\u00f3mico y ligero, estos auriculares son ideales para largas sesiones de uso, ya sea en casa o en movimiento. Equipados con tecnolog\u00eda de cancelaci\u00f3n de ruido, permiten disfrutar de un sonido puro y envolvente, minimizando las distracciones del entorno. Adem\u00e1s, su conectividad Bluetooth asegura una conexi\u00f3n r\u00e1pida y estable, facilitando su uso con dispositivos como smartphones, tabletas y ordenadores. La bater\u00eda de larga duraci\u00f3n garantiza horas de reproducci\u00f3n continua, y su rango de hasta 10 metros proporciona la libertad de movimiento que necesitas.<\/p>\n<p>Los auriculares Lenovo GM2 Pro tambi\u00e9n cuentan con pr\u00e1cticos controles t\u00e1ctiles, permitiendo cambiar de pista y ajustar el volumen sin necesidad de acceder a tu dispositivo. La calidad del micr\u00f3fono integrada proporciona una clara comunicaci\u00f3n en llamadas y en entornos de juego, haciendo de estos auriculares la opci\u00f3n perfecta para quienes buscan un producto vers\u00e1til y de alto rendimiento.<\/p>\n<p>Ya sea que est\u00e9s buscando un compa\u00f1ero musical para tus paseos o un equipo eficiente para tus sesiones de juego, los Lenovo GM2 Pro se adaptan a tus necesidades. Su dise\u00f1o moderno y atractivo complementa cualquier estilo, mientras que la disponibilidad de diversas caracter\u00edsticas t\u00e9cnicas los hace destacar en el mercado. Si lo que buscas es calidad, confort y estilo, no busques m\u00e1s: los auriculares Lenovo GM2 Pro son tu mejor opci\u00f3n. \u00a1No te quedes sin disfrutar de la incre\u00edble experiencia sonora que estos auriculares tienen para ofrecer!<\/p>\n<\/p><\/div>\n","protected":false},"excerpt":{"rendered":"<p>\ud83d\udfe5 \u00a1GANGAZO! \ud83d\udfe5 #Publicidad #Amazon # \ud83d\udd34 Auriculares Lenovo \u2705 AHORA 8.69\u20ac \u20ac \u2714\ufe0f\ud83d\udfe1 \u274c Antes 26.96 \u20ac \ud83d\uded2: https:\/\/btz.es\/4G93ozL Los auriculares Lenovo GM2 Pro ofrecen una experiencia auditiva de alta calidad perfecta para los amantes de la m\u00fasica y los gamers. Con un dise\u00f1o ergon\u00f3mico y ligero, estos auriculares son ideales para largas sesiones [&hellip;]<\/p>\n","protected":false},"featured_media":4324,"template":"","meta":{"_gspb_post_css":""},"store":[],"product_brand":[],"product_cat":[16],"product_tag":[],"class_list":{"0":"post-4325","1":"product","2":"type-product","3":"status-publish","4":"has-post-thumbnail","6":"product_cat-sin-categorizar","8":"first","9":"instock","10":"shipping-taxable","11":"product-type-external"},"jetpack_sharing_enabled":true,"_links":{"self":[{"href":"https:\/\/ofertacular.com\/index.php\/wp-json\/wp\/v2\/product\/4325","targetHints":{"allow":["GET"]}}],"collection":[{"href":"https:\/\/ofertacular.com\/index.php\/wp-json\/wp\/v2\/product"}],"about":[{"href":"https:\/\/ofertacular.com\/index.php\/wp-json\/wp\/v2\/types\/product"}],"wp:featuredmedia":[{"embeddable":true,"href":"https:\/\/ofertacular.com\/index.php\/wp-json\/wp\/v2\/media\/4324"}],"wp:attachment":[{"href":"https:\/\/ofertacular.com\/index.php\/wp-json\/wp\/v2\/media?parent=4325"}],"wp:term":[{"taxonomy":"store","embeddable":true,"href":"https:\/\/ofertacular.com\/index.php\/wp-json\/wp\/v2\/store?post=4325"},{"taxonomy":"product_brand","embeddable":true,"href":"https:\/\/ofertacular.com\/index.php\/wp-json\/wp\/v2\/product_brand?post=4325"},{"taxonomy":"product_cat","embeddable":true,"href":"https:\/\/ofertacular.com\/index.php\/wp-json\/wp\/v2\/product_cat?post=4325"},{"taxonomy":"product_tag","embeddable":true,"href":"https:\/\/ofertacular.com\/index.php\/wp-json\/wp\/v2\/product_tag?post=4325"}],"curies":[{"name":"wp","href":"https:\/\/api.w.org\/{rel}","templated":true}]}}