{"id":4333,"date":"2025-03-27T08:29:00","date_gmt":"2025-03-27T07:29:00","guid":{"rendered":"https:\/\/ofertacular.com\/index.php\/producto\/soundcore-p20i-earbuds\/"},"modified":"2025-03-27T08:29:00","modified_gmt":"2025-03-27T07:29:00","slug":"soundcore-p20i-earbuds","status":"publish","type":"product","link":"https:\/\/ofertacular.com\/index.php\/producto\/soundcore-p20i-earbuds\/","title":{"rendered":"Soundcore P20i Earbuds"},"content":{"rendered":"<div class=\"oferta-container\">\n<p>\ud83d\udfe5 <b>\u00a1OFERT\u00d3N!<\/b> \ud83d\udfe5 #Publicidad #Amazon #16<\/p>\n<p>\ud83d\udd34 <b>Auriculares Soundcore <\/b><\/p>\n<p>\u2705 <b>AHORA 16.99 \u20ac<\/b> \u2714\ufe0f\ud83d\udfe1<\/p>\n<p>\u274c Antes 29.99 \u20ac<\/p>\n<p>\ud83d\uded2: <a href=\"https:\/\/btz.es\/4GCYxeq\" target=\"_blank\" rel=\"nofollow noopener\">https:\/\/btz.es\/4GCYxeq<\/a><\/p>\n<p>&#8211; Sonido Inigualable y Bajos Profundos: Los auriculares inal\u00e1mbricos bluetooth soundcore P20i est\u00e1n equipados con diafragmas de 10mm que ofrecen un sonido detallado y cristalino, bajos potentes y un treble equilibrado. Sum\u00e9rgete en una experiencia auditiva excepcional con alto rendimiento y diversas opciones de ecualizaci\u00f3n.<br \/>\n&#8211; Personalizaci\u00f3n a tu Medida: A trav\u00e9s de la app soundcore, puedes adaptar tus auriculares bluetooth a tu estilo. Escoge entre 22 ecualizaciones preestablecidas y utiliza la funci\u00f3n \u00abBuscar mis auriculares\u00bb para rastrear un auricular extraviado. Tus auriculares inalambricos bluetooth, tus normas. Adem\u00e1s, se benefician de una conectividad estable y un emparejamiento \u00e1gil.<br \/>\n&#8211; Bater\u00eda de Larga Duraci\u00f3n y Recarga Veloz: Goza de hasta 10 horas de m\u00fasica con una sola carga y ampl\u00edala a 30 horas con el estuche. Si tus auriculares inalambricos bluetooth soundcore P20i requieren energ\u00eda, una recarga r\u00e1pida de 10 minutos te brindar\u00e1 2 horas de m\u00fasica ininterrumpida. Con una autonom\u00eda asombrosa, estos auriculares conservan su carga durante extensos periodos de uso.<br \/>\n&#8211; Comodidad y Facilidad de Transporte: Los auriculares inal\u00e1mbricos bluetooth soundcore P20i y su estuche de carga son livianos y compactos, perfectos para llevar a todas partes. Vienen con un cord\u00f3n para que puedas guardarlos en tu bolsillo o colgarlos en tu bolso sin preocuparte por el espacio. Adem\u00e1s, proporcionan una funcionalidad eficaz y una cancelaci\u00f3n pasiva de ruido confiable.<br \/>\n&#8211; Resistencia al Agua IPX5: No dejes que el agua te impida disfrutar de tu m\u00fasica. Los auriculares inalambricos bluetooth soundcore P20i son resistentes al agua y al polvo, ideales para tus sesiones de entrenamiento o para usarlos bajo la lluvia. Con estos auriculares, tu m\u00fasica siempre seguir\u00e1 sonando.<\/p>\n<\/p><\/div>\n","protected":false},"excerpt":{"rendered":"<p>\ud83d\udfe5 \u00a1OFERT\u00d3N! \ud83d\udfe5 #Publicidad #Amazon #16 \ud83d\udd34 Auriculares Soundcore \u2705 AHORA 16.99 \u20ac \u2714\ufe0f\ud83d\udfe1 \u274c Antes 29.99 \u20ac \ud83d\uded2: https:\/\/btz.es\/4GCYxeq &#8211; Sonido Inigualable y Bajos Profundos: Los auriculares inal\u00e1mbricos bluetooth soundcore P20i est\u00e1n equipados con diafragmas de 10mm que ofrecen un sonido detallado y cristalino, bajos potentes y un treble equilibrado. Sum\u00e9rgete en una experiencia [&hellip;]<\/p>\n","protected":false},"featured_media":4332,"template":"","meta":{"_gspb_post_css":""},"store":[],"product_brand":[],"product_cat":[16],"product_tag":[],"class_list":{"0":"post-4333","1":"product","2":"type-product","3":"status-publish","4":"has-post-thumbnail","6":"product_cat-sin-categorizar","8":"first","9":"instock","10":"sale","11":"shipping-taxable","12":"product-type-external"},"jetpack_sharing_enabled":true,"_links":{"self":[{"href":"https:\/\/ofertacular.com\/index.php\/wp-json\/wp\/v2\/product\/4333","targetHints":{"allow":["GET"]}}],"collection":[{"href":"https:\/\/ofertacular.com\/index.php\/wp-json\/wp\/v2\/product"}],"about":[{"href":"https:\/\/ofertacular.com\/index.php\/wp-json\/wp\/v2\/types\/product"}],"wp:featuredmedia":[{"embeddable":true,"href":"https:\/\/ofertacular.com\/index.php\/wp-json\/wp\/v2\/media\/4332"}],"wp:attachment":[{"href":"https:\/\/ofertacular.com\/index.php\/wp-json\/wp\/v2\/media?parent=4333"}],"wp:term":[{"taxonomy":"store","embeddable":true,"href":"https:\/\/ofertacular.com\/index.php\/wp-json\/wp\/v2\/store?post=4333"},{"taxonomy":"product_brand","embeddable":true,"href":"https:\/\/ofertacular.com\/index.php\/wp-json\/wp\/v2\/product_brand?post=4333"},{"taxonomy":"product_cat","embeddable":true,"href":"https:\/\/ofertacular.com\/index.php\/wp-json\/wp\/v2\/product_cat?post=4333"},{"taxonomy":"product_tag","embeddable":true,"href":"https:\/\/ofertacular.com\/index.php\/wp-json\/wp\/v2\/product_tag?post=4333"}],"curies":[{"name":"wp","href":"https:\/\/api.w.org\/{rel}","templated":true}]}}