{"id":4341,"date":"2025-03-27T14:12:17","date_gmt":"2025-03-27T13:12:17","guid":{"rendered":"https:\/\/ofertacular.com\/index.php\/producto\/1005007390299824\/"},"modified":"2025-03-27T14:12:17","modified_gmt":"2025-03-27T13:12:17","slug":"1005007390299824","status":"publish","type":"product","link":"https:\/\/ofertacular.com\/index.php\/producto\/1005007390299824\/","title":{"rendered":"Bomba Infladora"},"content":{"rendered":"<div class=\"oferta-container\">\n<p>\ud83d\udfe5 <b>EXCLUSIVO<\/b> \ud83d\udfe5 #Publicidad #Amazon #<\/p>\n<p>\ud83d\udd34 <b>Bomba Infladora <\/b><\/p>\n<p>\u2705 <b>AHORA 17.19\u20ac \u20ac<\/b> \u2714\ufe0f\ud83d\udfe1<\/p>\n<p>\u274c Antes 41.90 \u20ac<\/p>\n<p>\ud83d\uded2: <a href=\"https:\/\/btz.es\/4GEwNsT\" target=\"_blank\" rel=\"nofollow noopener\">https:\/\/btz.es\/4GEwNsT<\/a><\/p>\n<p>La Bomba Infladora es la soluci\u00f3n ideal para mantener tus inflables siempre listos para la diversi\u00f3n. Con una potente capacidad de inflado, este dispositivo es perfecto para usar en casa, en tu jard\u00edn o en la playa. Es compacta y f\u00e1cil de transportar, lo que te permite llevarla a cualquier lugar sin complicaciones. Su dise\u00f1o ergon\u00f3mico facilita su uso, y con solo presionar un bot\u00f3n podr\u00e1s inflar desde colchones de aire hasta juguetes inflables en cuesti\u00f3n de minutos. Adem\u00e1s, cuenta con varios adaptadores que permiten inflar diferentes tipos de productos, garantizando versatilidad en un solo dispositivo. Ya seas un amante de actividades al aire libre, deportes acu\u00e1ticos o simplemente quieras disfrutar de un d\u00eda en la piscina con amigos y familiares, esta bomba infladora har\u00e1 que todo sea m\u00e1s sencillo. No dejes que inflar sea una tarea aburrida; con nuestra bomba infladora, disfrutar\u00e1s de m\u00e1s tiempo de diversi\u00f3n. Su motor silencioso garantiza que no crear\u00e1s un alboroto mientras inflas tus art\u00edculos. Adem\u00e1s, su fabricaci\u00f3n con materiales de alta calidad asegura durabilidad y resistencia, lo que significa que podr\u00e1s usarla temporada tras temporada. Convierte tu experiencia de inflado en algo r\u00e1pido y eficiente, ahorrando tiempo y esfuerzo. No esperes m\u00e1s, haz que cada aventura sea a\u00fan m\u00e1s emocionante y c\u00f3moda con la Bomba Infladora, el aliado perfecto para cualquier ocasi\u00f3n.<\/p>\n<\/p><\/div>\n","protected":false},"excerpt":{"rendered":"<p>\ud83d\udfe5 EXCLUSIVO \ud83d\udfe5 #Publicidad #Amazon # \ud83d\udd34 Bomba Infladora \u2705 AHORA 17.19\u20ac \u20ac \u2714\ufe0f\ud83d\udfe1 \u274c Antes 41.90 \u20ac \ud83d\uded2: https:\/\/btz.es\/4GEwNsT La Bomba Infladora es la soluci\u00f3n ideal para mantener tus inflables siempre listos para la diversi\u00f3n. Con una potente capacidad de inflado, este dispositivo es perfecto para usar en casa, en tu jard\u00edn o en [&hellip;]<\/p>\n","protected":false},"featured_media":4340,"template":"","meta":{"_gspb_post_css":""},"store":[],"product_brand":[],"product_cat":[16],"product_tag":[],"class_list":{"0":"post-4341","1":"product","2":"type-product","3":"status-publish","4":"has-post-thumbnail","6":"product_cat-sin-categorizar","8":"first","9":"instock","10":"shipping-taxable","11":"product-type-external"},"jetpack_sharing_enabled":true,"_links":{"self":[{"href":"https:\/\/ofertacular.com\/index.php\/wp-json\/wp\/v2\/product\/4341","targetHints":{"allow":["GET"]}}],"collection":[{"href":"https:\/\/ofertacular.com\/index.php\/wp-json\/wp\/v2\/product"}],"about":[{"href":"https:\/\/ofertacular.com\/index.php\/wp-json\/wp\/v2\/types\/product"}],"wp:featuredmedia":[{"embeddable":true,"href":"https:\/\/ofertacular.com\/index.php\/wp-json\/wp\/v2\/media\/4340"}],"wp:attachment":[{"href":"https:\/\/ofertacular.com\/index.php\/wp-json\/wp\/v2\/media?parent=4341"}],"wp:term":[{"taxonomy":"store","embeddable":true,"href":"https:\/\/ofertacular.com\/index.php\/wp-json\/wp\/v2\/store?post=4341"},{"taxonomy":"product_brand","embeddable":true,"href":"https:\/\/ofertacular.com\/index.php\/wp-json\/wp\/v2\/product_brand?post=4341"},{"taxonomy":"product_cat","embeddable":true,"href":"https:\/\/ofertacular.com\/index.php\/wp-json\/wp\/v2\/product_cat?post=4341"},{"taxonomy":"product_tag","embeddable":true,"href":"https:\/\/ofertacular.com\/index.php\/wp-json\/wp\/v2\/product_tag?post=4341"}],"curies":[{"name":"wp","href":"https:\/\/api.w.org\/{rel}","templated":true}]}}