{"id":4343,"date":"2025-03-27T14:16:23","date_gmt":"2025-03-27T13:16:23","guid":{"rendered":"https:\/\/ofertacular.com\/index.php\/producto\/1005007650538055\/"},"modified":"2025-03-27T14:16:23","modified_gmt":"2025-03-27T13:16:23","slug":"1005007650538055","status":"publish","type":"product","link":"https:\/\/ofertacular.com\/index.php\/producto\/1005007650538055\/","title":{"rendered":"Caf\u00e9 Espresso"},"content":{"rendered":"<div class=\"oferta-container\">\n<p>\ud83d\udfe5 <b>AHORRA AQU\u00cd<\/b> \ud83d\udfe5 #Publicidad #Amazon #<\/p>\n<p>\ud83d\udd34 <b>Caf\u00e9 Espresso <\/b><\/p>\n<p>\u2705 <b>AHORA 22.55\u20ac \u20ac<\/b> \u2714\ufe0f\ud83d\udfe1<\/p>\n<p>\u274c Antes 32.00 \u20ac<\/p>\n<p>\ud83d\uded2: <a href=\"https:\/\/btz.es\/4GExPk9\" target=\"_blank\" rel=\"nofollow noopener\">https:\/\/btz.es\/4GExPk9<\/a><\/p>\n<p>Descubre el placer del aut\u00e9ntico Caf\u00e9 Espresso, una exquisiteces que lo enamorar\u00e1 desde el primer sorbo. Este caf\u00e9, de origen premium, se cultiva en las mejores fincas de Am\u00e9rica Latina, recolectado a mano y tostado a la perfecci\u00f3n para resaltar sus matices de sabor \u00fanicos. Con cada taza, experimentar\u00e1s una fusi\u00f3n de dulzura y intensidad, ideal para aquellos que valoran un buen caf\u00e9. Nuestro Caf\u00e9 Espresso es perfecto para aquellos momentos de relax en casa o para iniciar el d\u00eda con energ\u00eda. Su riqueza arom\u00e1tica y su crema sedosa lo convierten en una experiencia sensorial irresistible. Al prepararlo en una m\u00e1quina de caf\u00e9 o en una cafetera italiana, liberar\u00e1s un aroma envolvente que despertar\u00e1 tus sentidos y te transportar\u00e1 a un caf\u00e9 de alta gama en las mejores ciudades del mundo. Adem\u00e1s, su formato de grano entero o molido se adapta a tu m\u00e9todo de preparaci\u00f3n favorito. No te conformes con menos, elige nuestro Caf\u00e9 Espresso y comparte un momento de calidad con amigos y familiares. Cada taza est\u00e1 cuidada con esmero para garantizarte la m\u00e1xima frescura y calidad. Convi\u00e9rtete en un verdadero conocedor del caf\u00e9 y disfruta de una experiencia inigualable. Haz de cada pausa un ritual con el Caf\u00e9 Espresso, el aliado perfecto para tus momentos de desconexi\u00f3n y satisfacci\u00f3n diaria. \u00a1No esperes m\u00e1s para deleitarte con la magia del Caf\u00e9 Espresso!<\/p>\n<\/p><\/div>\n","protected":false},"excerpt":{"rendered":"<p>\ud83d\udfe5 AHORRA AQU\u00cd \ud83d\udfe5 #Publicidad #Amazon # \ud83d\udd34 Caf\u00e9 Espresso \u2705 AHORA 22.55\u20ac \u20ac \u2714\ufe0f\ud83d\udfe1 \u274c Antes 32.00 \u20ac \ud83d\uded2: https:\/\/btz.es\/4GExPk9 Descubre el placer del aut\u00e9ntico Caf\u00e9 Espresso, una exquisiteces que lo enamorar\u00e1 desde el primer sorbo. Este caf\u00e9, de origen premium, se cultiva en las mejores fincas de Am\u00e9rica Latina, recolectado a mano y [&hellip;]<\/p>\n","protected":false},"featured_media":4342,"template":"","meta":{"_gspb_post_css":""},"store":[],"product_brand":[],"product_cat":[16],"product_tag":[],"class_list":{"0":"post-4343","1":"product","2":"type-product","3":"status-publish","4":"has-post-thumbnail","6":"product_cat-sin-categorizar","8":"first","9":"instock","10":"shipping-taxable","11":"product-type-external"},"jetpack_sharing_enabled":true,"_links":{"self":[{"href":"https:\/\/ofertacular.com\/index.php\/wp-json\/wp\/v2\/product\/4343","targetHints":{"allow":["GET"]}}],"collection":[{"href":"https:\/\/ofertacular.com\/index.php\/wp-json\/wp\/v2\/product"}],"about":[{"href":"https:\/\/ofertacular.com\/index.php\/wp-json\/wp\/v2\/types\/product"}],"wp:featuredmedia":[{"embeddable":true,"href":"https:\/\/ofertacular.com\/index.php\/wp-json\/wp\/v2\/media\/4342"}],"wp:attachment":[{"href":"https:\/\/ofertacular.com\/index.php\/wp-json\/wp\/v2\/media?parent=4343"}],"wp:term":[{"taxonomy":"store","embeddable":true,"href":"https:\/\/ofertacular.com\/index.php\/wp-json\/wp\/v2\/store?post=4343"},{"taxonomy":"product_brand","embeddable":true,"href":"https:\/\/ofertacular.com\/index.php\/wp-json\/wp\/v2\/product_brand?post=4343"},{"taxonomy":"product_cat","embeddable":true,"href":"https:\/\/ofertacular.com\/index.php\/wp-json\/wp\/v2\/product_cat?post=4343"},{"taxonomy":"product_tag","embeddable":true,"href":"https:\/\/ofertacular.com\/index.php\/wp-json\/wp\/v2\/product_tag?post=4343"}],"curies":[{"name":"wp","href":"https:\/\/api.w.org\/{rel}","templated":true}]}}