{"id":4355,"date":"2025-03-28T10:45:56","date_gmt":"2025-03-28T09:45:56","guid":{"rendered":"https:\/\/ofertacular.com\/index.php\/producto\/philips-auriculares\/"},"modified":"2025-03-28T10:45:56","modified_gmt":"2025-03-28T09:45:56","slug":"philips-auriculares","status":"publish","type":"product","link":"https:\/\/ofertacular.com\/index.php\/producto\/philips-auriculares\/","title":{"rendered":"Philips Auriculares"},"content":{"rendered":"<div class=\"oferta-container\">\n<p>\ud83d\udfe5 <b>GRAN OFERTA<\/b> \ud83d\udfe5 #Publicidad #Amazon #16<\/p>\n<p>\ud83d\udd34 <b>Auriculares Philips <\/b><\/p>\n<p>\u2705 <b>AHORA 22.94 \u20ac<\/b> \u2714\ufe0f\ud83d\udfe1<\/p>\n<p>\u274c Antes 39.49 \u20ac<\/p>\n<p>\ud83d\uded2: <a href=\"https:\/\/btz.es\/4GJxxkF\" target=\"_blank\" rel=\"nofollow noopener\">https:\/\/btz.es\/4GJxxkF<\/a><\/p>\n<p>&#8211; TIEMPO DE REPRODUCCI\u00d3N: Hasta 55 horas de reproducci\u00f3n tras 2 horas de carga completa. \u00bfNecesita una carga r\u00e1pida? Con solo 15 minutos tendr\u00e1 2 horas de reproducci\u00f3n. Los auriculares se cargan a trav\u00e9s del cable USB-C incluido<br \/>\n&#8211; CONEXI\u00d3N ESTABLE BLUETOOTH: Su avanzada conexi\u00f3n Bluetooth es m\u00e1s estable y no ofrece interrupciones. Con\u00e9ctelos a dos dispositivos simult\u00e1neamente iOS o Android para reproducir ininterrumpidamente m\u00fasica o podcasts sin molestos cortes en el sonido<br \/>\n&#8211; LIGERO Y COMPACTO: Elegante dise\u00f1o con una diadema acolchada y auriculares blandos que garantizan el confort diario cuando se usan continuadamente. Cada auricular est\u00e1 acolchado con espuma viscoel\u00e1stica y se puede plegar gir\u00e1ndose<br \/>\n&#8211; LLAMADAS N\u00cdTIDAS: Su voz se escuchar\u00e1 con total claridad durante sus llamadas telef\u00f3nicas. Un micr\u00f3fono espec\u00edfico recoge el sonido de su voz, y un algoritmo de reducci\u00f3n del ruido silencia parte del ruido de fondo procedente del mundo que le rodea<br \/>\n&#8211; GRAN SONIDO CON GRAVES DIN\u00c1MICOS: Drivers de 32 mm con excelente sonido, ajuste on-ear que proporciona un gran aislamiento al ruido. Graves din\u00e1micos activados a trav\u00e9s de la app Philips Headphones para unos potentes graves a vol\u00famenes bajos<\/p>\n<\/p><\/div>\n","protected":false},"excerpt":{"rendered":"<p>\ud83d\udfe5 GRAN OFERTA \ud83d\udfe5 #Publicidad #Amazon #16 \ud83d\udd34 Auriculares Philips \u2705 AHORA 22.94 \u20ac \u2714\ufe0f\ud83d\udfe1 \u274c Antes 39.49 \u20ac \ud83d\uded2: https:\/\/btz.es\/4GJxxkF &#8211; TIEMPO DE REPRODUCCI\u00d3N: Hasta 55 horas de reproducci\u00f3n tras 2 horas de carga completa. \u00bfNecesita una carga r\u00e1pida? Con solo 15 minutos tendr\u00e1 2 horas de reproducci\u00f3n. Los auriculares se cargan a trav\u00e9s [&hellip;]<\/p>\n","protected":false},"featured_media":4354,"template":"","meta":{"_gspb_post_css":""},"store":[],"product_brand":[],"product_cat":[16],"product_tag":[],"class_list":{"0":"post-4355","1":"product","2":"type-product","3":"status-publish","4":"has-post-thumbnail","6":"product_cat-sin-categorizar","8":"first","9":"instock","10":"sale","11":"shipping-taxable","12":"product-type-external"},"jetpack_sharing_enabled":true,"_links":{"self":[{"href":"https:\/\/ofertacular.com\/index.php\/wp-json\/wp\/v2\/product\/4355","targetHints":{"allow":["GET"]}}],"collection":[{"href":"https:\/\/ofertacular.com\/index.php\/wp-json\/wp\/v2\/product"}],"about":[{"href":"https:\/\/ofertacular.com\/index.php\/wp-json\/wp\/v2\/types\/product"}],"wp:featuredmedia":[{"embeddable":true,"href":"https:\/\/ofertacular.com\/index.php\/wp-json\/wp\/v2\/media\/4354"}],"wp:attachment":[{"href":"https:\/\/ofertacular.com\/index.php\/wp-json\/wp\/v2\/media?parent=4355"}],"wp:term":[{"taxonomy":"store","embeddable":true,"href":"https:\/\/ofertacular.com\/index.php\/wp-json\/wp\/v2\/store?post=4355"},{"taxonomy":"product_brand","embeddable":true,"href":"https:\/\/ofertacular.com\/index.php\/wp-json\/wp\/v2\/product_brand?post=4355"},{"taxonomy":"product_cat","embeddable":true,"href":"https:\/\/ofertacular.com\/index.php\/wp-json\/wp\/v2\/product_cat?post=4355"},{"taxonomy":"product_tag","embeddable":true,"href":"https:\/\/ofertacular.com\/index.php\/wp-json\/wp\/v2\/product_tag?post=4355"}],"curies":[{"name":"wp","href":"https:\/\/api.w.org\/{rel}","templated":true}]}}