{"id":4357,"date":"2025-03-28T11:25:02","date_gmt":"2025-03-28T10:25:02","guid":{"rendered":"https:\/\/ofertacular.com\/index.php\/producto\/knoppers-barquillos\/"},"modified":"2025-03-28T11:25:02","modified_gmt":"2025-03-28T10:25:02","slug":"knoppers-barquillos","status":"publish","type":"product","link":"https:\/\/ofertacular.com\/index.php\/producto\/knoppers-barquillos\/","title":{"rendered":"Knoppers Barquillos"},"content":{"rendered":"<div class=\"oferta-container\">\n<p>\ud83d\udfe5 <b>\u00a1OFERT\u00d3N!<\/b> \ud83d\udfe5 #Publicidad #Amazon #16<\/p>\n<p>\ud83d\udd34 <b>Barquillos Knoppers <\/b><\/p>\n<p>\u2705 <b>AHORA 1.67 \u20ac<\/b> \u2714\ufe0f\ud83d\udfe1<\/p>\n<p>\u274c Antes 1.89 \u20ac<\/p>\n<p>\ud83d\uded2: <a href=\"https:\/\/btz.es\/4GJ7nwb\" target=\"_blank\" rel=\"nofollow noopener\">https:\/\/btz.es\/4GJ7nwb<\/a><\/p>\n<p>&#8211; Knoppers es el snack de chocolate m\u00e1s completo del mercado<br \/>\n&#8211; Son barquillos horneados crujientes, con leche y rellenos de deliciosa crema de pralin\u00e9 perfeccionados con crujientes trozos de avellanas tostadas<br \/>\n&#8211; Su delicioso sabor y su original combinaci\u00f3n de texturas forman el mix capaz de satisfacer con los cinco sentidos<br \/>\n&#8211; Ya sea con amigos, familiares, colegas o solo para t\u00ed, Knoppers es el snack ideal, crujiente y sabroso para tomar en cualquier momento del d\u00eda<br \/>\n&#8211; Como consumo familiar, para compartir o como regalo: los Knoppers est\u00e1n disponibles en el tama\u00f1o adecuado para cada ocasi\u00f3n<br \/>\n&#8211; Packs envueltos individualmente<\/p>\n<\/p><\/div>\n","protected":false},"excerpt":{"rendered":"<p>\ud83d\udfe5 \u00a1OFERT\u00d3N! \ud83d\udfe5 #Publicidad #Amazon #16 \ud83d\udd34 Barquillos Knoppers \u2705 AHORA 1.67 \u20ac \u2714\ufe0f\ud83d\udfe1 \u274c Antes 1.89 \u20ac \ud83d\uded2: https:\/\/btz.es\/4GJ7nwb &#8211; Knoppers es el snack de chocolate m\u00e1s completo del mercado &#8211; Son barquillos horneados crujientes, con leche y rellenos de deliciosa crema de pralin\u00e9 perfeccionados con crujientes trozos de avellanas tostadas &#8211; Su delicioso [&hellip;]<\/p>\n","protected":false},"featured_media":4356,"template":"","meta":{"_gspb_post_css":""},"store":[],"product_brand":[],"product_cat":[16],"product_tag":[],"class_list":{"0":"post-4357","1":"product","2":"type-product","3":"status-publish","4":"has-post-thumbnail","6":"product_cat-sin-categorizar","8":"first","9":"instock","10":"sale","11":"shipping-taxable","12":"product-type-external"},"jetpack_sharing_enabled":true,"_links":{"self":[{"href":"https:\/\/ofertacular.com\/index.php\/wp-json\/wp\/v2\/product\/4357","targetHints":{"allow":["GET"]}}],"collection":[{"href":"https:\/\/ofertacular.com\/index.php\/wp-json\/wp\/v2\/product"}],"about":[{"href":"https:\/\/ofertacular.com\/index.php\/wp-json\/wp\/v2\/types\/product"}],"wp:featuredmedia":[{"embeddable":true,"href":"https:\/\/ofertacular.com\/index.php\/wp-json\/wp\/v2\/media\/4356"}],"wp:attachment":[{"href":"https:\/\/ofertacular.com\/index.php\/wp-json\/wp\/v2\/media?parent=4357"}],"wp:term":[{"taxonomy":"store","embeddable":true,"href":"https:\/\/ofertacular.com\/index.php\/wp-json\/wp\/v2\/store?post=4357"},{"taxonomy":"product_brand","embeddable":true,"href":"https:\/\/ofertacular.com\/index.php\/wp-json\/wp\/v2\/product_brand?post=4357"},{"taxonomy":"product_cat","embeddable":true,"href":"https:\/\/ofertacular.com\/index.php\/wp-json\/wp\/v2\/product_cat?post=4357"},{"taxonomy":"product_tag","embeddable":true,"href":"https:\/\/ofertacular.com\/index.php\/wp-json\/wp\/v2\/product_tag?post=4357"}],"curies":[{"name":"wp","href":"https:\/\/api.w.org\/{rel}","templated":true}]}}