{"id":4361,"date":"2025-03-28T13:16:18","date_gmt":"2025-03-28T12:16:18","guid":{"rendered":"https:\/\/ofertacular.com\/index.php\/producto\/sorako-destornilladores-magneticos\/"},"modified":"2025-03-28T13:16:18","modified_gmt":"2025-03-28T12:16:18","slug":"sorako-destornilladores-magneticos","status":"publish","type":"product","link":"https:\/\/ofertacular.com\/index.php\/producto\/sorako-destornilladores-magneticos\/","title":{"rendered":"SORAKO Destornilladores Magn\u00e9ticos"},"content":{"rendered":"<div class=\"oferta-container\">\n<p>\ud83d\udfe5 <b>EXCLUSIVO<\/b> \ud83d\udfe5 #Publicidad #Amazon #16<\/p>\n<p>\ud83d\udd34 <b>Destornilladores Sorako <\/b><\/p>\n<p>\u2705 <b>AHORA 11.89 \u20ac<\/b> \u2714\ufe0f\ud83d\udfe1<\/p>\n<p>\u274c Antes 13.99 \u20ac<\/p>\n<p>\ud83d\uded2: <a href=\"https:\/\/btz.es\/4GJZomh\" target=\"_blank\" rel=\"nofollow noopener\">https:\/\/btz.es\/4GJZomh<\/a><\/p>\n<p>&#8211; Calidad: el juego de destornilladores SORAKO est\u00e1 hecho de acero al cromo-vanadio de alta calidad, que es resistente y duradero. La punta es magn\u00e9tica y la superficie del mango es suave y antideslizante, lo que proporciona el mejor agarre y un agarre c\u00f3modo. Para una r\u00e1pida identificaci\u00f3n y selecci\u00f3n, el tama\u00f1o y tipo de puntas de destornillador est\u00e1n escritos en cada destornillador manual<br \/>\n&#8211; Profesional y eficiente: viene con el magnetizador 2 en 1, no se preocupe si el magnetismo de la cabeza del destornillador es demasiado fuerte, si el magnetismo desaparece o si el magnetismo es insuficiente y le causa problemas. Simplemente use el magnetizador para magnetizar o desmagnetizar la punta del destornillador seg\u00fan sea necesario, lo que le ayudar\u00e1 a atornillar y desenroscar f\u00e1cilmente cada tornillo peque\u00f1o y mejorar la eficiencia del trabajo<br \/>\n&#8211; Universal: Este set proporciona destornilladores de diferentes perfiles 5 Phillips, 5 Ranurados, lo cual es muy adecuado para peque\u00f1as y medianas reparaciones de tornos en casas, departamentos y talleres. Viene con una bolsa de nailon para almacenamiento, es f\u00e1cil de transportar, muy adecuado para exteriores y respaldo de autom\u00f3vil o uso de emergencia<br \/>\n&#8211; F\u00e1cil de guardar: viene con una bolsa de nailon de alta densidad. 10 destornilladores y 1 magnetizador se fijan en la bolsa de nailon con bandas el\u00e1sticas, no hay necesidad de preocuparse por perder los destornilladores<br \/>\n&#8211; Volumen de suministro: un magnetizador 2 en 1, una bolsa de nailon de alta densidad, 5 destornilladores Phillips: PH2X100mm PH1X125mm PH1X95mm PH0X75mm PH2X38, 5 destornilladores planos: SL4.0X100mm SL5.0X125mm SL6.0X95mm SL3.0X75mm SL3.0X38mm<\/p>\n<\/p><\/div>\n","protected":false},"excerpt":{"rendered":"<p>\ud83d\udfe5 EXCLUSIVO \ud83d\udfe5 #Publicidad #Amazon #16 \ud83d\udd34 Destornilladores Sorako \u2705 AHORA 11.89 \u20ac \u2714\ufe0f\ud83d\udfe1 \u274c Antes 13.99 \u20ac \ud83d\uded2: https:\/\/btz.es\/4GJZomh &#8211; Calidad: el juego de destornilladores SORAKO est\u00e1 hecho de acero al cromo-vanadio de alta calidad, que es resistente y duradero. La punta es magn\u00e9tica y la superficie del mango es suave y antideslizante, lo [&hellip;]<\/p>\n","protected":false},"featured_media":4360,"template":"","meta":{"_gspb_post_css":""},"store":[],"product_brand":[],"product_cat":[16],"product_tag":[],"class_list":{"0":"post-4361","1":"product","2":"type-product","3":"status-publish","4":"has-post-thumbnail","6":"product_cat-sin-categorizar","8":"first","9":"instock","10":"sale","11":"shipping-taxable","12":"product-type-external"},"jetpack_sharing_enabled":true,"_links":{"self":[{"href":"https:\/\/ofertacular.com\/index.php\/wp-json\/wp\/v2\/product\/4361","targetHints":{"allow":["GET"]}}],"collection":[{"href":"https:\/\/ofertacular.com\/index.php\/wp-json\/wp\/v2\/product"}],"about":[{"href":"https:\/\/ofertacular.com\/index.php\/wp-json\/wp\/v2\/types\/product"}],"wp:featuredmedia":[{"embeddable":true,"href":"https:\/\/ofertacular.com\/index.php\/wp-json\/wp\/v2\/media\/4360"}],"wp:attachment":[{"href":"https:\/\/ofertacular.com\/index.php\/wp-json\/wp\/v2\/media?parent=4361"}],"wp:term":[{"taxonomy":"store","embeddable":true,"href":"https:\/\/ofertacular.com\/index.php\/wp-json\/wp\/v2\/store?post=4361"},{"taxonomy":"product_brand","embeddable":true,"href":"https:\/\/ofertacular.com\/index.php\/wp-json\/wp\/v2\/product_brand?post=4361"},{"taxonomy":"product_cat","embeddable":true,"href":"https:\/\/ofertacular.com\/index.php\/wp-json\/wp\/v2\/product_cat?post=4361"},{"taxonomy":"product_tag","embeddable":true,"href":"https:\/\/ofertacular.com\/index.php\/wp-json\/wp\/v2\/product_tag?post=4361"}],"curies":[{"name":"wp","href":"https:\/\/api.w.org\/{rel}","templated":true}]}}