{"id":4365,"date":"2025-03-28T13:19:06","date_gmt":"2025-03-28T12:19:06","guid":{"rendered":"https:\/\/ofertacular.com\/index.php\/producto\/1005006996550204\/"},"modified":"2025-03-28T13:19:06","modified_gmt":"2025-03-28T12:19:06","slug":"1005006996550204","status":"publish","type":"product","link":"https:\/\/ofertacular.com\/index.php\/producto\/1005006996550204\/","title":{"rendered":"Zeblaze Btalk"},"content":{"rendered":"<div class=\"oferta-container\">\n<p>\ud83d\udfe5 <b>\u00a1GANGAZO!<\/b> \ud83d\udfe5 #Publicidad #Amazon #<\/p>\n<p>\ud83d\udd34 <b>Reloj inteligente <\/b><\/p>\n<p>\u2705 <b>AHORA 14.59\u20ac \u20ac<\/b> \u2714\ufe0f\ud83d\udfe1<\/p>\n<p>\u274c Antes 37.56 \u20ac<\/p>\n<p>\ud83d\uded2: <a href=\"https:\/\/btz.es\/4GJZVIc\" target=\"_blank\" rel=\"nofollow noopener\">https:\/\/btz.es\/4GJZVIc<\/a><\/p>\n<p>Presentamos el reloj inteligente Zeblaze Btalk, una innovadora pieza de tecnolog\u00eda que combina funcionalidad y estilo. Este reloj es la soluci\u00f3n perfecta para quienes buscan estar conectados en todo momento, sin sacrificar su apariencia. Con su dise\u00f1o elegante y moderno, el Zeblaze Btalk se adapta a diversos estilos y ocasiones, haci\u00e9ndolo ideal tanto para actividades cotidianas como para eventos formales.<\/p>\n<p>Una de las caracter\u00edsticas m\u00e1s destacadas del Zeblaze Btalk es su pantalla t\u00e1ctil de alta resoluci\u00f3n, que garantiza una visualizaci\u00f3n clara y brillante de todas tus notificaciones, mensajes y llamadas. A trav\u00e9s de la conectividad Bluetooth, este smartwatch se sincroniza f\u00e1cilmente con tu smartphone, permiti\u00e9ndote recibir actualizaciones al instante. Adem\u00e1s, incluye m\u00faltiples funciones de seguimiento de actividades, como monitoreo de pasos, control de ritmo card\u00edaco y seguimiento del sue\u00f1o, lo que te ayudar\u00e1 a mantener un estilo de vida saludable.<\/p>\n<p>La duraci\u00f3n de la bater\u00eda del Zeblaze Btalk es impresionante, con varias horas de uso continuo, lo que reduce la necesidad de recargas frecuentes. Su resistencia al agua te permite usarlo en cualquier condici\u00f3n clim\u00e1tica, ideal para los amantes del deporte y la aventura. <\/p>\n<p>Otro aspecto que hace del Zeblaze Btalk una opci\u00f3n atractiva es su compatibilidad con varias aplicaciones de fitness y salud, lo que te brinda un control total sobre tu bienestar. Gracias a su interfaz intuitiva y f\u00e1cil de usar, podr\u00e1s navegar entre diferentes funciones con facilidad y eficiencia.<\/p>\n<p>En resumen, si est\u00e1s en busca de un reloj inteligente que combine tecnolog\u00eda avanzada, elegancia y versatilidad, el Zeblaze Btalk es la respuesta. No solo te mantendr\u00e1 conectado, sino que tambi\u00e9n te ayudar\u00e1 a cuidar tu salud y bienestar. \u00a1Hazte con el tuyo hoy mismo y descubre un nuevo nivel de conectividad y estilo!<\/p>\n<\/p><\/div>\n","protected":false},"excerpt":{"rendered":"<p>\ud83d\udfe5 \u00a1GANGAZO! \ud83d\udfe5 #Publicidad #Amazon # \ud83d\udd34 Reloj inteligente \u2705 AHORA 14.59\u20ac \u20ac \u2714\ufe0f\ud83d\udfe1 \u274c Antes 37.56 \u20ac \ud83d\uded2: https:\/\/btz.es\/4GJZVIc Presentamos el reloj inteligente Zeblaze Btalk, una innovadora pieza de tecnolog\u00eda que combina funcionalidad y estilo. Este reloj es la soluci\u00f3n perfecta para quienes buscan estar conectados en todo momento, sin sacrificar su apariencia. Con [&hellip;]<\/p>\n","protected":false},"featured_media":4364,"template":"","meta":{"_gspb_post_css":""},"store":[],"product_brand":[],"product_cat":[16],"product_tag":[],"class_list":{"0":"post-4365","1":"product","2":"type-product","3":"status-publish","4":"has-post-thumbnail","6":"product_cat-sin-categorizar","8":"first","9":"instock","10":"shipping-taxable","11":"product-type-external"},"jetpack_sharing_enabled":true,"_links":{"self":[{"href":"https:\/\/ofertacular.com\/index.php\/wp-json\/wp\/v2\/product\/4365","targetHints":{"allow":["GET"]}}],"collection":[{"href":"https:\/\/ofertacular.com\/index.php\/wp-json\/wp\/v2\/product"}],"about":[{"href":"https:\/\/ofertacular.com\/index.php\/wp-json\/wp\/v2\/types\/product"}],"wp:featuredmedia":[{"embeddable":true,"href":"https:\/\/ofertacular.com\/index.php\/wp-json\/wp\/v2\/media\/4364"}],"wp:attachment":[{"href":"https:\/\/ofertacular.com\/index.php\/wp-json\/wp\/v2\/media?parent=4365"}],"wp:term":[{"taxonomy":"store","embeddable":true,"href":"https:\/\/ofertacular.com\/index.php\/wp-json\/wp\/v2\/store?post=4365"},{"taxonomy":"product_brand","embeddable":true,"href":"https:\/\/ofertacular.com\/index.php\/wp-json\/wp\/v2\/product_brand?post=4365"},{"taxonomy":"product_cat","embeddable":true,"href":"https:\/\/ofertacular.com\/index.php\/wp-json\/wp\/v2\/product_cat?post=4365"},{"taxonomy":"product_tag","embeddable":true,"href":"https:\/\/ofertacular.com\/index.php\/wp-json\/wp\/v2\/product_tag?post=4365"}],"curies":[{"name":"wp","href":"https:\/\/api.w.org\/{rel}","templated":true}]}}