{"id":4369,"date":"2025-03-31T08:40:26","date_gmt":"2025-03-31T06:40:26","guid":{"rendered":"https:\/\/ofertacular.com\/index.php\/producto\/koorui-monitor\/"},"modified":"2025-03-31T08:40:26","modified_gmt":"2025-03-31T06:40:26","slug":"koorui-monitor","status":"publish","type":"product","link":"https:\/\/ofertacular.com\/index.php\/producto\/koorui-monitor\/","title":{"rendered":"KOORUI Monitor"},"content":{"rendered":"<div class=\"oferta-container\">\n<p>\ud83d\udfe5 <b>DESCUENTAZO<\/b> \ud83d\udfe5 #Publicidad #Amazon #16<\/p>\n<p>\ud83d\udd34 <b>Monitor KOORUI <\/b><\/p>\n<p>\u2705 <b>AHORA 101.99 \u20ac<\/b> \u2714\ufe0f\ud83d\udfe1<\/p>\n<p>\u274c Antes 119.99 \u20ac<\/p>\n<p>\ud83d\uded2: <a href=\"https:\/\/btz.es\/4Hakp2i\" target=\"_blank\" rel=\"nofollow noopener\">https:\/\/btz.es\/4Hakp2i<\/a><\/p>\n<p>&#8211; \u3010 Monitor Curvo FHD 1800R \u3011- KOORUI con una pantalla VA de 27 \u00bb con un \u00e1ngulo de visi\u00f3n amplio de 178 \u00b0, ofrece una calidad de visualizaci\u00f3n impresionante de 1920 x 1080 a 75Hz. El dise\u00f1o curvo de 1800 grados te sumerge completamente en el paisaje de trabajo, la curvatura de la pantalla a medida que las im\u00e1genes parecen envolverse a tu alrededor para una experiencia profunda e inmersiva.<br \/>\n&#8211; \u3010 Amplia Compatibilidad \u3011- Monitor KOORUI de 27 pulgadas equipado con 1 puertos HDMI y puerto VGA, f\u00e1cil acceso a sus dispositivos favoritos con 1 soluci\u00f3n de cable, compatible con la mayor\u00eda de las computadoras port\u00e1tiles y PC.<br \/>\n&#8211; \u3010 Visualizaci\u00f3n panor\u00e1mica \u3011- Con un panel VA, inclinaci\u00f3n ajustable y un detalle vibrante ultra ancho de 178 \u00b0 desde pr\u00e1cticamente cualquier posici\u00f3n con color consistente y claridad de imagen mantenida en \u00e1ngulos de visi\u00f3n horizontales y verticales. Cubre el 99% de la gama de colores RGB y 16.7 millones de profundidades de color para una fidelidad mejorada y una visualizaci\u00f3n a color detallada, le brindan un rendimiento m\u00e1s claro, suave y excelente en juegos \/ multimedia.<br \/>\n&#8211; \u3010 \u00c1ngel ajustable\u3011 Inclinaci\u00f3n Con la capacidad de inclinarse 15 grados hacia atr\u00e1s y 5 grados hacia adelante, la funci\u00f3n de inclinaci\u00f3n adicional proporcionar\u00e1 m\u00faltiples opciones para encontrar el \u00e1ngulo \u00f3ptimo para ver la pantalla para que el trabajo y la navegaci\u00f3n se puedan realizar con facilidad.<br \/>\n&#8211; \u3010 F\u00e1cil para tus ojos \u3011 El monitor de computadora de 27 pulgadas puede reducir eficazmente el da\u00f1o por radiaci\u00f3n de luz azul, sin parpadeo, cuidado de los ojos y facilitar la observaci\u00f3n durante mucho tiempo.<\/p>\n<\/p><\/div>\n","protected":false},"excerpt":{"rendered":"<p>\ud83d\udfe5 DESCUENTAZO \ud83d\udfe5 #Publicidad #Amazon #16 \ud83d\udd34 Monitor KOORUI \u2705 AHORA 101.99 \u20ac \u2714\ufe0f\ud83d\udfe1 \u274c Antes 119.99 \u20ac \ud83d\uded2: https:\/\/btz.es\/4Hakp2i &#8211; \u3010 Monitor Curvo FHD 1800R \u3011- KOORUI con una pantalla VA de 27 \u00bb con un \u00e1ngulo de visi\u00f3n amplio de 178 \u00b0, ofrece una calidad de visualizaci\u00f3n impresionante de 1920 x 1080 a [&hellip;]<\/p>\n","protected":false},"featured_media":4368,"template":"","meta":{"_gspb_post_css":""},"store":[],"product_brand":[],"product_cat":[16],"product_tag":[],"class_list":{"0":"post-4369","1":"product","2":"type-product","3":"status-publish","4":"has-post-thumbnail","6":"product_cat-sin-categorizar","8":"first","9":"instock","10":"sale","11":"shipping-taxable","12":"product-type-external"},"jetpack_sharing_enabled":true,"_links":{"self":[{"href":"https:\/\/ofertacular.com\/index.php\/wp-json\/wp\/v2\/product\/4369","targetHints":{"allow":["GET"]}}],"collection":[{"href":"https:\/\/ofertacular.com\/index.php\/wp-json\/wp\/v2\/product"}],"about":[{"href":"https:\/\/ofertacular.com\/index.php\/wp-json\/wp\/v2\/types\/product"}],"wp:featuredmedia":[{"embeddable":true,"href":"https:\/\/ofertacular.com\/index.php\/wp-json\/wp\/v2\/media\/4368"}],"wp:attachment":[{"href":"https:\/\/ofertacular.com\/index.php\/wp-json\/wp\/v2\/media?parent=4369"}],"wp:term":[{"taxonomy":"store","embeddable":true,"href":"https:\/\/ofertacular.com\/index.php\/wp-json\/wp\/v2\/store?post=4369"},{"taxonomy":"product_brand","embeddable":true,"href":"https:\/\/ofertacular.com\/index.php\/wp-json\/wp\/v2\/product_brand?post=4369"},{"taxonomy":"product_cat","embeddable":true,"href":"https:\/\/ofertacular.com\/index.php\/wp-json\/wp\/v2\/product_cat?post=4369"},{"taxonomy":"product_tag","embeddable":true,"href":"https:\/\/ofertacular.com\/index.php\/wp-json\/wp\/v2\/product_tag?post=4369"}],"curies":[{"name":"wp","href":"https:\/\/api.w.org\/{rel}","templated":true}]}}