{"id":4375,"date":"2025-03-31T10:10:19","date_gmt":"2025-03-31T08:10:19","guid":{"rendered":"https:\/\/ofertacular.com\/index.php\/producto\/lg-qned-tv-2\/"},"modified":"2025-03-31T10:10:19","modified_gmt":"2025-03-31T08:10:19","slug":"lg-qned-tv-2","status":"publish","type":"product","link":"https:\/\/ofertacular.com\/index.php\/producto\/lg-qned-tv-2\/","title":{"rendered":"LG QNED TV"},"content":{"rendered":"<div class=\"oferta-container\">\n<p>\ud83d\udfe5 <b>ES UN CHOLL\u00d3N<\/b> \ud83d\udfe5 #Publicidad #Amazon #16<\/p>\n<p>\ud83d\udd34 <b>Televisor LG <\/b><\/p>\n<p>\u2705 <b>AHORA 540 \u20ac<\/b> \u2714\ufe0f\ud83d\udfe1<\/p>\n<p>\u274c Antes 1,149.00 \u20ac<\/p>\n<p>\ud83d\uded2: <a href=\"https:\/\/btz.es\/4Ha6S7F\" target=\"_blank\" rel=\"nofollow noopener\">https:\/\/btz.es\/4Ha6S7F<\/a><\/p>\n<p>&#8211; Colores m\u00e1s vivos y brillantes para disfrutar de escenas m\u00e1s n\u00edtidas con toda la definici\u00f3n del 4K con LED Perimetral de 6 Bloques.<br \/>\n&#8211; Sum\u00e9rgete en cada escena con la calidad de imagen HDR10 Pro y sonido Dolby Digital Plus.<br \/>\n&#8211; Smart TV webOS 24 con IA actualizable durante 4 a\u00f1os, compatible con Apple Home Kit\/Airplay\/Chromecast\/Google\/Alexa\/ThinQ\/Matter. Control por voz.<br \/>\n&#8211; Rendimiento \u00f3ptimo con el procesador de alta potencia creado para QNED MiniLED 4K que maximiza la calidad de imagen y sonido a trav\u00e9s de IA. Procesador 4K a8.<br \/>\n&#8211; Perfecto para gaming e ideal para cualquier contenido: gran fluidez VRR 120 Hz2, compatible con AMD Freesync y Cloud Gaming; modo Filmmaker; alertas deportivas. Tecnolog\u00eda eficiente que cuida de ti y del planeta3: consumo inferior al l\u00edmite del \u00cdndice de Eficiencia Energ\u00e9tica Europeo4 y ahorra en la factura de la luz5.<\/p>\n<\/p><\/div>\n","protected":false},"excerpt":{"rendered":"<p>\ud83d\udfe5 ES UN CHOLL\u00d3N \ud83d\udfe5 #Publicidad #Amazon #16 \ud83d\udd34 Televisor LG \u2705 AHORA 540 \u20ac \u2714\ufe0f\ud83d\udfe1 \u274c Antes 1,149.00 \u20ac \ud83d\uded2: https:\/\/btz.es\/4Ha6S7F &#8211; Colores m\u00e1s vivos y brillantes para disfrutar de escenas m\u00e1s n\u00edtidas con toda la definici\u00f3n del 4K con LED Perimetral de 6 Bloques. &#8211; Sum\u00e9rgete en cada escena con la calidad de [&hellip;]<\/p>\n","protected":false},"featured_media":4374,"template":"","meta":{"_gspb_post_css":""},"store":[],"product_brand":[],"product_cat":[16],"product_tag":[],"class_list":{"0":"post-4375","1":"product","2":"type-product","3":"status-publish","4":"has-post-thumbnail","6":"product_cat-sin-categorizar","8":"first","9":"instock","10":"sale","11":"shipping-taxable","12":"product-type-external"},"jetpack_sharing_enabled":true,"_links":{"self":[{"href":"https:\/\/ofertacular.com\/index.php\/wp-json\/wp\/v2\/product\/4375","targetHints":{"allow":["GET"]}}],"collection":[{"href":"https:\/\/ofertacular.com\/index.php\/wp-json\/wp\/v2\/product"}],"about":[{"href":"https:\/\/ofertacular.com\/index.php\/wp-json\/wp\/v2\/types\/product"}],"wp:featuredmedia":[{"embeddable":true,"href":"https:\/\/ofertacular.com\/index.php\/wp-json\/wp\/v2\/media\/4374"}],"wp:attachment":[{"href":"https:\/\/ofertacular.com\/index.php\/wp-json\/wp\/v2\/media?parent=4375"}],"wp:term":[{"taxonomy":"store","embeddable":true,"href":"https:\/\/ofertacular.com\/index.php\/wp-json\/wp\/v2\/store?post=4375"},{"taxonomy":"product_brand","embeddable":true,"href":"https:\/\/ofertacular.com\/index.php\/wp-json\/wp\/v2\/product_brand?post=4375"},{"taxonomy":"product_cat","embeddable":true,"href":"https:\/\/ofertacular.com\/index.php\/wp-json\/wp\/v2\/product_cat?post=4375"},{"taxonomy":"product_tag","embeddable":true,"href":"https:\/\/ofertacular.com\/index.php\/wp-json\/wp\/v2\/product_tag?post=4375"}],"curies":[{"name":"wp","href":"https:\/\/api.w.org\/{rel}","templated":true}]}}