{"id":4387,"date":"2025-03-31T10:42:09","date_gmt":"2025-03-31T08:42:09","guid":{"rendered":"https:\/\/ofertacular.com\/index.php\/producto\/powerline-adapter\/"},"modified":"2025-03-31T10:42:09","modified_gmt":"2025-03-31T08:42:09","slug":"powerline-adapter","status":"publish","type":"product","link":"https:\/\/ofertacular.com\/index.php\/producto\/powerline-adapter\/","title":{"rendered":"Powerline Adapter"},"content":{"rendered":"<div class=\"oferta-container\">\n<p>\ud83d\udfe5 <b>DESCUENTAZO<\/b> \ud83d\udfe5 #Publicidad #Amazon #16<\/p>\n<p>\ud83d\udd34 <b>Adaptador Powerline <\/b><\/p>\n<p>\u2705 <b>AHORA 19.99 \u20ac<\/b> \u2714\ufe0f\ud83d\udfe1<\/p>\n<p>\u274c Antes 39.99 \u20ac<\/p>\n<p>\ud83d\uded2: <a href=\"https:\/\/btz.es\/4HaETsL\" target=\"_blank\" rel=\"nofollow noopener\">https:\/\/btz.es\/4HaETsL<\/a><\/p>\n<p>&#8211; Tasa de transferencia de alta velocidad de 1000 Mbps \u2014 transmisiones r\u00e1pidas y estables con HomePlug AV2 avanzado<br \/>\n&#8211; Conexi\u00f3n por cable s\u00faper r\u00e1pida \u2014 un puerto gigabit proporciona Internet de alta velocidad a PC, IPTV y consolas de juegos<br \/>\n&#8211; Plug &amp; Play \u2014 no requiere cableado ni configuraci\u00f3n, simplemente con\u00e9ctelo<br \/>\n&#8211; F\u00e1cil expansi\u00f3n \u2014 ampl\u00ede la cobertura simplemente agregando m\u00e1s adaptadores Powerline<br \/>\n&#8211; Compatible con todos los enrutadores y adaptadores de l\u00ednea el\u00e9ctrica HomePlug AV\/AV2<\/p>\n<\/p><\/div>\n","protected":false},"excerpt":{"rendered":"<p>\ud83d\udfe5 DESCUENTAZO \ud83d\udfe5 #Publicidad #Amazon #16 \ud83d\udd34 Adaptador Powerline \u2705 AHORA 19.99 \u20ac \u2714\ufe0f\ud83d\udfe1 \u274c Antes 39.99 \u20ac \ud83d\uded2: https:\/\/btz.es\/4HaETsL &#8211; Tasa de transferencia de alta velocidad de 1000 Mbps \u2014 transmisiones r\u00e1pidas y estables con HomePlug AV2 avanzado &#8211; Conexi\u00f3n por cable s\u00faper r\u00e1pida \u2014 un puerto gigabit proporciona Internet de alta velocidad a [&hellip;]<\/p>\n","protected":false},"featured_media":4386,"template":"","meta":{"_gspb_post_css":""},"store":[],"product_brand":[],"product_cat":[16],"product_tag":[],"class_list":{"0":"post-4387","1":"product","2":"type-product","3":"status-publish","4":"has-post-thumbnail","6":"product_cat-sin-categorizar","8":"first","9":"instock","10":"sale","11":"shipping-taxable","12":"product-type-external"},"jetpack_sharing_enabled":true,"_links":{"self":[{"href":"https:\/\/ofertacular.com\/index.php\/wp-json\/wp\/v2\/product\/4387","targetHints":{"allow":["GET"]}}],"collection":[{"href":"https:\/\/ofertacular.com\/index.php\/wp-json\/wp\/v2\/product"}],"about":[{"href":"https:\/\/ofertacular.com\/index.php\/wp-json\/wp\/v2\/types\/product"}],"wp:featuredmedia":[{"embeddable":true,"href":"https:\/\/ofertacular.com\/index.php\/wp-json\/wp\/v2\/media\/4386"}],"wp:attachment":[{"href":"https:\/\/ofertacular.com\/index.php\/wp-json\/wp\/v2\/media?parent=4387"}],"wp:term":[{"taxonomy":"store","embeddable":true,"href":"https:\/\/ofertacular.com\/index.php\/wp-json\/wp\/v2\/store?post=4387"},{"taxonomy":"product_brand","embeddable":true,"href":"https:\/\/ofertacular.com\/index.php\/wp-json\/wp\/v2\/product_brand?post=4387"},{"taxonomy":"product_cat","embeddable":true,"href":"https:\/\/ofertacular.com\/index.php\/wp-json\/wp\/v2\/product_cat?post=4387"},{"taxonomy":"product_tag","embeddable":true,"href":"https:\/\/ofertacular.com\/index.php\/wp-json\/wp\/v2\/product_tag?post=4387"}],"curies":[{"name":"wp","href":"https:\/\/api.w.org\/{rel}","templated":true}]}}