{"id":4391,"date":"2025-03-31T11:08:16","date_gmt":"2025-03-31T09:08:16","guid":{"rendered":"https:\/\/ofertacular.com\/index.php\/producto\/paddle-surf\/"},"modified":"2025-03-31T11:08:16","modified_gmt":"2025-03-31T09:08:16","slug":"paddle-surf","status":"publish","type":"product","link":"https:\/\/ofertacular.com\/index.php\/producto\/paddle-surf\/","title":{"rendered":"Paddle Surf"},"content":{"rendered":"<div class=\"oferta-container\">\n<p>\ud83d\udfe5 <b>\u00a1DESCUENTO \u00daNICO!<\/b> \ud83d\udfe5 #Publicidad #Amazon #16<\/p>\n<p>\ud83d\udd34 <b>Paddle Surf <\/b><\/p>\n<p>\u2705 <b>AHORA 135.99 \u20ac<\/b> \u2714\ufe0f\ud83d\udfe1<\/p>\n<p>\u274c Antes 159.99 \u20ac<\/p>\n<p>\ud83d\uded2: <a href=\"https:\/\/btz.es\/4HaL3a5\" target=\"_blank\" rel=\"nofollow noopener\">https:\/\/btz.es\/4HaL3a5<\/a><\/p>\n<p>&#8211; \u3010Material de calidad mejorada\u3011Material mejorado, muy ligero, s\u00f3lo 7kg. Por supuesto, nuestros Sups tambi\u00e9n pueden soportar una presi\u00f3n m\u00e1xima segura de 12-15psi. Ligero y seguro, ideal para principiantes y usuarios avanzados.<br \/>\n&#8211; \u3010Accesorios Completos\u3011El kit de tabla de paddle incluye todo lo que necesita: tabla de paddle, bomba, cuerda de seguridad, tres aletas, mochila, remo de aluminio de longitud ajustable. Puedes pasar todo el d\u00eda en el agua en tu tabla de paddle.<br \/>\n&#8211; \u3010Tablero multiusos\u3011Esta tabla de paddle standup es adecuada para remar, yoga, turismo, pesca, surf acu\u00e1tico. Con anillos en D mejorados, correa segura, espacio de carga y accesorios premium, nuestro SUP inflable se aplica a cualquier condici\u00f3n.<br \/>\n&#8211; \u3010Fuerte Adaptabilidad\u3011Adecuado para principiantes y remeros avanzados, puede controlar con seguridad el paddleboard en el agua. La tabla est\u00e1 equipada con un remo de aluminio ligero y ajustable, lo que facilita el control de la direcci\u00f3n.<br \/>\n&#8211; \u3010Exquisito dise\u00f1o\u3011Profesional equipo de dise\u00f1o de la marca para crear diferentes series, exquisito patr\u00f3n y la combinaci\u00f3n de colores hacen que sea m\u00e1s llamativo. Ya se trate de la calidad del producto o la apariencia, FunWater es una buena opci\u00f3n para su primera tabla de paddle en la vida.<\/p>\n<\/p><\/div>\n","protected":false},"excerpt":{"rendered":"<p>\ud83d\udfe5 \u00a1DESCUENTO \u00daNICO! \ud83d\udfe5 #Publicidad #Amazon #16 \ud83d\udd34 Paddle Surf \u2705 AHORA 135.99 \u20ac \u2714\ufe0f\ud83d\udfe1 \u274c Antes 159.99 \u20ac \ud83d\uded2: https:\/\/btz.es\/4HaL3a5 &#8211; \u3010Material de calidad mejorada\u3011Material mejorado, muy ligero, s\u00f3lo 7kg. Por supuesto, nuestros Sups tambi\u00e9n pueden soportar una presi\u00f3n m\u00e1xima segura de 12-15psi. Ligero y seguro, ideal para principiantes y usuarios avanzados. &#8211; \u3010Accesorios [&hellip;]<\/p>\n","protected":false},"featured_media":4390,"template":"","meta":{"_gspb_post_css":""},"store":[],"product_brand":[],"product_cat":[16],"product_tag":[],"class_list":{"0":"post-4391","1":"product","2":"type-product","3":"status-publish","4":"has-post-thumbnail","6":"product_cat-sin-categorizar","8":"first","9":"instock","10":"sale","11":"shipping-taxable","12":"product-type-external"},"jetpack_sharing_enabled":true,"_links":{"self":[{"href":"https:\/\/ofertacular.com\/index.php\/wp-json\/wp\/v2\/product\/4391","targetHints":{"allow":["GET"]}}],"collection":[{"href":"https:\/\/ofertacular.com\/index.php\/wp-json\/wp\/v2\/product"}],"about":[{"href":"https:\/\/ofertacular.com\/index.php\/wp-json\/wp\/v2\/types\/product"}],"wp:featuredmedia":[{"embeddable":true,"href":"https:\/\/ofertacular.com\/index.php\/wp-json\/wp\/v2\/media\/4390"}],"wp:attachment":[{"href":"https:\/\/ofertacular.com\/index.php\/wp-json\/wp\/v2\/media?parent=4391"}],"wp:term":[{"taxonomy":"store","embeddable":true,"href":"https:\/\/ofertacular.com\/index.php\/wp-json\/wp\/v2\/store?post=4391"},{"taxonomy":"product_brand","embeddable":true,"href":"https:\/\/ofertacular.com\/index.php\/wp-json\/wp\/v2\/product_brand?post=4391"},{"taxonomy":"product_cat","embeddable":true,"href":"https:\/\/ofertacular.com\/index.php\/wp-json\/wp\/v2\/product_cat?post=4391"},{"taxonomy":"product_tag","embeddable":true,"href":"https:\/\/ofertacular.com\/index.php\/wp-json\/wp\/v2\/product_tag?post=4391"}],"curies":[{"name":"wp","href":"https:\/\/api.w.org\/{rel}","templated":true}]}}