{"id":4393,"date":"2025-03-31T11:44:50","date_gmt":"2025-03-31T09:44:50","guid":{"rendered":"https:\/\/ofertacular.com\/index.php\/producto\/karcher-limpiadora\/"},"modified":"2025-03-31T11:44:50","modified_gmt":"2025-03-31T09:44:50","slug":"karcher-limpiadora","status":"publish","type":"product","link":"https:\/\/ofertacular.com\/index.php\/producto\/karcher-limpiadora\/","title":{"rendered":"K\u00e4rcher Limpiadora"},"content":{"rendered":"<div class=\"oferta-container\">\n<p>\ud83d\udfe5 <b>DESCUENTAZO<\/b> \ud83d\udfe5 #Publicidad #Amazon #16<\/p>\n<p>\ud83d\udd34 <b>Limpiadora K\u00e4rcher <\/b><\/p>\n<p>\u2705 <b>AHORA 49.99 \u20ac<\/b> \u2714\ufe0f\ud83d\udfe1<\/p>\n<p>\u274c Antes 71.95 \u20ac<\/p>\n<p>\ud83d\uded2: <a href=\"https:\/\/btz.es\/4HaUFF5\" target=\"_blank\" rel=\"nofollow noopener\">https:\/\/btz.es\/4HaUFF5<\/a><\/p>\n<p>&#8211; Visi\u00f3n clara: la aspiradora de ventanas WV 2 Black Edition de K\u00e4rcher elimina sin esfuerzo la humedad de ventanas, mamparas de ducha, azulejos y otras superficies lisas<br \/>\n&#8211; Autonom\u00eda de bater\u00eda: la bater\u00eda de la K\u00e4rcher WV 2 Black Edition tiene una autonom\u00eda de 35 minutos. El indicador LED, que se puede ver claramente, muestra r\u00e1pidamente cu\u00e1ndo hay que cargar la bater\u00eda<br \/>\n&#8211; Pr\u00e1cticos accesorios: la botella pulverizadora incluida en el set es perfecta para realizar la limpieza previa. El pa\u00f1o de microfibra elimina sin esfuerzo la suciedad de superficies lisas<br \/>\n&#8211; Dos boquillas de aspiraci\u00f3n: para superficies de mayor tama\u00f1o, como ventanas, es perfecta la boquilla de aspiraci\u00f3n ancha de 280 mm. La boquilla peque\u00f1a 170 mm es ideal para ventanas con travesa\u00f1os<br \/>\n&#8211; Entrega: K\u00e4rcher Aspiradora de cristales WV 2 Black Edition, cargador, botella pulverizadora con pa\u00f1o de microfibra, 2 boquillas de aspiraci\u00f3n y 20 ml K\u00e4rcher detergente concentrado<\/p>\n<\/p><\/div>\n","protected":false},"excerpt":{"rendered":"<p>\ud83d\udfe5 DESCUENTAZO \ud83d\udfe5 #Publicidad #Amazon #16 \ud83d\udd34 Limpiadora K\u00e4rcher \u2705 AHORA 49.99 \u20ac \u2714\ufe0f\ud83d\udfe1 \u274c Antes 71.95 \u20ac \ud83d\uded2: https:\/\/btz.es\/4HaUFF5 &#8211; Visi\u00f3n clara: la aspiradora de ventanas WV 2 Black Edition de K\u00e4rcher elimina sin esfuerzo la humedad de ventanas, mamparas de ducha, azulejos y otras superficies lisas &#8211; Autonom\u00eda de bater\u00eda: la bater\u00eda de [&hellip;]<\/p>\n","protected":false},"featured_media":4392,"template":"","meta":{"_gspb_post_css":""},"store":[],"product_brand":[],"product_cat":[16],"product_tag":[],"class_list":{"0":"post-4393","1":"product","2":"type-product","3":"status-publish","4":"has-post-thumbnail","6":"product_cat-sin-categorizar","8":"first","9":"instock","10":"sale","11":"shipping-taxable","12":"product-type-external"},"jetpack_sharing_enabled":true,"_links":{"self":[{"href":"https:\/\/ofertacular.com\/index.php\/wp-json\/wp\/v2\/product\/4393","targetHints":{"allow":["GET"]}}],"collection":[{"href":"https:\/\/ofertacular.com\/index.php\/wp-json\/wp\/v2\/product"}],"about":[{"href":"https:\/\/ofertacular.com\/index.php\/wp-json\/wp\/v2\/types\/product"}],"wp:featuredmedia":[{"embeddable":true,"href":"https:\/\/ofertacular.com\/index.php\/wp-json\/wp\/v2\/media\/4392"}],"wp:attachment":[{"href":"https:\/\/ofertacular.com\/index.php\/wp-json\/wp\/v2\/media?parent=4393"}],"wp:term":[{"taxonomy":"store","embeddable":true,"href":"https:\/\/ofertacular.com\/index.php\/wp-json\/wp\/v2\/store?post=4393"},{"taxonomy":"product_brand","embeddable":true,"href":"https:\/\/ofertacular.com\/index.php\/wp-json\/wp\/v2\/product_brand?post=4393"},{"taxonomy":"product_cat","embeddable":true,"href":"https:\/\/ofertacular.com\/index.php\/wp-json\/wp\/v2\/product_cat?post=4393"},{"taxonomy":"product_tag","embeddable":true,"href":"https:\/\/ofertacular.com\/index.php\/wp-json\/wp\/v2\/product_tag?post=4393"}],"curies":[{"name":"wp","href":"https:\/\/api.w.org\/{rel}","templated":true}]}}