{"id":4395,"date":"2025-03-31T16:52:03","date_gmt":"2025-03-31T14:52:03","guid":{"rendered":"https:\/\/ofertacular.com\/index.php\/producto\/bonka-coffee\/"},"modified":"2025-03-31T16:52:03","modified_gmt":"2025-03-31T14:52:03","slug":"bonka-coffee","status":"publish","type":"product","link":"https:\/\/ofertacular.com\/index.php\/producto\/bonka-coffee\/","title":{"rendered":"Bonka Coffee"},"content":{"rendered":"<div class=\"oferta-container\">\n<p>\ud83d\udfe5 <b>DATE PRISA<\/b> \ud83d\udfe5 #Publicidad #Amazon #16<\/p>\n<p>\ud83d\udd34 <b>Caf\u00e9 Bonka <\/b><\/p>\n<p>\u2705 <b>AHORA 14.74 \u20ac<\/b> \u2714\ufe0f\ud83d\udfe1<\/p>\n<p>\u274c Antes 23.00 \u20ac<\/p>\n<p>\ud83d\uded2: <a href=\"https:\/\/btz.es\/4Hcka2P\" target=\"_blank\" rel=\"nofollow noopener\">https:\/\/btz.es\/4Hcka2P<\/a><\/p>\n<p>&#8211; 1 paquete de 500 gramos: 500 gramos de caf\u00e9 en grano Puro Ar\u00e1bica. Un caf\u00e9 de cultivo sostenible de cuerpo delicado e intensas notas arom\u00e1ticas procedente de gramos 100% ar\u00e1bica. Bonka fomenta las buenas pr\u00e1cticas durante el proceso de cultivo de caf\u00e9 promoviendo un cultivo sostenible y responsable<br \/>\n&#8211; 1 paquete de 500 gramos: 500 gramos de caf\u00e9 en grano Colombia. Bonka Grano Colombia es un caf\u00e9 de cultivo sostenible, tostado e intenso en aroma. Este caf\u00e9 de Colombia con denominaci\u00f3n de origen, se cultiva a 2000m de altura, clima ideal para su cosecha. Resalta su sabor afrutado y de cuerpo ligero, complet\u00e1ndose con otros caf\u00e9s para suavizar su acidez y aportar mayor intensidad<br \/>\n&#8211; Sabor intenso, ideal para el desayuno o una pausa durante el d\u00eda. Se puede servir solo o con leche<br \/>\n&#8211; F\u00e1cil y r\u00e1pido de preparar. Conservar en un lugar fresco y seco<br \/>\n&#8211; Puro Ar\u00e1bica: Caf\u00e9 100% Ar\u00e1bica con granos procedentes de Colombia y Brasil. Intensidad 8\/12. Un caf\u00e9 de cuerpo delicado e intensas notas arom\u00e1ticas. Para uso en m\u00e1quinas de caf\u00e9 autom\u00e1ticas y otras m\u00e1quinas de caf\u00e9. Tostado en Espa\u00f1a<br \/>\n&#8211; Colombia: Se completa con otros or\u00edgenes como Brasil y Vietnam. Intensidad 9\/12. Resalta su sabor afrutado y de cuerpo ligero, complet\u00e1ndose con otros caf\u00e9s para suavizarsu acidez y aportar mayor intensidad. Para uso en m\u00e1quinas de caf\u00e9 autom\u00e1ticas y otras m\u00e1quinas de caf\u00e9<\/p>\n<\/p><\/div>\n","protected":false},"excerpt":{"rendered":"<p>\ud83d\udfe5 DATE PRISA \ud83d\udfe5 #Publicidad #Amazon #16 \ud83d\udd34 Caf\u00e9 Bonka \u2705 AHORA 14.74 \u20ac \u2714\ufe0f\ud83d\udfe1 \u274c Antes 23.00 \u20ac \ud83d\uded2: https:\/\/btz.es\/4Hcka2P &#8211; 1 paquete de 500 gramos: 500 gramos de caf\u00e9 en grano Puro Ar\u00e1bica. Un caf\u00e9 de cultivo sostenible de cuerpo delicado e intensas notas arom\u00e1ticas procedente de gramos 100% ar\u00e1bica. Bonka fomenta las [&hellip;]<\/p>\n","protected":false},"featured_media":4394,"template":"","meta":{"_gspb_post_css":""},"store":[],"product_brand":[],"product_cat":[16],"product_tag":[],"class_list":{"0":"post-4395","1":"product","2":"type-product","3":"status-publish","4":"has-post-thumbnail","6":"product_cat-sin-categorizar","8":"first","9":"instock","10":"sale","11":"shipping-taxable","12":"product-type-external"},"jetpack_sharing_enabled":true,"_links":{"self":[{"href":"https:\/\/ofertacular.com\/index.php\/wp-json\/wp\/v2\/product\/4395","targetHints":{"allow":["GET"]}}],"collection":[{"href":"https:\/\/ofertacular.com\/index.php\/wp-json\/wp\/v2\/product"}],"about":[{"href":"https:\/\/ofertacular.com\/index.php\/wp-json\/wp\/v2\/types\/product"}],"wp:featuredmedia":[{"embeddable":true,"href":"https:\/\/ofertacular.com\/index.php\/wp-json\/wp\/v2\/media\/4394"}],"wp:attachment":[{"href":"https:\/\/ofertacular.com\/index.php\/wp-json\/wp\/v2\/media?parent=4395"}],"wp:term":[{"taxonomy":"store","embeddable":true,"href":"https:\/\/ofertacular.com\/index.php\/wp-json\/wp\/v2\/store?post=4395"},{"taxonomy":"product_brand","embeddable":true,"href":"https:\/\/ofertacular.com\/index.php\/wp-json\/wp\/v2\/product_brand?post=4395"},{"taxonomy":"product_cat","embeddable":true,"href":"https:\/\/ofertacular.com\/index.php\/wp-json\/wp\/v2\/product_cat?post=4395"},{"taxonomy":"product_tag","embeddable":true,"href":"https:\/\/ofertacular.com\/index.php\/wp-json\/wp\/v2\/product_tag?post=4395"}],"curies":[{"name":"wp","href":"https:\/\/api.w.org\/{rel}","templated":true}]}}