{"id":4403,"date":"2025-03-31T17:13:36","date_gmt":"2025-03-31T15:13:36","guid":{"rendered":"https:\/\/ofertacular.com\/index.php\/producto\/oral-b-cepillo-2\/"},"modified":"2025-03-31T17:13:36","modified_gmt":"2025-03-31T15:13:36","slug":"oral-b-cepillo-2","status":"publish","type":"product","link":"https:\/\/ofertacular.com\/index.php\/producto\/oral-b-cepillo-2\/","title":{"rendered":"Oral-B Cepillo"},"content":{"rendered":"<div class=\"oferta-container\">\n<p>\ud83d\udfe5 <b>DATE PRISA<\/b> \ud83d\udfe5 #Publicidad #Amazon #1<\/p>\n<p>\ud83d\udd34 <b>Cepillo Dental <\/b><\/p>\n<p>\u2705 <b>AHORA 44.95 \u20ac<\/b> \u2714\ufe0f\ud83d\udfe1<\/p>\n<p>\u274c Antes 84.95 \u20ac<\/p>\n<p>\ud83d\uded2: <a href=\"https:\/\/btz.es\/4Hcp1sB\" target=\"_blank\" rel=\"nofollow noopener\">https:\/\/btz.es\/4Hcp1sB<\/a><\/p>\n<p>&#8211; DIENTES 100 % M\u00c1S LIMPIOS que con un cepillo de dientes manual normal gracias a la tecnolog\u00eda iO de Oral-B: DURO CON LA PLACA, SUAVE CON LAS ENC\u00cdAS<br \/>\n&#8211; DISE\u00d1ADO PARA CAMBIAR F\u00c1CILMENTE A CEPILLOS EL\u00c9CTRICOS gracias a su \u00fanico bot\u00f3n, sonido silencioso y bater\u00eda duradera<br \/>\n&#8211; PROTEGE TUS ENC\u00cdAS con el SENSOR DE PRESI\u00d3N DE ENC\u00cdAS AUTOM\u00c1TICO, que reduce la velocidad y emite una se\u00f1al roja cuando te cepillas demasiado fuerte<br \/>\n&#8211; ELIGE F\u00c1CILMENTE TU LIMPIEZA PERFECTA con 3 NIVELES DE INTENSIDAD SILENCIOSA: extrasuave, suave y limpieza diaria<br \/>\n&#8211; CEP\u00cdLLATE DURANTE EL TIEMPO RECOMENDADO POR DENTISTAS con el TEMPORIZADOR DE 2 MINUTOS DE CEPILLADO, que te avisa cada 30 segundos para cambiar tu zona de cepillado<br \/>\n&#8211; Benef\u00edciate de una BATER\u00cdA DURADERA con indicador de carga baja<br \/>\n&#8211; Los cabezales REDONDOS de ORAL-B llegan donde NO llegan los cepillos manuales rectangulares. Disfruta de una mejor limpieza con Oral-B, la marca n.\u00ba 1 m\u00e1s usada por dentistas en todo el mundo<br \/>\n&#8211; CAMBIA AHORA A ORAL-B iO para disfrutar de una LIMPIEZA PERFECTA<\/p>\n<\/p><\/div>\n","protected":false},"excerpt":{"rendered":"<p>\ud83d\udfe5 DATE PRISA \ud83d\udfe5 #Publicidad #Amazon #1 \ud83d\udd34 Cepillo Dental \u2705 AHORA 44.95 \u20ac \u2714\ufe0f\ud83d\udfe1 \u274c Antes 84.95 \u20ac \ud83d\uded2: https:\/\/btz.es\/4Hcp1sB &#8211; DIENTES 100 % M\u00c1S LIMPIOS que con un cepillo de dientes manual normal gracias a la tecnolog\u00eda iO de Oral-B: DURO CON LA PLACA, SUAVE CON LAS ENC\u00cdAS &#8211; DISE\u00d1ADO PARA CAMBIAR F\u00c1CILMENTE [&hellip;]<\/p>\n","protected":false},"featured_media":4402,"template":"","meta":{"_gspb_post_css":""},"store":[],"product_brand":[],"product_cat":[16],"product_tag":[],"class_list":{"0":"post-4403","1":"product","2":"type-product","3":"status-publish","4":"has-post-thumbnail","6":"product_cat-sin-categorizar","8":"first","9":"instock","10":"sale","11":"shipping-taxable","12":"product-type-external"},"jetpack_sharing_enabled":true,"_links":{"self":[{"href":"https:\/\/ofertacular.com\/index.php\/wp-json\/wp\/v2\/product\/4403","targetHints":{"allow":["GET"]}}],"collection":[{"href":"https:\/\/ofertacular.com\/index.php\/wp-json\/wp\/v2\/product"}],"about":[{"href":"https:\/\/ofertacular.com\/index.php\/wp-json\/wp\/v2\/types\/product"}],"wp:featuredmedia":[{"embeddable":true,"href":"https:\/\/ofertacular.com\/index.php\/wp-json\/wp\/v2\/media\/4402"}],"wp:attachment":[{"href":"https:\/\/ofertacular.com\/index.php\/wp-json\/wp\/v2\/media?parent=4403"}],"wp:term":[{"taxonomy":"store","embeddable":true,"href":"https:\/\/ofertacular.com\/index.php\/wp-json\/wp\/v2\/store?post=4403"},{"taxonomy":"product_brand","embeddable":true,"href":"https:\/\/ofertacular.com\/index.php\/wp-json\/wp\/v2\/product_brand?post=4403"},{"taxonomy":"product_cat","embeddable":true,"href":"https:\/\/ofertacular.com\/index.php\/wp-json\/wp\/v2\/product_cat?post=4403"},{"taxonomy":"product_tag","embeddable":true,"href":"https:\/\/ofertacular.com\/index.php\/wp-json\/wp\/v2\/product_tag?post=4403"}],"curies":[{"name":"wp","href":"https:\/\/api.w.org\/{rel}","templated":true}]}}