{"id":4407,"date":"2025-03-31T17:17:10","date_gmt":"2025-03-31T15:17:10","guid":{"rendered":"https:\/\/ofertacular.com\/index.php\/producto\/1005005470194484\/"},"modified":"2025-03-31T17:17:10","modified_gmt":"2025-03-31T15:17:10","slug":"1005005470194484","status":"publish","type":"product","link":"https:\/\/ofertacular.com\/index.php\/producto\/1005005470194484\/","title":{"rendered":"Mini Drone"},"content":{"rendered":"<div class=\"oferta-container\">\n<p>\ud83d\udfe5 <b>\u00a1NO TE LA PIERDAS!<\/b> \ud83d\udfe5 #Publicidad #Amazon #<\/p>\n<p>\ud83d\udd34 <b>Mini Drone <\/b><\/p>\n<p>\u2705 <b>AHORA 26.08\u20ac \u20ac<\/b> \u2714\ufe0f\ud83d\udfe1<\/p>\n<p>\u274c Antes 111.73 \u20ac<\/p>\n<p>\ud83d\uded2: <a href=\"https:\/\/btz.es\/4HcquTd\" target=\"_blank\" rel=\"nofollow noopener\">https:\/\/btz.es\/4HcquTd<\/a><\/p>\n<p>Explora el cielo con el Mini Drone, tu compa\u00f1ero ideal para aventuras a\u00e9reas. Este dron compacto e innovador, dise\u00f1ado para principiantes y expertos, te ofrece la mejor experiencia de vuelo. Con su dise\u00f1o ligero y resistente, este Mini Drone es perfecto para llevarlo a cualquier lugar, ya sea en el parque, en la playa o en tu propio jard\u00edn. Equipado con tecnolog\u00edas avanzadas como conectividad Wi-Fi, c\u00e1mara HD y modo de control acrob\u00e1tico, este dron te permitir\u00e1 capturar im\u00e1genes y videos espectaculares desde nuevas alturas. Perfecto para realizar impresionantes tomas a\u00e9reas y compartir tus momentos especiales en redes sociales. Adem\u00e1s, su f\u00e1cil manejo y funciones de vuelo autom\u00e1tica hacen que cualquier persona pueda disfrutar de la experiencia sin complicaciones. Incorpora una bater\u00eda de larga duraci\u00f3n, que prolonga tus sesiones de vuelo y minimiza el tiempo de carga. Su dise\u00f1o elegante y moderno atraer\u00e1 miradas mientras surca los cielos. Ya sea para un regalo o para darte un capricho, el Mini Drone es la opci\u00f3n ideal para descubrir nuevas perspectivas y disfrutar de la tecnolog\u00eda de una forma divertida. Ideal para aficionados de todas las edades, este Mini Drone es un regalo perfecto que proporcionar\u00e1 horas de diversi\u00f3n y creatividad. \u00bfEst\u00e1s listo para volar? \u00a1Haz tu pedido hoy mismo y comienza tu aventura en el aire!<\/p>\n<\/p><\/div>\n","protected":false},"excerpt":{"rendered":"<p>\ud83d\udfe5 \u00a1NO TE LA PIERDAS! \ud83d\udfe5 #Publicidad #Amazon # \ud83d\udd34 Mini Drone \u2705 AHORA 26.08\u20ac \u20ac \u2714\ufe0f\ud83d\udfe1 \u274c Antes 111.73 \u20ac \ud83d\uded2: https:\/\/btz.es\/4HcquTd Explora el cielo con el Mini Drone, tu compa\u00f1ero ideal para aventuras a\u00e9reas. Este dron compacto e innovador, dise\u00f1ado para principiantes y expertos, te ofrece la mejor experiencia de vuelo. Con su [&hellip;]<\/p>\n","protected":false},"featured_media":4406,"template":"","meta":{"_gspb_post_css":""},"store":[],"product_brand":[],"product_cat":[16],"product_tag":[],"class_list":{"0":"post-4407","1":"product","2":"type-product","3":"status-publish","4":"has-post-thumbnail","6":"product_cat-sin-categorizar","8":"first","9":"instock","10":"shipping-taxable","11":"product-type-external"},"jetpack_sharing_enabled":true,"_links":{"self":[{"href":"https:\/\/ofertacular.com\/index.php\/wp-json\/wp\/v2\/product\/4407","targetHints":{"allow":["GET"]}}],"collection":[{"href":"https:\/\/ofertacular.com\/index.php\/wp-json\/wp\/v2\/product"}],"about":[{"href":"https:\/\/ofertacular.com\/index.php\/wp-json\/wp\/v2\/types\/product"}],"wp:featuredmedia":[{"embeddable":true,"href":"https:\/\/ofertacular.com\/index.php\/wp-json\/wp\/v2\/media\/4406"}],"wp:attachment":[{"href":"https:\/\/ofertacular.com\/index.php\/wp-json\/wp\/v2\/media?parent=4407"}],"wp:term":[{"taxonomy":"store","embeddable":true,"href":"https:\/\/ofertacular.com\/index.php\/wp-json\/wp\/v2\/store?post=4407"},{"taxonomy":"product_brand","embeddable":true,"href":"https:\/\/ofertacular.com\/index.php\/wp-json\/wp\/v2\/product_brand?post=4407"},{"taxonomy":"product_cat","embeddable":true,"href":"https:\/\/ofertacular.com\/index.php\/wp-json\/wp\/v2\/product_cat?post=4407"},{"taxonomy":"product_tag","embeddable":true,"href":"https:\/\/ofertacular.com\/index.php\/wp-json\/wp\/v2\/product_tag?post=4407"}],"curies":[{"name":"wp","href":"https:\/\/api.w.org\/{rel}","templated":true}]}}