{"id":4409,"date":"2025-03-31T17:19:11","date_gmt":"2025-03-31T15:19:11","guid":{"rendered":"https:\/\/ofertacular.com\/index.php\/producto\/galaxy-watch7\/"},"modified":"2025-03-31T17:19:11","modified_gmt":"2025-03-31T15:19:11","slug":"galaxy-watch7","status":"publish","type":"product","link":"https:\/\/ofertacular.com\/index.php\/producto\/galaxy-watch7\/","title":{"rendered":"Galaxy Watch7"},"content":{"rendered":"<div class=\"oferta-container\">\n<p>\ud83d\udfe5 <b>\u00a1S\u00d3LO HOY!<\/b> \ud83d\udfe5 #Publicidad #Amazon #16<\/p>\n<p>\ud83d\udd34 <b>Reloj Galaxy <\/b><\/p>\n<p>\u2705 <b>AHORA 179 \u20ac<\/b> \u2714\ufe0f\ud83d\udfe1<\/p>\n<p>\u274c Antes 244.38 \u20ac<\/p>\n<p>\ud83d\uded2: <a href=\"https:\/\/btz.es\/4HcqQEd\" target=\"_blank\" rel=\"nofollow noopener\">https:\/\/btz.es\/4HcqQEd<\/a><\/p>\n<p>&#8211; Entiende mejor tu cuerpo y comienza el d\u00eda de forma m\u00e1s eficiente con Energy Score, Monitoriza el sue\u00f1o, la frecuencia card\u00edaca y las actividades diarias con la puntuaci\u00f3n de energ\u00eda y planifica tu rutina cada d\u00eda. \u00bfNo has descansado bien? Quiz\u00e1s s\u00e1ltate el gimnasio y rel\u00e1jate en casa para retomar el ritmo<br \/>\n&#8211; Mejora tu rutina para irte a dormir con Sleep Tracking, Consigue una puntuaci\u00f3n diaria del sue\u00f1o, monitoriza tu frecuencia card\u00edaca cuando duermes, personaliza Sleep Coaching y mucho m\u00e1s, Comprende correctamente tus patrones nocturnos y recibe consejos para dormir mejor<br \/>\n&#8211; Lleva tu forma f\u00edsica al siguiente nivel con Galaxy Watch7, Crea tu rutina de entrenamiento id\u00f3nea con calentamientos, estiramientos y descansos entre medias, R\u00e9tate y mejora tus r\u00e9cords anteriores para mantener la motivaci\u00f3n, Registra f\u00e1cilmente el ejercicio que hagas en el agua con Water Lock Mode<br \/>\n&#8211; El nuevo procesador 3NM le da un giro a tu rutina diaria, Pasa r\u00e1pidamente de consultar el tiempo a hacer un seguimiento de tus entrenamientos en un abrir y cerrar de ojos, Adem\u00e1s, optimiza la autonom\u00eda de la bater\u00eda para que dure m\u00e1s<br \/>\n&#8211; \u00bfQu\u00e9 hay en la caja?: 1x Samsung Galaxy Watch7 Bluetooth en Beige, Cargador Micro USB, Manual de usuario y correa adicional<\/p>\n<\/p><\/div>\n","protected":false},"excerpt":{"rendered":"<p>\ud83d\udfe5 \u00a1S\u00d3LO HOY! \ud83d\udfe5 #Publicidad #Amazon #16 \ud83d\udd34 Reloj Galaxy \u2705 AHORA 179 \u20ac \u2714\ufe0f\ud83d\udfe1 \u274c Antes 244.38 \u20ac \ud83d\uded2: https:\/\/btz.es\/4HcqQEd &#8211; Entiende mejor tu cuerpo y comienza el d\u00eda de forma m\u00e1s eficiente con Energy Score, Monitoriza el sue\u00f1o, la frecuencia card\u00edaca y las actividades diarias con la puntuaci\u00f3n de energ\u00eda y planifica tu [&hellip;]<\/p>\n","protected":false},"featured_media":4408,"template":"","meta":{"_gspb_post_css":""},"store":[],"product_brand":[],"product_cat":[16],"product_tag":[],"class_list":{"0":"post-4409","1":"product","2":"type-product","3":"status-publish","4":"has-post-thumbnail","6":"product_cat-sin-categorizar","8":"first","9":"instock","10":"sale","11":"shipping-taxable","12":"product-type-external"},"jetpack_sharing_enabled":true,"_links":{"self":[{"href":"https:\/\/ofertacular.com\/index.php\/wp-json\/wp\/v2\/product\/4409","targetHints":{"allow":["GET"]}}],"collection":[{"href":"https:\/\/ofertacular.com\/index.php\/wp-json\/wp\/v2\/product"}],"about":[{"href":"https:\/\/ofertacular.com\/index.php\/wp-json\/wp\/v2\/types\/product"}],"wp:featuredmedia":[{"embeddable":true,"href":"https:\/\/ofertacular.com\/index.php\/wp-json\/wp\/v2\/media\/4408"}],"wp:attachment":[{"href":"https:\/\/ofertacular.com\/index.php\/wp-json\/wp\/v2\/media?parent=4409"}],"wp:term":[{"taxonomy":"store","embeddable":true,"href":"https:\/\/ofertacular.com\/index.php\/wp-json\/wp\/v2\/store?post=4409"},{"taxonomy":"product_brand","embeddable":true,"href":"https:\/\/ofertacular.com\/index.php\/wp-json\/wp\/v2\/product_brand?post=4409"},{"taxonomy":"product_cat","embeddable":true,"href":"https:\/\/ofertacular.com\/index.php\/wp-json\/wp\/v2\/product_cat?post=4409"},{"taxonomy":"product_tag","embeddable":true,"href":"https:\/\/ofertacular.com\/index.php\/wp-json\/wp\/v2\/product_tag?post=4409"}],"curies":[{"name":"wp","href":"https:\/\/api.w.org\/{rel}","templated":true}]}}