{"id":4415,"date":"2025-04-01T07:55:26","date_gmt":"2025-04-01T05:55:26","guid":{"rendered":"https:\/\/ofertacular.com\/index.php\/producto\/lotus-biscoff\/"},"modified":"2025-04-01T07:55:26","modified_gmt":"2025-04-01T05:55:26","slug":"lotus-biscoff","status":"publish","type":"product","link":"https:\/\/ofertacular.com\/index.php\/producto\/lotus-biscoff\/","title":{"rendered":"Lotus Biscoff"},"content":{"rendered":"<div class=\"oferta-container\">\n<p>\ud83d\udfe5 <b>\u00a1OFERTA ESPECIAL!<\/b> \ud83d\udfe5 #Publicidad #Amazon #16<\/p>\n<p>\ud83d\udd34 <b>Galletas Lotus <\/b><\/p>\n<p>\u2705 <b>AHORA 7.82 \u20ac<\/b> \u2714\ufe0f\ud83d\udfe1<\/p>\n<p>\u274c Antes 10.99 \u20ac<\/p>\n<p>\ud83d\uded2: <a href=\"https:\/\/btz.es\/4HfP1JQ\" target=\"_blank\" rel=\"nofollow noopener\">https:\/\/btz.es\/4HfP1JQ<\/a><\/p>\n<p>&#8211; LOTUS BISCOFF ES UNA GALLETA \u00daNICA, sorprendentemente crujiente con un bocado y con un sabor diferente. Su textura \u00fanica caramelizada encanta a todo el mundo<br \/>\n&#8211; EL MEJOR COMPA\u00d1ERO PARA TU CAF\u00c9. Para llevar fuera de casa y tomarlo como premio despu\u00e9s de la comida o tomarlos como un snack gourmet a cualquier hora del d\u00eda<br \/>\n&#8211; UN PU\u00d1ADO DE INGREDIENTES NATURALES. Nuestras galletas son aptas para veganos, hechas con aceite de palma de plantaciones sostenibles y certificadas. No tienen colorantes o aromas artificiales, y sin conservantes. Una receta \u00fanica desde 1932. Hechas en B\u00e9lgica<br \/>\n&#8211; PERFECTAS PARA ALMACENAR en la despensa de casa o para tenerlo a mano en la oficina como snacks para los empleados<br \/>\n&#8211; Contiene 150 galletas envueltas individualmente en una caja dispensadora<\/p>\n<\/p><\/div>\n","protected":false},"excerpt":{"rendered":"<p>\ud83d\udfe5 \u00a1OFERTA ESPECIAL! \ud83d\udfe5 #Publicidad #Amazon #16 \ud83d\udd34 Galletas Lotus \u2705 AHORA 7.82 \u20ac \u2714\ufe0f\ud83d\udfe1 \u274c Antes 10.99 \u20ac \ud83d\uded2: https:\/\/btz.es\/4HfP1JQ &#8211; LOTUS BISCOFF ES UNA GALLETA \u00daNICA, sorprendentemente crujiente con un bocado y con un sabor diferente. Su textura \u00fanica caramelizada encanta a todo el mundo &#8211; EL MEJOR COMPA\u00d1ERO PARA TU CAF\u00c9. Para [&hellip;]<\/p>\n","protected":false},"featured_media":4414,"template":"","meta":{"_gspb_post_css":""},"store":[],"product_brand":[],"product_cat":[16],"product_tag":[],"class_list":{"0":"post-4415","1":"product","2":"type-product","3":"status-publish","4":"has-post-thumbnail","6":"product_cat-sin-categorizar","8":"first","9":"instock","10":"sale","11":"shipping-taxable","12":"product-type-external"},"jetpack_sharing_enabled":true,"_links":{"self":[{"href":"https:\/\/ofertacular.com\/index.php\/wp-json\/wp\/v2\/product\/4415","targetHints":{"allow":["GET"]}}],"collection":[{"href":"https:\/\/ofertacular.com\/index.php\/wp-json\/wp\/v2\/product"}],"about":[{"href":"https:\/\/ofertacular.com\/index.php\/wp-json\/wp\/v2\/types\/product"}],"wp:featuredmedia":[{"embeddable":true,"href":"https:\/\/ofertacular.com\/index.php\/wp-json\/wp\/v2\/media\/4414"}],"wp:attachment":[{"href":"https:\/\/ofertacular.com\/index.php\/wp-json\/wp\/v2\/media?parent=4415"}],"wp:term":[{"taxonomy":"store","embeddable":true,"href":"https:\/\/ofertacular.com\/index.php\/wp-json\/wp\/v2\/store?post=4415"},{"taxonomy":"product_brand","embeddable":true,"href":"https:\/\/ofertacular.com\/index.php\/wp-json\/wp\/v2\/product_brand?post=4415"},{"taxonomy":"product_cat","embeddable":true,"href":"https:\/\/ofertacular.com\/index.php\/wp-json\/wp\/v2\/product_cat?post=4415"},{"taxonomy":"product_tag","embeddable":true,"href":"https:\/\/ofertacular.com\/index.php\/wp-json\/wp\/v2\/product_tag?post=4415"}],"curies":[{"name":"wp","href":"https:\/\/api.w.org\/{rel}","templated":true}]}}