{"id":4423,"date":"2025-04-01T12:59:23","date_gmt":"2025-04-01T10:59:23","guid":{"rendered":"https:\/\/ofertacular.com\/index.php\/producto\/beurer-em49\/"},"modified":"2025-04-01T12:59:23","modified_gmt":"2025-04-01T10:59:23","slug":"beurer-em49","status":"publish","type":"product","link":"https:\/\/ofertacular.com\/index.php\/producto\/beurer-em49\/","title":{"rendered":"Beurer EM49"},"content":{"rendered":"<div class=\"oferta-container\">\n<p>\ud83d\udfe5 <b>\u00a1GANGAZO!<\/b> \ud83d\udfe5 #Publicidad #Amazon #16<\/p>\n<p>\ud83d\udd34 <b>Estimulador Beurer <\/b><\/p>\n<p>\u2705 <b>AHORA 46.7 \u20ac<\/b> \u2714\ufe0f\ud83d\udfe1<\/p>\n<p>\u274c Antes 54.99 \u20ac<\/p>\n<p>\ud83d\uded2: <a href=\"https:\/\/btz.es\/4HhdYdo\" target=\"_blank\" rel=\"nofollow noopener\">https:\/\/btz.es\/4HhdYdo<\/a><\/p>\n<p>&#8211; DISPOSITIVO DE CORRIENTE DE ESTIMULACI\u00d3N: Soluci\u00f3n 3 en 1 para terapia del dolor, estimulaci\u00f3n muscular y masaje con 2 canales ajustables por separado y 4 electrodos adhesivos<br \/>\n&#8211; TERAPIA DEL DOLOR: El EM 49 alivia el dolor mediante la estimulaci\u00f3n nerviosa el\u00e9ctrica transcut\u00e1nea TENS, act\u00faa directamente sobre la zona dolorida sin medicaci\u00f3n ni efectos secundarios<br \/>\n&#8211; ESTIMULACI\u00d3N MUSCULAR EL\u00c9CTRICA: El dispositivo de corriente de estimulaci\u00f3n tambi\u00e9n dispone de una funci\u00f3n EMS que puedes utilizar para tonificar los m\u00fasculos o regenerar grupos musculares individuales.<br \/>\n&#8211; FUNCI\u00d3N DE MASAJE: Dispone de un total de 20 programas de masaje para aliviar la tensi\u00f3n o acelerar la regeneraci\u00f3n muscular<br \/>\n&#8211; SEGURIDAD DE USO: El dispositivo m\u00e9dico te ofrece una \u00abfunci\u00f3n de m\u00e9dico\u00bb con programas personalizables para una coordinaci\u00f3n ideal con su programa de terapia personal<\/p>\n<\/p><\/div>\n","protected":false},"excerpt":{"rendered":"<p>\ud83d\udfe5 \u00a1GANGAZO! \ud83d\udfe5 #Publicidad #Amazon #16 \ud83d\udd34 Estimulador Beurer \u2705 AHORA 46.7 \u20ac \u2714\ufe0f\ud83d\udfe1 \u274c Antes 54.99 \u20ac \ud83d\uded2: https:\/\/btz.es\/4HhdYdo &#8211; DISPOSITIVO DE CORRIENTE DE ESTIMULACI\u00d3N: Soluci\u00f3n 3 en 1 para terapia del dolor, estimulaci\u00f3n muscular y masaje con 2 canales ajustables por separado y 4 electrodos adhesivos &#8211; TERAPIA DEL DOLOR: El EM 49 [&hellip;]<\/p>\n","protected":false},"featured_media":4422,"template":"","meta":{"_gspb_post_css":""},"store":[],"product_brand":[],"product_cat":[16],"product_tag":[],"class_list":{"0":"post-4423","1":"product","2":"type-product","3":"status-publish","4":"has-post-thumbnail","6":"product_cat-sin-categorizar","8":"first","9":"instock","10":"sale","11":"shipping-taxable","12":"product-type-external"},"jetpack_sharing_enabled":true,"_links":{"self":[{"href":"https:\/\/ofertacular.com\/index.php\/wp-json\/wp\/v2\/product\/4423","targetHints":{"allow":["GET"]}}],"collection":[{"href":"https:\/\/ofertacular.com\/index.php\/wp-json\/wp\/v2\/product"}],"about":[{"href":"https:\/\/ofertacular.com\/index.php\/wp-json\/wp\/v2\/types\/product"}],"wp:featuredmedia":[{"embeddable":true,"href":"https:\/\/ofertacular.com\/index.php\/wp-json\/wp\/v2\/media\/4422"}],"wp:attachment":[{"href":"https:\/\/ofertacular.com\/index.php\/wp-json\/wp\/v2\/media?parent=4423"}],"wp:term":[{"taxonomy":"store","embeddable":true,"href":"https:\/\/ofertacular.com\/index.php\/wp-json\/wp\/v2\/store?post=4423"},{"taxonomy":"product_brand","embeddable":true,"href":"https:\/\/ofertacular.com\/index.php\/wp-json\/wp\/v2\/product_brand?post=4423"},{"taxonomy":"product_cat","embeddable":true,"href":"https:\/\/ofertacular.com\/index.php\/wp-json\/wp\/v2\/product_cat?post=4423"},{"taxonomy":"product_tag","embeddable":true,"href":"https:\/\/ofertacular.com\/index.php\/wp-json\/wp\/v2\/product_tag?post=4423"}],"curies":[{"name":"wp","href":"https:\/\/api.w.org\/{rel}","templated":true}]}}