{"id":4425,"date":"2025-04-01T16:40:28","date_gmt":"2025-04-01T14:40:28","guid":{"rendered":"https:\/\/ofertacular.com\/index.php\/producto\/power-bank-3\/"},"modified":"2025-04-01T16:40:28","modified_gmt":"2025-04-01T14:40:28","slug":"power-bank-3","status":"publish","type":"product","link":"https:\/\/ofertacular.com\/index.php\/producto\/power-bank-3\/","title":{"rendered":"Power Bank"},"content":{"rendered":"<div class=\"oferta-container\">\n<p>\ud83d\udfe5 <b>\u00a1APROVECHA!<\/b> \ud83d\udfe5 #Publicidad #Amazon #1<\/p>\n<p>\ud83d\udd34 <b>Power Bank <\/b><\/p>\n<p>\u2705 <b>AHORA 9.99 \u20ac<\/b> \u2714\ufe0f\ud83d\udfe1<\/p>\n<p>\u274c Antes 99.99 \u20ac<\/p>\n<p>\ud83d\uded2: <a href=\"https:\/\/btz.es\/4HhXCoA\" target=\"_blank\" rel=\"nofollow noopener\">https:\/\/btz.es\/4HhXCoA<\/a><\/p>\n<p>&#8211; Carga r\u00e1pida de 22,5 W: Esta power bank cuenta con un chip inteligente de carga r\u00e1pida y es compatible con los protocolos QC3.0, PD3.0\/FCP\/PE\/SFCP. Ajusta autom\u00e1ticamente el voltaje seg\u00fan el dispositivo y proporciona la m\u00e1xima corriente de precarga, garantizando una carga r\u00e1pida. La mayor\u00eda de los tel\u00e9fonos pueden cargarse del 0% al 60% en 30 minutos, reduciendo su tiempo de espera y ayud\u00e1ndole a liberar la ansiedad por la bater\u00eda.<br \/>\n&#8211; 3 salidas y 2 entradas: Esta bater\u00eda externa cuenta con 3 puertos de salida, lo que permite cargar hasta 3 dispositivos al mismo tiempo, ya sea un tel\u00e9fono, una tableta o unos auriculares, satisfaciendo sus necesidades de una sola vez. Esta bateria externa tambi\u00e9n admite 2 m\u00e9todos de entrada, permitiendo elegir el cable apropiado para una carga r\u00e1pida. Adem\u00e1s, su dise\u00f1o \u00fanico permite cargar otros dispositivos mientras se recarga el banco de energ\u00eda, asegurando que todo est\u00e9 listo al mismo tiempo<br \/>\n&#8211; Dise\u00f1o compacto de 10,000 mAh: Este cargador portatil combina alta capacidad y comodidad. Su dise\u00f1o hace que quepa f\u00e1cilmente en cualquier bolsillo o bolso, y su fuente de alimentaci\u00f3n de 10,000 mAh cubre todas tus necesidades energ\u00e9ticas durante todo el d\u00eda. Puede cargar el iPhone 15 Pro Max 1,5 veces, el iPad mini 6 1,2 veces y el Samsung S23 1,9 veces. Adem\u00e1s, incluye una pantalla LED que muestra la energ\u00eda restante, asegurando una carga oportuna. Ideal para viajes o actividades al aire libre<br \/>\n&#8211; Entrada y salida USB-C: Este bater\u00eda externa carga rapida tiene un puerto USB-C multifunci\u00f3n, admite entrada y salida bidireccional, y es perfectamente compatible con su iPhone, iPad y otros dispositivos USB-C, como Huawei, Samsung, Pixel, Nexus y todos los dispositivos USB-C futuros. Ya sea que est\u00e9s cargando un banco de energ\u00eda o alimentando un dispositivo, todo lo que necesitas es un cable USB-C para simplificar tu vida y cargar tus dispositivos<br \/>\n&#8211; Sistema de m\u00faltiples protecciones: Este cargador port\u00e1til cuenta con m\u00faltiples funciones de protecci\u00f3n, incluyendo protecci\u00f3n contra la sobre descarga, protecci\u00f3n contra sobre corriente, protecci\u00f3n contra cortocircuitos, protecci\u00f3n contra conexiones cortas y protecci\u00f3n t\u00e9rmica. Estas caracter\u00edsticas pueden proteger eficazmente sus dispositivos de da\u00f1os, prolongar su vida \u00fatil y garantizar la seguridad el\u00e9ctrica.<\/p>\n<\/p><\/div>\n","protected":false},"excerpt":{"rendered":"<p>\ud83d\udfe5 \u00a1APROVECHA! \ud83d\udfe5 #Publicidad #Amazon #1 \ud83d\udd34 Power Bank \u2705 AHORA 9.99 \u20ac \u2714\ufe0f\ud83d\udfe1 \u274c Antes 99.99 \u20ac \ud83d\uded2: https:\/\/btz.es\/4HhXCoA &#8211; Carga r\u00e1pida de 22,5 W: Esta power bank cuenta con un chip inteligente de carga r\u00e1pida y es compatible con los protocolos QC3.0, PD3.0\/FCP\/PE\/SFCP. Ajusta autom\u00e1ticamente el voltaje seg\u00fan el dispositivo y proporciona la [&hellip;]<\/p>\n","protected":false},"featured_media":4424,"template":"","meta":{"_gspb_post_css":""},"store":[],"product_brand":[],"product_cat":[16],"product_tag":[],"class_list":{"0":"post-4425","1":"product","2":"type-product","3":"status-publish","4":"has-post-thumbnail","6":"product_cat-sin-categorizar","8":"first","9":"instock","10":"sale","11":"shipping-taxable","12":"product-type-external"},"jetpack_sharing_enabled":true,"_links":{"self":[{"href":"https:\/\/ofertacular.com\/index.php\/wp-json\/wp\/v2\/product\/4425","targetHints":{"allow":["GET"]}}],"collection":[{"href":"https:\/\/ofertacular.com\/index.php\/wp-json\/wp\/v2\/product"}],"about":[{"href":"https:\/\/ofertacular.com\/index.php\/wp-json\/wp\/v2\/types\/product"}],"wp:featuredmedia":[{"embeddable":true,"href":"https:\/\/ofertacular.com\/index.php\/wp-json\/wp\/v2\/media\/4424"}],"wp:attachment":[{"href":"https:\/\/ofertacular.com\/index.php\/wp-json\/wp\/v2\/media?parent=4425"}],"wp:term":[{"taxonomy":"store","embeddable":true,"href":"https:\/\/ofertacular.com\/index.php\/wp-json\/wp\/v2\/store?post=4425"},{"taxonomy":"product_brand","embeddable":true,"href":"https:\/\/ofertacular.com\/index.php\/wp-json\/wp\/v2\/product_brand?post=4425"},{"taxonomy":"product_cat","embeddable":true,"href":"https:\/\/ofertacular.com\/index.php\/wp-json\/wp\/v2\/product_cat?post=4425"},{"taxonomy":"product_tag","embeddable":true,"href":"https:\/\/ofertacular.com\/index.php\/wp-json\/wp\/v2\/product_tag?post=4425"}],"curies":[{"name":"wp","href":"https:\/\/api.w.org\/{rel}","templated":true}]}}